{"id":10395,"date":"2019-08-29T16:27:53","date_gmt":"2019-08-29T14:27:53","guid":{"rendered":"http:\/\/centesimusannus-stg.catholica.va\/?page_id=10395"},"modified":"2021-12-14T10:47:41","modified_gmt":"2021-12-14T09:47:41","slug":"23rd-march-2019-spiritual-retreat-in-villa-cagnola-in-gazzada","status":"publish","type":"page","link":"https:\/\/centesimusannus-stg.catholica.va\/en\/activities\/local\/italy\/milan\/23rd-march-2019-spiritual-retreat-in-villa-cagnola-in-gazzada\/","title":{"rendered":"23rd March 2019: Spiritual retreat in Villa Cagnola in Gazzada"},"content":{"rendered":"<p>Carissimi,<\/p>\n<p>il prossimo 23 marzo si terr\u00e0 l&#8217;annuale ritiro spirituale del Chapter di Milano della Fondazione Centesimus Annus. Come \u00e8 ormai consuetudine da alcuni anni la sede sar\u00e0 Villa Cagnola a Gazzada (VA).<\/p>\n<p>D&#8217;intesa con Francesco Sansone, Coordinatore della Fondazione per la Regione Lombardia, abbiamo il piacere di estendere l&#8217;invito a partecipare al ritiro a tutti gli aderenti alla Fondazione della Lombardia.<\/p>\n<p>Il ritiro avr\u00e0 inizio alle ore 15.00 e si chiuder\u00e0 in serata con la cena presso la stessa struttura.<\/p>\n<p>Questo il programma:<\/p>\n<p>&#8211; ore 14.30\/15.00 ritrovo presso Villa Cagnola a Gazzada (VA), Via Cagnola 21<br \/>\n&#8211; ore 15.00 circa inizio attivit\u00e0<br \/>\n&#8211; ore 16.00 circa meditazione guidata dal nostro Assistente Ecclesiastico Don Walter Magnoni<br \/>\n&#8211; a seguire S. Messa presso la chiesa della Villa.<br \/>\n&#8211; ore 19.30\/20.00 cena presso il ristorante della Villa<br \/>\nIl costo complessivo \u00e8 di 35 Euro a Persona.<\/p>\n<p>Un caro saluto<br \/>\nPiero Candido Tagliabue<br \/>\nSegretario Coordinatore Chapter di Milano FCAPP<\/p>\n","protected":false},"excerpt":{"rendered":"<p>Carissimi, il prossimo 23 marzo si terr\u00e0 l&#8217;annuale ritiro spirituale del Chapter di Milano della Fondazione Centesimus Annus. Come \u00e8 ormai consuetudine da alcuni anni la sede sar\u00e0 Villa Cagnola a Gazzada (VA). D&#8217;intesa con Francesco Sansone, Coordinatore della Fondazione per la Regione Lombardia, abbiamo il piacere di estendere l&#8217;invito a partecipare al ritiro a tutti gli aderenti alla Fondazione della Lombardia. Il ritiro avr\u00e0 inizio alle ore 15.00 e si chiuder\u00e0 in serata con la cena presso la stessa struttura. Questo il programma: &#8211; ore 14.30\/15.00 ritrovo presso Villa Cagnola a Gazzada (VA), Via Cagnola 21 &#8211; ore 15.00&#8230;<\/p>\n","protected":false},"author":2,"featured_media":0,"parent":14929,"menu_order":1,"comment_status":"closed","ping_status":"closed","template":"","meta":[],"categories":[],"tags":[312],"_links":{"self":[{"href":"https:\/\/centesimusannus-stg.catholica.va\/en\/wp-json\/wp\/v2\/pages\/10395"}],"collection":[{"href":"https:\/\/centesimusannus-stg.catholica.va\/en\/wp-json\/wp\/v2\/pages"}],"about":[{"href":"https:\/\/centesimusannus-stg.catholica.va\/en\/wp-json\/wp\/v2\/types\/page"}],"author":[{"embeddable":true,"href":"https:\/\/centesimusannus-stg.catholica.va\/en\/wp-json\/wp\/v2\/users\/2"}],"replies":[{"embeddable":true,"href":"https:\/\/centesimusannus-stg.catholica.va\/en\/wp-json\/wp\/v2\/comments?post=10395"}],"version-history":[{"count":0,"href":"https:\/\/centesimusannus-stg.catholica.va\/en\/wp-json\/wp\/v2\/pages\/10395\/revisions"}],"up":[{"embeddable":true,"href":"https:\/\/centesimusannus-stg.catholica.va\/en\/wp-json\/wp\/v2\/pages\/14929"}],"wp:attachment":[{"href":"https:\/\/centesimusannus-stg.catholica.va\/en\/wp-json\/wp\/v2\/media?parent=10395"}],"wp:term":[{"taxonomy":"category","embeddable":true,"href":"https:\/\/centesimusannus-stg.catholica.va\/en\/wp-json\/wp\/v2\/categories?post=10395"},{"taxonomy":"post_tag","embeddable":true,"href":"https:\/\/centesimusannus-stg.catholica.va\/en\/wp-json\/wp\/v2\/tags?post=10395"}],"curies":[{"name":"wp","href":"https:\/\/api.w.org\/{rel}","templated":true}]}}