{"id":10398,"date":"2019-08-29T16:32:40","date_gmt":"2019-08-29T14:32:40","guid":{"rendered":"http:\/\/centesimusannus-stg.catholica.va\/?page_id=10398"},"modified":"2021-12-14T10:48:31","modified_gmt":"2021-12-14T09:48:31","slug":"8th-april-2019-next-meeting-milan-chapter-think-tank-innovative-entrepreneurship-development","status":"publish","type":"page","link":"https:\/\/centesimusannus-stg.catholica.va\/en\/activities\/local\/italy\/milan\/8th-april-2019-next-meeting-milan-chapter-think-tank-innovative-entrepreneurship-development\/","title":{"rendered":"8th April 2019 Next meeting Milan Chapter &#8211; Think Tank &#8220;Innovative Entrepreneurship Development&#8221;"},"content":{"rendered":"<div>\n<p class=\"yiv6797155246MsoNormal\">Carissimi,<\/p>\n<p class=\"yiv6797155246MsoNormal\">Vi comunico che, come da programma, il prossimo 8 aprile dalle 18.15 alle 20.00 circa si terr\u00e0 la riunione del Chapter di Milano. Come di consueto la sede sar\u00e0 la sala riunioni Oratorio presso la chiesa di San Giorgio al Palazzo.<\/p>\n<\/div>\n<div>\n<p class=\"yiv6797155246MsoNormal\">Sar\u00e0 una importante riunione in quanto dovr\u00e0 servire a deliberare il documento sul quale abbiamo lavorato nell&#8217;ultimo anno. Subito dopo tale documento verr\u00e0 inviato a Roma\u00a0e costituir\u00e0 il nostro contributo alla discussione nell&#8217;ambito della Convention Internazionale che si terr\u00e0 a Giugno.<\/p>\n<\/div>\n<div>\n<p class=\"yiv6797155246MsoNormal\">Con l&#8217;occasione vi invio in allegato <a href=\"https:\/\/centesimusannus-stg.catholica.va\/wp-content\/uploads\/2019\/08\/Locandina-Convegno-Think-Tank-2-Aprile-2019-1.pdf\" target=\"_blank\" rel=\"noopener\">la locandina<\/a> del primo di una serie di incontri che si terranno nell&#8217;ambito di una importante iniziativa realizzata dalla Universit\u00e0 Cattolica e da ProSpera. Si tratta di un Think Tank che prende le mosse il <b>prossimo 2 aprile<\/b> e ha per titolo &#8220;Sviluppo Imprenditorialit\u00e0 innovativa&#8221;. Il percorso che vedr\u00e0 il coinvolgimento di imprenditori e Manager inizier\u00e0 con una conferenza sul tema &#8220;Generare valore sociale: il lavoro di fare impresa&#8221; che<b> si svolger\u00e0 dalle ore 14.30 alle 17.30 presso l&#8217;Aula Pio XI dell&#8217;Universit\u00e0 Cattolica in Largo Gemelli 1.<\/b><\/p>\n<\/div>\n<div>\n<p class=\"yiv6797155246MsoNormal\">L&#8217;invito \u00e8 esteso a tutti gli aderenti del nostro Chapter.<\/p>\n<\/div>\n<div>\n<p class=\"yiv6797155246MsoNormal\">Un caro saluto<\/p>\n<\/div>\n<div>\n<p>Piero Candido Tagliabue<\/p>\n<p>Segretario Coordinatore Chapter di Milano FCAPP<\/p>\n<\/div>\n","protected":false},"excerpt":{"rendered":"<p>Carissimi, Vi comunico che, come da programma, il prossimo 8 aprile dalle 18.15 alle 20.00 circa si terr\u00e0 la riunione del Chapter di Milano. Come di consueto la sede sar\u00e0 la sala riunioni Oratorio presso la chiesa di San Giorgio al Palazzo. Sar\u00e0 una importante riunione in quanto dovr\u00e0 servire a deliberare il documento sul quale abbiamo lavorato nell&#8217;ultimo anno. Subito dopo tale documento verr\u00e0 inviato a Roma\u00a0e costituir\u00e0 il nostro contributo alla discussione nell&#8217;ambito della Convention Internazionale che si terr\u00e0 a Giugno. Con l&#8217;occasione vi invio in allegato la locandina del primo di una serie di incontri che si&#8230;<\/p>\n","protected":false},"author":2,"featured_media":0,"parent":14929,"menu_order":1,"comment_status":"closed","ping_status":"closed","template":"","meta":[],"categories":[],"tags":[312],"_links":{"self":[{"href":"https:\/\/centesimusannus-stg.catholica.va\/en\/wp-json\/wp\/v2\/pages\/10398"}],"collection":[{"href":"https:\/\/centesimusannus-stg.catholica.va\/en\/wp-json\/wp\/v2\/pages"}],"about":[{"href":"https:\/\/centesimusannus-stg.catholica.va\/en\/wp-json\/wp\/v2\/types\/page"}],"author":[{"embeddable":true,"href":"https:\/\/centesimusannus-stg.catholica.va\/en\/wp-json\/wp\/v2\/users\/2"}],"replies":[{"embeddable":true,"href":"https:\/\/centesimusannus-stg.catholica.va\/en\/wp-json\/wp\/v2\/comments?post=10398"}],"version-history":[{"count":0,"href":"https:\/\/centesimusannus-stg.catholica.va\/en\/wp-json\/wp\/v2\/pages\/10398\/revisions"}],"up":[{"embeddable":true,"href":"https:\/\/centesimusannus-stg.catholica.va\/en\/wp-json\/wp\/v2\/pages\/14929"}],"wp:attachment":[{"href":"https:\/\/centesimusannus-stg.catholica.va\/en\/wp-json\/wp\/v2\/media?parent=10398"}],"wp:term":[{"taxonomy":"category","embeddable":true,"href":"https:\/\/centesimusannus-stg.catholica.va\/en\/wp-json\/wp\/v2\/categories?post=10398"},{"taxonomy":"post_tag","embeddable":true,"href":"https:\/\/centesimusannus-stg.catholica.va\/en\/wp-json\/wp\/v2\/tags?post=10398"}],"curies":[{"name":"wp","href":"https:\/\/api.w.org\/{rel}","templated":true}]}}