{"id":10563,"date":"2019-09-09T09:40:23","date_gmt":"2019-09-09T07:40:23","guid":{"rendered":"http:\/\/centesimusannus-stg.catholica.va\/?page_id=10563"},"modified":"2021-12-14T12:15:13","modified_gmt":"2021-12-14T11:15:13","slug":"autumn-2019-meeting-dates","status":"publish","type":"page","link":"https:\/\/centesimusannus-stg.catholica.va\/en\/activities\/local\/italy\/rome\/autumn-2019-meeting-dates\/","title":{"rendered":"Autumn 2019: meeting dates"},"content":{"rendered":"<p class=\"yiv4327669038msonormal\"><span style=\"font-size: 11.0pt; font-family: 'Book Antiqua',serif; color: #1f497d;\">\u00a0<\/span>Carissimi,<\/p>\n<p class=\"yiv4327669038msonormal\">\u00a0mi auguro che abbiate passato bene il periodo estivo.<\/p>\n<p class=\"yiv4327669038msonormal\">\u00a0Riprende anche l&#8217;attivit\u00e0 del Gruppo di Roma nella quale abbiamo l&#8217;obiettivo di avviare Nuove Strategia; Nuove Iniziative e di attivare Nuove Controparti aumentando il coinvolgimento di chi lo vorr\u00e0 nello svolgimento operativo.<\/p>\n<p class=\"yiv4327669038msonormal\">Le Date dei Nostri prossimi incontri <span style=\"color: #1f497d;\">&#8211; <\/span>sempre aventi inizio alle ore 19:00 <span style=\"color: #1f497d;\">&#8211; <\/span>sono:<\/p>\n<p class=\"yiv4327669038msonormal\"><b>1) Luned\u00ec 30 Settembre 2019<\/b><\/p>\n<p class=\"yiv4327669038msonormal\"><b>2) Luned\u00ec 28 Ottobre 2019<\/b><\/p>\n<p class=\"yiv4327669038msonormal\"><b>3) Luned\u00ec 25 Novembre 2019<\/b><\/p>\n<p class=\"yiv4327669038msonormal\"><b>4) Messa di Natale (Data da decidere)<\/b><\/p>\n<p class=\"yiv4327669038msonormal\">A presto.<\/p>\n<p class=\"yiv4327669038msonormal\">Un caro saluto<\/p>\n<p><span style=\"color: black;\">Mauro Cervini<\/span><\/p>\n<p><span style=\"color: black;\">Referente di Roma\u00a0<\/span><\/p>\n<p><span style=\"color: black;\">Fondazione Centesimus Annus Pro- Pontifice<\/span><\/p>\n","protected":false},"excerpt":{"rendered":"<p>\u00a0Carissimi, \u00a0mi auguro che abbiate passato bene il periodo estivo. \u00a0Riprende anche l&#8217;attivit\u00e0 del Gruppo di Roma nella quale abbiamo l&#8217;obiettivo di avviare Nuove Strategia; Nuove Iniziative e di attivare Nuove Controparti aumentando il coinvolgimento di chi lo vorr\u00e0 nello svolgimento operativo. Le Date dei Nostri prossimi incontri &#8211; sempre aventi inizio alle ore 19:00 &#8211; sono: 1) Luned\u00ec 30 Settembre 2019 2) Luned\u00ec 28 Ottobre 2019 3) Luned\u00ec 25 Novembre 2019 4) Messa di Natale (Data da decidere) A presto. Un caro saluto Mauro Cervini Referente di Roma\u00a0 Fondazione Centesimus Annus Pro- Pontifice<\/p>\n","protected":false},"author":2,"featured_media":0,"parent":15027,"menu_order":0,"comment_status":"closed","ping_status":"closed","template":"","meta":[],"categories":[32],"tags":[321],"_links":{"self":[{"href":"https:\/\/centesimusannus-stg.catholica.va\/en\/wp-json\/wp\/v2\/pages\/10563"}],"collection":[{"href":"https:\/\/centesimusannus-stg.catholica.va\/en\/wp-json\/wp\/v2\/pages"}],"about":[{"href":"https:\/\/centesimusannus-stg.catholica.va\/en\/wp-json\/wp\/v2\/types\/page"}],"author":[{"embeddable":true,"href":"https:\/\/centesimusannus-stg.catholica.va\/en\/wp-json\/wp\/v2\/users\/2"}],"replies":[{"embeddable":true,"href":"https:\/\/centesimusannus-stg.catholica.va\/en\/wp-json\/wp\/v2\/comments?post=10563"}],"version-history":[{"count":0,"href":"https:\/\/centesimusannus-stg.catholica.va\/en\/wp-json\/wp\/v2\/pages\/10563\/revisions"}],"up":[{"embeddable":true,"href":"https:\/\/centesimusannus-stg.catholica.va\/en\/wp-json\/wp\/v2\/pages\/15027"}],"wp:attachment":[{"href":"https:\/\/centesimusannus-stg.catholica.va\/en\/wp-json\/wp\/v2\/media?parent=10563"}],"wp:term":[{"taxonomy":"category","embeddable":true,"href":"https:\/\/centesimusannus-stg.catholica.va\/en\/wp-json\/wp\/v2\/categories?post=10563"},{"taxonomy":"post_tag","embeddable":true,"href":"https:\/\/centesimusannus-stg.catholica.va\/en\/wp-json\/wp\/v2\/tags?post=10563"}],"curies":[{"name":"wp","href":"https:\/\/api.w.org\/{rel}","templated":true}]}}