{"id":10574,"date":"2019-09-09T15:16:48","date_gmt":"2019-09-09T13:16:48","guid":{"rendered":"http:\/\/centesimusannus-stg.catholica.va\/?page_id=10574"},"modified":"2021-12-14T10:47:27","modified_gmt":"2021-12-14T09:47:27","slug":"september-16th-2019-milan-chapter-meeting","status":"publish","type":"page","link":"https:\/\/centesimusannus-stg.catholica.va\/en\/activities\/local\/italy\/milan\/september-16th-2019-milan-chapter-meeting\/","title":{"rendered":"September 16th, 2019: Milan Chapter meeting"},"content":{"rendered":"<p>Carissimi,<\/p>\n<p>ci apprestiamo a riprendere l&#8217;attivit\u00e0 del nostro Chapter dopo la pausa estiva che spero abbiate trascorso serenamente. La prossima riunione si terr\u00e0 luned\u00ec 16 settembre p.v. Come di consueto l&#8217;incontro avr\u00e0 luogo dalle ore 18.15 alle 20.00 presso la sala riunioni &#8220;Oratorio&#8221; adiacente alla chiesa di San Giorgio al Palazzo.<\/p>\n<p>Anche quest&#8217;anno al centro della nostra attivit\u00e0 vi sar\u00e0 il lavoro di approfondimento dei temi su cui si incentrer\u00e0 la Convention Internazionale di Roma del prossimo anno. A questo riguardo \u00e8 stato diffuso il documento che illustra i tema guida e che sar\u00e0 alla base dei nostri prossimi incontri <a href=\"https:\/\/centesimusannus-stg.catholica.va\/wp-content\/uploads\/2019\/09\/Tema-guida-per-2019-2020-DEF15384-1.pdf\" target=\"_blank\" rel=\"noopener\">(in allegato)<\/a>.<\/p>\n<p>Un caro saluto.<\/p>\n<p>Piero Candido Tagliabue<\/p>\n<p>Segretario Coordinatore Chapter di Milano FCAPP<\/p>\n<p>&nbsp;<\/p>\n","protected":false},"excerpt":{"rendered":"<p>Carissimi, ci apprestiamo a riprendere l&#8217;attivit\u00e0 del nostro Chapter dopo la pausa estiva che spero abbiate trascorso serenamente. La prossima riunione si terr\u00e0 luned\u00ec 16 settembre p.v. Come di consueto l&#8217;incontro avr\u00e0 luogo dalle ore 18.15 alle 20.00 presso la sala riunioni &#8220;Oratorio&#8221; adiacente alla chiesa di San Giorgio al Palazzo. Anche quest&#8217;anno al centro della nostra attivit\u00e0 vi sar\u00e0 il lavoro di approfondimento dei temi su cui si incentrer\u00e0 la Convention Internazionale di Roma del prossimo anno. A questo riguardo \u00e8 stato diffuso il documento che illustra i tema guida e che sar\u00e0 alla base dei nostri prossimi incontri&#8230;<\/p>\n","protected":false},"author":2,"featured_media":0,"parent":14929,"menu_order":0,"comment_status":"closed","ping_status":"closed","template":"","meta":[],"categories":[],"tags":[312],"_links":{"self":[{"href":"https:\/\/centesimusannus-stg.catholica.va\/en\/wp-json\/wp\/v2\/pages\/10574"}],"collection":[{"href":"https:\/\/centesimusannus-stg.catholica.va\/en\/wp-json\/wp\/v2\/pages"}],"about":[{"href":"https:\/\/centesimusannus-stg.catholica.va\/en\/wp-json\/wp\/v2\/types\/page"}],"author":[{"embeddable":true,"href":"https:\/\/centesimusannus-stg.catholica.va\/en\/wp-json\/wp\/v2\/users\/2"}],"replies":[{"embeddable":true,"href":"https:\/\/centesimusannus-stg.catholica.va\/en\/wp-json\/wp\/v2\/comments?post=10574"}],"version-history":[{"count":0,"href":"https:\/\/centesimusannus-stg.catholica.va\/en\/wp-json\/wp\/v2\/pages\/10574\/revisions"}],"up":[{"embeddable":true,"href":"https:\/\/centesimusannus-stg.catholica.va\/en\/wp-json\/wp\/v2\/pages\/14929"}],"wp:attachment":[{"href":"https:\/\/centesimusannus-stg.catholica.va\/en\/wp-json\/wp\/v2\/media?parent=10574"}],"wp:term":[{"taxonomy":"category","embeddable":true,"href":"https:\/\/centesimusannus-stg.catholica.va\/en\/wp-json\/wp\/v2\/categories?post=10574"},{"taxonomy":"post_tag","embeddable":true,"href":"https:\/\/centesimusannus-stg.catholica.va\/en\/wp-json\/wp\/v2\/tags?post=10574"}],"curies":[{"name":"wp","href":"https:\/\/api.w.org\/{rel}","templated":true}]}}