{"id":10809,"date":"2019-10-29T13:28:10","date_gmt":"2019-10-29T12:28:10","guid":{"rendered":"http:\/\/centesimusannus-stg.catholica.va\/?page_id=10809"},"modified":"2021-12-14T10:56:23","modified_gmt":"2021-12-14T09:56:23","slug":"november-8th-2019-at-18-00-meeting-trento-group","status":"publish","type":"page","link":"https:\/\/centesimusannus-stg.catholica.va\/en\/activities\/local\/italy\/trento\/november-8th-2019-at-18-00-meeting-trento-group\/","title":{"rendered":"November 8th, 2019 at 18.00 \u2013 Meeting Trento Group"},"content":{"rendered":"<p class=\"yiv1114157176msonormal\"><span style=\"font-family: 'Book Antiqua',serif;\">Carissimi,<\/span><\/p>\n<p class=\"yiv1114157176msonormal\"><span style=\"font-family: 'Book Antiqua',serif;\">Come stabilito nel nostro ultimo incontro il 9 ottobre scorso, ci incontreremo<b><u> Venerd\u00ec 8 novembre 2019 alle ore 18.00 presso l\u2019ISA<\/u> <\/b>(in via Adriano Olivetti 36, al quartiere Le Albere di Trento), per \u00a0continuare l\u2019approfondimento dell\u2019Enciclica di Papa Francesco Laudato S\u00ec<span style=\"color: #1f497d;\">,<\/span> con il nostro Assistente Ecclesiastico Diocesano Prof. Don Bruno Tomasi.<\/span><\/p>\n<p class=\"yiv1114157176msonormal\"><span style=\"font-family: 'Book Antiqua',serif;\">Vi anticipo inoltre che <b><u>l\u2019Arcivescovo Lauro Tisi presieder\u00e0 la messa prenatalizia per il nostro gruppo mercoled\u00ec 11 dicembre<\/u><\/b><u> <b>alle 19.00<\/b><\/u> presso la Chiesa della Santissima Annunziata (in via Rodolfo Belenzani 53), alla quale seguir\u00e0 un incontro conviviale.<\/span><\/p>\n<p class=\"yiv1114157176msonormal\"><b><u><span style=\"font-family: 'Book Antiqua',serif;\">Per motivi organizzativi, vi chiederei gentile conferma alla presente mail o alla segretaria del dr. Giorgio Franceschi, Signora Cristina Eliskases (<a href=\"mailto:eliskases@isa.tn.it\" target=\"_blank\" rel=\"noopener\">eliskases@isa.tn.it<\/a>).<\/span><\/u><\/b><\/p>\n<p class=\"yiv1114157176msonormal\"><span style=\"font-family: 'Book Antiqua',serif;\">Cordiali saluti.<\/span><\/p>\n<p class=\"yiv1114157176msonormal\"><span style=\"font-family: 'Book Antiqua',serif;\">Rocco Cerone<\/span><\/p>\n<p class=\"yiv1114157176msonormal\"><span style=\"font-family: 'Book Antiqua',serif;\">Referente FCAPP Trento<\/span><\/p>\n<p>&nbsp;<\/p>\n","protected":false},"excerpt":{"rendered":"<p>Carissimi, Come stabilito nel nostro ultimo incontro il 9 ottobre scorso, ci incontreremo Venerd\u00ec 8 novembre 2019 alle ore 18.00 presso l\u2019ISA (in via Adriano Olivetti 36, al quartiere Le Albere di Trento), per \u00a0continuare l\u2019approfondimento dell\u2019Enciclica di Papa Francesco Laudato S\u00ec, con il nostro Assistente Ecclesiastico Diocesano Prof. Don Bruno Tomasi. Vi anticipo inoltre che l\u2019Arcivescovo Lauro Tisi presieder\u00e0 la messa prenatalizia per il nostro gruppo mercoled\u00ec 11 dicembre alle 19.00 presso la Chiesa della Santissima Annunziata (in via Rodolfo Belenzani 53), alla quale seguir\u00e0 un incontro conviviale. Per motivi organizzativi, vi chiederei gentile conferma alla presente mail o&#8230;<\/p>\n","protected":false},"author":2,"featured_media":0,"parent":14975,"menu_order":0,"comment_status":"closed","ping_status":"closed","template":"","meta":[],"categories":[],"tags":[313],"_links":{"self":[{"href":"https:\/\/centesimusannus-stg.catholica.va\/en\/wp-json\/wp\/v2\/pages\/10809"}],"collection":[{"href":"https:\/\/centesimusannus-stg.catholica.va\/en\/wp-json\/wp\/v2\/pages"}],"about":[{"href":"https:\/\/centesimusannus-stg.catholica.va\/en\/wp-json\/wp\/v2\/types\/page"}],"author":[{"embeddable":true,"href":"https:\/\/centesimusannus-stg.catholica.va\/en\/wp-json\/wp\/v2\/users\/2"}],"replies":[{"embeddable":true,"href":"https:\/\/centesimusannus-stg.catholica.va\/en\/wp-json\/wp\/v2\/comments?post=10809"}],"version-history":[{"count":0,"href":"https:\/\/centesimusannus-stg.catholica.va\/en\/wp-json\/wp\/v2\/pages\/10809\/revisions"}],"up":[{"embeddable":true,"href":"https:\/\/centesimusannus-stg.catholica.va\/en\/wp-json\/wp\/v2\/pages\/14975"}],"wp:attachment":[{"href":"https:\/\/centesimusannus-stg.catholica.va\/en\/wp-json\/wp\/v2\/media?parent=10809"}],"wp:term":[{"taxonomy":"category","embeddable":true,"href":"https:\/\/centesimusannus-stg.catholica.va\/en\/wp-json\/wp\/v2\/categories?post=10809"},{"taxonomy":"post_tag","embeddable":true,"href":"https:\/\/centesimusannus-stg.catholica.va\/en\/wp-json\/wp\/v2\/tags?post=10809"}],"curies":[{"name":"wp","href":"https:\/\/api.w.org\/{rel}","templated":true}]}}