{"id":10921,"date":"2019-12-04T10:32:44","date_gmt":"2019-12-04T09:32:44","guid":{"rendered":"http:\/\/centesimusannus-stg.catholica.va\/?page_id=10921"},"modified":"2021-12-16T11:38:23","modified_gmt":"2021-12-16T10:38:23","slug":"meetings-2020-milan-fcapp-group","status":"publish","type":"page","link":"https:\/\/centesimusannus-stg.catholica.va\/en\/activities\/local\/italy\/milan\/meetings-2020-milan-fcapp-group\/","title":{"rendered":"Meetings 2020, Milan FCAPP group"},"content":{"rendered":"<p style=\"text-align: justify;\">Carissimi,<\/p>\n<p style=\"text-align: justify;\">Vi scrivo per darvi comunicazione del calendario dei prossimi appuntamenti da gennaio a maggio 2020.<\/p>\n<p style=\"text-align: justify;\">In primo luogo Vi rammento che la prossima riunione \u00e8 fissata per il 13 gennaio prossimo come di consueto dalle ore 18.15 alle 20.00 circa presso la sala &#8220;oratorio&#8221; adiacente la Chiesa di San Giorgio al Palazzo.<\/p>\n<p style=\"text-align: justify;\">Nella scorsa riunione si \u00e8 stabilito di focalizzare la nostra attenzione e l&#8217;analisi come Chapter di Milano sul tema della coesione sociale ritenendo che tale aspetto rappresenti una componente fondamentale della sostenibilit\u00e0.<\/p>\n<p style=\"text-align: justify;\">Di seguito Vi comunico le date degli appuntamenti successivi:<br \/>\n&#8211; 10 febbraio 2020<br \/>\n&#8211; 9 marzo 2020<br \/>\n&#8211; 28 marzo 2020 &#8211; Ritiro spirituale presso Villa Cagnola<br \/>\n&#8211; 21 aprile 2020<br \/>\n&#8211; 11 maggio 2020<\/p>\n<p style=\"text-align: justify;\">Vi rammento infine l&#8217;iniziativa che la Fondazione organizzer\u00e0 a Milano il prossimo 31 gennaio 2020; il convegno si terr\u00e0 presso l&#8217;Aula Magna dell&#8217;Universit\u00e0 Cattolica a partire dalle ore 15.00 e che avr\u00e0 come titolo: &#8220;Ethos, Education and Training: Avenues toward equality and ethical behaviors in the digital era&#8221;.<\/p>\n<p style=\"text-align: justify;\">Un caro saluto<br \/>\nPiero Candido Tagliabue<br \/>\nSegretario Coordinatore Chapter di Milano FCAPP<\/p>\n","protected":false},"excerpt":{"rendered":"<p>Carissimi, Vi scrivo per darvi comunicazione del calendario dei prossimi appuntamenti da gennaio a maggio 2020. In primo luogo Vi rammento che la prossima riunione \u00e8 fissata per il 13 gennaio prossimo come di consueto dalle ore 18.15 alle 20.00 circa presso la sala &#8220;oratorio&#8221; adiacente la Chiesa di San Giorgio al Palazzo. Nella scorsa riunione si \u00e8 stabilito di focalizzare la nostra attenzione e l&#8217;analisi come Chapter di Milano sul tema della coesione sociale ritenendo che tale aspetto rappresenti una componente fondamentale della sostenibilit\u00e0. Di seguito Vi comunico le date degli appuntamenti successivi: &#8211; 10 febbraio 2020 &#8211; 9&#8230;<\/p>\n","protected":false},"author":2,"featured_media":0,"parent":14929,"menu_order":0,"comment_status":"closed","ping_status":"closed","template":"","meta":[],"categories":[],"tags":[186],"_links":{"self":[{"href":"https:\/\/centesimusannus-stg.catholica.va\/en\/wp-json\/wp\/v2\/pages\/10921"}],"collection":[{"href":"https:\/\/centesimusannus-stg.catholica.va\/en\/wp-json\/wp\/v2\/pages"}],"about":[{"href":"https:\/\/centesimusannus-stg.catholica.va\/en\/wp-json\/wp\/v2\/types\/page"}],"author":[{"embeddable":true,"href":"https:\/\/centesimusannus-stg.catholica.va\/en\/wp-json\/wp\/v2\/users\/2"}],"replies":[{"embeddable":true,"href":"https:\/\/centesimusannus-stg.catholica.va\/en\/wp-json\/wp\/v2\/comments?post=10921"}],"version-history":[{"count":0,"href":"https:\/\/centesimusannus-stg.catholica.va\/en\/wp-json\/wp\/v2\/pages\/10921\/revisions"}],"up":[{"embeddable":true,"href":"https:\/\/centesimusannus-stg.catholica.va\/en\/wp-json\/wp\/v2\/pages\/14929"}],"wp:attachment":[{"href":"https:\/\/centesimusannus-stg.catholica.va\/en\/wp-json\/wp\/v2\/media?parent=10921"}],"wp:term":[{"taxonomy":"category","embeddable":true,"href":"https:\/\/centesimusannus-stg.catholica.va\/en\/wp-json\/wp\/v2\/categories?post=10921"},{"taxonomy":"post_tag","embeddable":true,"href":"https:\/\/centesimusannus-stg.catholica.va\/en\/wp-json\/wp\/v2\/tags?post=10921"}],"curies":[{"name":"wp","href":"https:\/\/api.w.org\/{rel}","templated":true}]}}