{"id":11930,"date":"2020-03-16T16:31:27","date_gmt":"2020-03-16T15:31:27","guid":{"rendered":"http:\/\/centesimusannus-stg.catholica.va\/?page_id=11930"},"modified":"2021-12-13T12:31:08","modified_gmt":"2021-12-13T11:31:08","slug":"update-meetings-chapter-rome","status":"publish","type":"page","link":"https:\/\/centesimusannus-stg.catholica.va\/en\/activities\/local\/italy\/rome\/update-meetings-chapter-rome\/","title":{"rendered":"Update meetings Chapter Rome"},"content":{"rendered":"<p>Cari tutti,<\/p>\n<p style=\"text-align: justify;\">purtroppo, data l&#8217;attuale situazione dobbiamo anche annullare il ritiro spirituale previsto per il 30 marzo p.v.<\/p>\n<p style=\"text-align: justify;\">Nella speranza di fare cosa gradita Vi anticipo che stiamo organizzando una serata con ospite il\u00a0Prof Enrico Giovannini che verr\u00e0 a parlarci della economia sostenibile e di quanto questa si colleghi ai temi della Laudato S\u00ec. La serata sar\u00e0 un momento di confronto in una tavola rotonda cui parteciper\u00e0 anche l&#8217;Avv Cecilia Carrara di Legac, esperta di queste tematiche e una nostra. socia la Dottssa Ana Maria Fagetan (Universit\u00e0 La Sapienza). Moderer\u00e0 la serata il Dott Scorca (anch\u2019egli socio della Fondazione). Al momento la data fissata con i partecipanti alla tavola rotonda \u00e8 il 27 aprile pv. Ovviamente tutto dipender\u00e0 dalla attuale situazione.<\/p>\n<p style=\"text-align: justify;\">Ho anche il piacere di introdurvi 3 nuovi soci: il Dott Roberto Mannozzi, il Dott. Carlo Santini e il Dott Simone Di Carlo.<\/p>\n<p style=\"text-align: justify;\">Rimango a disposizione per qualunque tema vogliate approfondire\u00a0e restiamo uniti in questo momento difficile per il ns Paese!<\/p>\n<p>Un caro saluto<\/p>\n<p>Alessandro Rizzo<\/p>\n<p>Referente Chapter Roma<\/p>\n<p style=\"text-align: justify;\">\n","protected":false},"excerpt":{"rendered":"<p>Cari tutti, purtroppo, data l&#8217;attuale situazione dobbiamo anche annullare il ritiro spirituale previsto per il 30 marzo p.v. Nella speranza di fare cosa gradita Vi anticipo che stiamo organizzando una serata con ospite il\u00a0Prof Enrico Giovannini che verr\u00e0 a parlarci della economia sostenibile e di quanto questa si colleghi ai temi della Laudato S\u00ec. La serata sar\u00e0 un momento di confronto in una tavola rotonda cui parteciper\u00e0 anche l&#8217;Avv Cecilia Carrara di Legac, esperta di queste tematiche e una nostra. socia la Dottssa Ana Maria Fagetan (Universit\u00e0 La Sapienza). Moderer\u00e0 la serata il Dott Scorca (anch\u2019egli socio della Fondazione). Al&#8230;<\/p>\n","protected":false},"author":2,"featured_media":0,"parent":15027,"menu_order":0,"comment_status":"closed","ping_status":"closed","template":"","meta":[],"categories":[32],"tags":[192],"_links":{"self":[{"href":"https:\/\/centesimusannus-stg.catholica.va\/en\/wp-json\/wp\/v2\/pages\/11930"}],"collection":[{"href":"https:\/\/centesimusannus-stg.catholica.va\/en\/wp-json\/wp\/v2\/pages"}],"about":[{"href":"https:\/\/centesimusannus-stg.catholica.va\/en\/wp-json\/wp\/v2\/types\/page"}],"author":[{"embeddable":true,"href":"https:\/\/centesimusannus-stg.catholica.va\/en\/wp-json\/wp\/v2\/users\/2"}],"replies":[{"embeddable":true,"href":"https:\/\/centesimusannus-stg.catholica.va\/en\/wp-json\/wp\/v2\/comments?post=11930"}],"version-history":[{"count":0,"href":"https:\/\/centesimusannus-stg.catholica.va\/en\/wp-json\/wp\/v2\/pages\/11930\/revisions"}],"up":[{"embeddable":true,"href":"https:\/\/centesimusannus-stg.catholica.va\/en\/wp-json\/wp\/v2\/pages\/15027"}],"wp:attachment":[{"href":"https:\/\/centesimusannus-stg.catholica.va\/en\/wp-json\/wp\/v2\/media?parent=11930"}],"wp:term":[{"taxonomy":"category","embeddable":true,"href":"https:\/\/centesimusannus-stg.catholica.va\/en\/wp-json\/wp\/v2\/categories?post=11930"},{"taxonomy":"post_tag","embeddable":true,"href":"https:\/\/centesimusannus-stg.catholica.va\/en\/wp-json\/wp\/v2\/tags?post=11930"}],"curies":[{"name":"wp","href":"https:\/\/api.w.org\/{rel}","templated":true}]}}