{"id":11966,"date":"2020-03-24T18:51:28","date_gmt":"2020-03-24T17:51:28","guid":{"rendered":"http:\/\/centesimusannus-stg.catholica.va\/?page_id=11966"},"modified":"2021-12-10T16:41:19","modified_gmt":"2021-12-10T15:41:19","slug":"march-17th-at-17-00-meditation-and-prayer-video-conference-fcapp-lombardia","status":"publish","type":"page","link":"https:\/\/centesimusannus-stg.catholica.va\/en\/activities\/local\/italy\/bergamo\/march-17th-at-17-00-meditation-and-prayer-video-conference-fcapp-lombardia\/","title":{"rendered":"March 17th at 17.00 &#8211; Meditation and prayer Video-conference, FCAPP Lombardia"},"content":{"rendered":"<p style=\"text-align: justify;\">Carissimi,<\/p>\n<p style=\"text-align: justify;\">Vi informo che a cura del Coordinatore per la Lombardia della Fondazione Centesimus Annus Pro Pontifice Dott. Francesco Sansone \u00e8 in corso di organizzazione una Video-conferenza di meditazione e preghiera che sar\u00e0 guidata dall&#8217;Assistente Ecclesiastico del Chapter di Milano e della Fondazione a livello nazionale Don Walter Magnoni.<\/p>\n<p style=\"text-align: justify;\">La Video-conferenza si svolger\u00e0 il prossimo venerd\u00ec 27 marzo dalle ore 17.00 alle 17.30. Le modalit\u00e0 tecniche per collegarsi verranno comunicate nei prossimi giorni.<\/p>\n<p style=\"text-align: justify;\">Questa iniziativa si propone di sostenere con la preghiera lo sforzo che si sta compiendo per combattere il COVID-19 ed inoltre vuole esprimere vicinanza al Santo Padre che lo stesso giorno alle ore 18.00 guider\u00e0 in San Pietro una celebrazione con il Santissimo Sacramento nella quale conceder\u00e0 l&#8217;Indulgenza Plenaria.<\/p>\n<p style=\"text-align: justify;\">Un caro saluto,<br \/>\nPiero Candido Tagliabue<br \/>\nSegretario Coordinatore Chapter di Milano FCAPP<\/p>\n","protected":false},"excerpt":{"rendered":"<p>Carissimi, Vi informo che a cura del Coordinatore per la Lombardia della Fondazione Centesimus Annus Pro Pontifice Dott. Francesco Sansone \u00e8 in corso di organizzazione una Video-conferenza di meditazione e preghiera che sar\u00e0 guidata dall&#8217;Assistente Ecclesiastico del Chapter di Milano e della Fondazione a livello nazionale Don Walter Magnoni. La Video-conferenza si svolger\u00e0 il prossimo venerd\u00ec 27 marzo dalle ore 17.00 alle 17.30. Le modalit\u00e0 tecniche per collegarsi verranno comunicate nei prossimi giorni. Questa iniziativa si propone di sostenere con la preghiera lo sforzo che si sta compiendo per combattere il COVID-19 ed inoltre vuole esprimere vicinanza al Santo Padre&#8230;<\/p>\n","protected":false},"author":2,"featured_media":0,"parent":15051,"menu_order":0,"comment_status":"closed","ping_status":"closed","template":"","meta":[],"categories":[],"tags":[211],"_links":{"self":[{"href":"https:\/\/centesimusannus-stg.catholica.va\/en\/wp-json\/wp\/v2\/pages\/11966"}],"collection":[{"href":"https:\/\/centesimusannus-stg.catholica.va\/en\/wp-json\/wp\/v2\/pages"}],"about":[{"href":"https:\/\/centesimusannus-stg.catholica.va\/en\/wp-json\/wp\/v2\/types\/page"}],"author":[{"embeddable":true,"href":"https:\/\/centesimusannus-stg.catholica.va\/en\/wp-json\/wp\/v2\/users\/2"}],"replies":[{"embeddable":true,"href":"https:\/\/centesimusannus-stg.catholica.va\/en\/wp-json\/wp\/v2\/comments?post=11966"}],"version-history":[{"count":0,"href":"https:\/\/centesimusannus-stg.catholica.va\/en\/wp-json\/wp\/v2\/pages\/11966\/revisions"}],"up":[{"embeddable":true,"href":"https:\/\/centesimusannus-stg.catholica.va\/en\/wp-json\/wp\/v2\/pages\/15051"}],"wp:attachment":[{"href":"https:\/\/centesimusannus-stg.catholica.va\/en\/wp-json\/wp\/v2\/media?parent=11966"}],"wp:term":[{"taxonomy":"category","embeddable":true,"href":"https:\/\/centesimusannus-stg.catholica.va\/en\/wp-json\/wp\/v2\/categories?post=11966"},{"taxonomy":"post_tag","embeddable":true,"href":"https:\/\/centesimusannus-stg.catholica.va\/en\/wp-json\/wp\/v2\/tags?post=11966"}],"curies":[{"name":"wp","href":"https:\/\/api.w.org\/{rel}","templated":true}]}}