{"id":11987,"date":"2020-03-26T17:04:37","date_gmt":"2020-03-26T16:04:37","guid":{"rendered":"http:\/\/centesimusannus-stg.catholica.va\/?page_id=11987"},"modified":"2021-12-10T12:02:44","modified_gmt":"2021-12-10T11:02:44","slug":"directions-for-video-conference-connection-march-27th-at-5-00-p-m-2","status":"publish","type":"page","link":"https:\/\/centesimusannus-stg.catholica.va\/en\/activities\/local\/italy\/milan\/directions-for-video-conference-connection-march-27th-at-5-00-p-m-2\/","title":{"rendered":"Directions for video-conference connection March 27th at 5.00 p.m."},"content":{"rendered":"<p style=\"text-align: justify;\">Carissimi,<\/p>\n<p style=\"text-align: justify;\">facendo seguito alla mail del 24 marzo Vi comunico che la video-conferenza programmata per il prossimo venerd\u00ec 27 marzo alle ore 17.00 utilizzer\u00e0 l&#8217;applicativo ZOOM.<\/p>\n<p style=\"text-align: justify;\">Per effettuare l&#8217;accesso si dovr\u00e0 cliccare all&#8217;ora fissata per l&#8217;inizio della video-conferenza sul seguente link:<br \/>\n<a href=\"https:\/\/us04web.zoom.us\/j\/168068061?pwd=TkY0R2tKbk1sYWh0a0NEWEdRaUppUT09\" target=\"_blank\" rel=\"noopener\">https:\/\/us04web.zoom.us\/j\/168068061?pwd=TkY0R2tKbk1sYWh0a0NEWEdRaUppUT09<\/a><\/p>\n<p style=\"text-align: justify;\">L&#8217;applicazione per chi fosse interessato pu\u00f2 essere scaricata gratuitamente da internet:<\/p>\n<p style=\"text-align: justify;\"><a href=\"https:\/\/zoom.us\/support\/download\" target=\"_blank\" rel=\"noopener\">https:\/\/zoom.us\/support\/download<\/a><\/p>\n<p style=\"text-align: justify;\">Si precisa che l&#8217;accesso per i partecipanti alla video-conferenza pu\u00f2 avvenire anche senza scaricare l&#8217;applicazione semplicemente cliccando sul link.<\/p>\n<p style=\"text-align: justify;\">Questa iniziativa \u00e8 rivolta ai Gruppi della Lombardia della Fondazione Centesimus Annus pertanto \u00e8 auspicabile che il presente invito venga esteso al maggior numero possibile di aderenti lombardi.<\/p>\n<p style=\"text-align: justify;\">In attesa di video vederci un caro saluto a tutti<br \/>\nPiero Candido Tagliabue<br \/>\nSegretario Coordinatore Chapter di Milano FCAPP<\/p>\n","protected":false},"excerpt":{"rendered":"<p>Carissimi, facendo seguito alla mail del 24 marzo Vi comunico che la video-conferenza programmata per il prossimo venerd\u00ec 27 marzo alle ore 17.00 utilizzer\u00e0 l&#8217;applicativo ZOOM. Per effettuare l&#8217;accesso si dovr\u00e0 cliccare all&#8217;ora fissata per l&#8217;inizio della video-conferenza sul seguente link: https:\/\/us04web.zoom.us\/j\/168068061?pwd=TkY0R2tKbk1sYWh0a0NEWEdRaUppUT09 L&#8217;applicazione per chi fosse interessato pu\u00f2 essere scaricata gratuitamente da internet: https:\/\/zoom.us\/support\/download Si precisa che l&#8217;accesso per i partecipanti alla video-conferenza pu\u00f2 avvenire anche senza scaricare l&#8217;applicazione semplicemente cliccando sul link. Questa iniziativa \u00e8 rivolta ai Gruppi della Lombardia della Fondazione Centesimus Annus pertanto \u00e8 auspicabile che il presente invito venga esteso al maggior numero possibile di aderenti&#8230;<\/p>\n","protected":false},"author":2,"featured_media":0,"parent":14929,"menu_order":0,"comment_status":"closed","ping_status":"closed","template":"","meta":[],"categories":[],"tags":[186],"_links":{"self":[{"href":"https:\/\/centesimusannus-stg.catholica.va\/en\/wp-json\/wp\/v2\/pages\/11987"}],"collection":[{"href":"https:\/\/centesimusannus-stg.catholica.va\/en\/wp-json\/wp\/v2\/pages"}],"about":[{"href":"https:\/\/centesimusannus-stg.catholica.va\/en\/wp-json\/wp\/v2\/types\/page"}],"author":[{"embeddable":true,"href":"https:\/\/centesimusannus-stg.catholica.va\/en\/wp-json\/wp\/v2\/users\/2"}],"replies":[{"embeddable":true,"href":"https:\/\/centesimusannus-stg.catholica.va\/en\/wp-json\/wp\/v2\/comments?post=11987"}],"version-history":[{"count":0,"href":"https:\/\/centesimusannus-stg.catholica.va\/en\/wp-json\/wp\/v2\/pages\/11987\/revisions"}],"up":[{"embeddable":true,"href":"https:\/\/centesimusannus-stg.catholica.va\/en\/wp-json\/wp\/v2\/pages\/14929"}],"wp:attachment":[{"href":"https:\/\/centesimusannus-stg.catholica.va\/en\/wp-json\/wp\/v2\/media?parent=11987"}],"wp:term":[{"taxonomy":"category","embeddable":true,"href":"https:\/\/centesimusannus-stg.catholica.va\/en\/wp-json\/wp\/v2\/categories?post=11987"},{"taxonomy":"post_tag","embeddable":true,"href":"https:\/\/centesimusannus-stg.catholica.va\/en\/wp-json\/wp\/v2\/tags?post=11987"}],"curies":[{"name":"wp","href":"https:\/\/api.w.org\/{rel}","templated":true}]}}