{"id":12223,"date":"2020-04-22T12:57:23","date_gmt":"2020-04-22T10:57:23","guid":{"rendered":"http:\/\/centesimusannus-stg.catholica.va\/?page_id=12223"},"modified":"2021-12-10T12:03:18","modified_gmt":"2021-12-10T11:03:18","slug":"april-22nd-at-600-p-m-milan-chapter-meeting","status":"publish","type":"page","link":"https:\/\/centesimusannus-stg.catholica.va\/en\/activities\/local\/italy\/milan\/april-22nd-at-600-p-m-milan-chapter-meeting\/","title":{"rendered":"April 22nd at 6:00 p.m. &#8211; Milan Chapter Meeting"},"content":{"rendered":"<p style=\"text-align: justify;\">Carissimi,<\/p>\n<p style=\"text-align: justify;\">Vi comunico che il prossimo mercoled\u00ec 22 aprile alle ore 18.00 si terr\u00e0 la prossima riunione del Chapter sempre con la modalit\u00e0 della teleconferenza. Nella circostanza in cui ci troviamo \u00e8 importante che non ci perdiamo di vista continuando a mantenere occasioni di incontro per pregare e riflettere insieme.<\/p>\n<p style=\"text-align: justify;\">La piattaforma di connessione sar\u00e0 come di consueto ZOOM, di seguito si fornisce l&#8217;invito con il relativo link.<\/p>\n<p style=\"text-align: justify;\">L&#8217;accesso pu\u00f2 avvenire anche senza scaricare l&#8217;applicazione, semplicemente cliccando sul link.<\/p>\n<p style=\"text-align: justify;\">Un caro saluto<\/p>\n<p>Piero Candido Tagliabue<br \/>\nSegretario Coordinatore Chapter di Milano FCAPP<br \/>\nGiovanni Facchini is inviting you to a scheduled Zoom meeting.<\/p>\n<p>Topic: Giovanni Facchini&#8217;s Zoom Meeting<br \/>\nTime: Apr 22, 2020 06:00 PM Rome<\/p>\n<p>Join Zoom Meeting<br \/>\n<a href=\"https:\/\/us04web.zoom.us\/j\/4387678846?pwd=UlRrcDFBTHZhNW80dzlzcVFjY0xhQT09\" target=\"_blank\" rel=\"noopener\">https:\/\/us04web.zoom.us\/j\/4387678846?pwd=UlRrcDFBTHZhNW80dzlzcVFjY0xhQT09<\/a><\/p>\n<p>Meeting ID: 438 767 8846<br \/>\nPassword: 384403<\/p>\n","protected":false},"excerpt":{"rendered":"<p>Carissimi, Vi comunico che il prossimo mercoled\u00ec 22 aprile alle ore 18.00 si terr\u00e0 la prossima riunione del Chapter sempre con la modalit\u00e0 della teleconferenza. Nella circostanza in cui ci troviamo \u00e8 importante che non ci perdiamo di vista continuando a mantenere occasioni di incontro per pregare e riflettere insieme. La piattaforma di connessione sar\u00e0 come di consueto ZOOM, di seguito si fornisce l&#8217;invito con il relativo link. L&#8217;accesso pu\u00f2 avvenire anche senza scaricare l&#8217;applicazione, semplicemente cliccando sul link. Un caro saluto Piero Candido Tagliabue Segretario Coordinatore Chapter di Milano FCAPP Giovanni Facchini is inviting you to a scheduled Zoom&#8230;<\/p>\n","protected":false},"author":2,"featured_media":0,"parent":14929,"menu_order":0,"comment_status":"closed","ping_status":"closed","template":"","meta":[],"categories":[],"tags":[186],"_links":{"self":[{"href":"https:\/\/centesimusannus-stg.catholica.va\/en\/wp-json\/wp\/v2\/pages\/12223"}],"collection":[{"href":"https:\/\/centesimusannus-stg.catholica.va\/en\/wp-json\/wp\/v2\/pages"}],"about":[{"href":"https:\/\/centesimusannus-stg.catholica.va\/en\/wp-json\/wp\/v2\/types\/page"}],"author":[{"embeddable":true,"href":"https:\/\/centesimusannus-stg.catholica.va\/en\/wp-json\/wp\/v2\/users\/2"}],"replies":[{"embeddable":true,"href":"https:\/\/centesimusannus-stg.catholica.va\/en\/wp-json\/wp\/v2\/comments?post=12223"}],"version-history":[{"count":0,"href":"https:\/\/centesimusannus-stg.catholica.va\/en\/wp-json\/wp\/v2\/pages\/12223\/revisions"}],"up":[{"embeddable":true,"href":"https:\/\/centesimusannus-stg.catholica.va\/en\/wp-json\/wp\/v2\/pages\/14929"}],"wp:attachment":[{"href":"https:\/\/centesimusannus-stg.catholica.va\/en\/wp-json\/wp\/v2\/media?parent=12223"}],"wp:term":[{"taxonomy":"category","embeddable":true,"href":"https:\/\/centesimusannus-stg.catholica.va\/en\/wp-json\/wp\/v2\/categories?post=12223"},{"taxonomy":"post_tag","embeddable":true,"href":"https:\/\/centesimusannus-stg.catholica.va\/en\/wp-json\/wp\/v2\/tags?post=12223"}],"curies":[{"name":"wp","href":"https:\/\/api.w.org\/{rel}","templated":true}]}}