{"id":12440,"date":"2020-06-08T10:39:15","date_gmt":"2020-06-08T08:39:15","guid":{"rendered":"http:\/\/centesimusannus-stg.catholica.va\/?page_id=12440"},"modified":"2021-12-13T12:30:12","modified_gmt":"2021-12-13T11:30:12","slug":"update-on-the-activities-of-the-rome-chapter","status":"publish","type":"page","link":"https:\/\/centesimusannus-stg.catholica.va\/en\/activities\/local\/italy\/rome\/update-on-the-activities-of-the-rome-chapter\/","title":{"rendered":"Update on the activities of the Rome Chapter"},"content":{"rendered":"<p style=\"text-align: justify;\">Cari tutti, di seguito un breve recap sulle attivit\u00e0 in corso.<\/p>\n<p style=\"text-align: justify;\">Abbiamo avviato due tavoli di lavoro su due macro ambiti per fornire delle proposte per\u00a0uscire da questa grande crisi sanitaria ed economica.<\/p>\n<p style=\"text-align: justify;\">I due ambiti sono il LAVORO e l&#8217;INTERVENTO DELLO STATO NELLA ECONOMIA.<\/p>\n<p style=\"text-align: justify;\">All&#8217;interno di questi due macro filoni, abbiamo circoscritto l&#8217;analisi a 4 temi specifici:<\/p>\n<ol style=\"text-align: justify;\">\n<li>il lavoro giovanile: proposte per aiutare i giovani nella scelta e nell&#8217;orientamento del proprio futuro (sia nella scuola che nel lavoro). Questo tema \u00e8 stato anche sollecitato dalla Diocesi attraverso Don Francesco e riveste per me un elemento di fondamentale importanza data l&#8217;alto tasso di disoccupazione nel nostro paese e soprattutto nelle aree del Sud. Il tema si associa al rapporto con la famiglia ed \u00e8 di grande attualit\u00e0 =&gt; su questo cantiere abbiamo avviato il primo incontro questa settimana<\/li>\n<li>debito: per risollevarci da questa situazione \u00e8 necessario che lo Stato ritorni ad assumere un ruolo importante in alcuni settori strategici, ma per farlo deve fare delle riforme e deve capire come affrontare il tema del debito pubblico. Tale debito deve essere sostenibile e potrebbe essere &#8220;riequilibrato&#8221; con il surplus privato=&gt; questo \u00e8 al momento il cantiere pi\u00f9 attivo e ha prodotto molti spunti di riflessione<\/li>\n<li>infrastrutture: il settore delle infrastrutture deve tornare ad essere un volano per la crescita del paese. Quali proposte, nell&#8217;ottica della sostenibilit\u00e0 economica e ambientale =&gt; su questo cantiere abbiamo avviato i lavori la scorsa settimana e a breve produrremo una prima sintesi delle riflessioni fatte<\/li>\n<li>salute. Il settore della Salute \u00e8 stato oggetto di grande attenzione in questa momento. Come garantire il principio universalistico della salute pubblica, in un&#8217;ottica di sostenibilit\u00e0 economica? Quali proposte possono essere fatte per aiutare le imprese e i cittadini ad affrontare situazioni come quella che stiamo vivendo in un corretto trade off salute e sicurezza sui posti di lavoro? =&gt; su questo cantiere ci troveremo la prossima settimana per un primo incontro di brainstorming<\/li>\n<\/ol>\n<p style=\"text-align: justify;\">Su tutti questi cantieri le persone che mi hanno manifestato interesse a una partecipazione attiva sono state coinvolte e stiamo facendo incontri con una periodicit\u00e0 di 7-15 gg. I temi sono venuti fuori da interessi specifici dei partecipanti<\/p>\n<p style=\"text-align: justify;\">Tutti questi temi sono stati inoltre affrontati ovviamente tenendo conto di un elemento essenziale e imprescindibile\u00a0per l&#8217;analisi: la dottrina sociale della Chiesa, come unico faro e elemento distintivo rispetto a qualunque proposta che porteremo.<\/p>\n<p style=\"text-align: justify;\">I prossimi incontri saranno:<\/p>\n<p style=\"text-align: justify;\">il 9 giugno un tavolo ristretto sulla Salute alle ore 1800<\/p>\n<p style=\"text-align: justify;\">il 12 giugno un tavolo piu&#8217; allargato con tutti i componenti del Gruppo &#8220;Intervento dello\u00a0Stato nella economia &#8221; sul DEBITO alle ore 1800.<\/p>\n<p style=\"text-align: justify;\">Gli incontri avvengono su TEAMS MICROSOFT<\/p>\n<p style=\"text-align: justify;\">Chi non l&#8217;avesse ancora fatto puo&#8217; contattarmi in privato e\u00a0verr\u00e0 inserito in questi tavoli.<\/p>\n<p style=\"text-align: justify;\">Colgo l&#8217;occasione infine per ricordarvi che il giorno\u00a0<strong>17 giugno alle ore 1800<\/strong>\u00a0si terr\u00e0 il\u00a0<strong>WEBINAR<\/strong>\u00a0sul tema\u00a0\u00a0<strong>ETICA E NUOVA NORMALITA&#8217; DEL LAVORO NEL MONDO POST COVID<\/strong>. Per\u00a0la\u00a0Fondazione interverr\u00e0 la Presidente, Dottssa Anna Maria Tarantola e si terr\u00e0\u00a0in collaborazione con ANDAF (interverr\u00e0 il PRESIDENTE, dott. Mannozzi), FEBAF (interverr\u00e0 il Segretario Generale, Prof Garonna).\u00a0Ringrazio\u00a0sin da ora la Dottssa Tarantola,\u00a0insieme a Roberto e a Paolo per la loro disponibilit\u00e0. In allegato trovate la locandina. Vi arriver\u00e0 nuovamente comunicazione dell&#8217;evento che verr\u00e0 esteso a tutti i membri\/amici della Fondazione, nonch\u00e8 a tutti i soci ANDAF.<\/p>\n<p style=\"text-align: justify;\"><a href=\"https:\/\/centesimusannus-stg.catholica.va\/wp-content\/uploads\/2020\/06\/webinar-Etica-e-nuova-normalita-del-lavoro-nel-post-Covid-19-vf-1.pdf\" target=\"_blank\" rel=\"noopener\">Scarica invito<\/a><\/p>\n<p style=\"text-align: justify;\">Grazie a tutti per l&#8217;impegno e la passione profusa e spero di organizzare quando sar\u00e0 possibile degli incontri de-visu con voi tutti.<\/p>\n<p style=\"text-align: justify;\">un caro saluto Alessandro Rizzo<\/p>\n<p style=\"text-align: justify;\">Referente FCAPP Roma<\/p>\n<p>&nbsp;<\/p>\n","protected":false},"excerpt":{"rendered":"<p>Cari tutti, di seguito un breve recap sulle attivit\u00e0 in corso. Abbiamo avviato due tavoli di lavoro su due macro ambiti per fornire delle proposte per\u00a0uscire da questa grande crisi sanitaria ed economica. I due ambiti sono il LAVORO e l&#8217;INTERVENTO DELLO STATO NELLA ECONOMIA. All&#8217;interno di questi due macro filoni, abbiamo circoscritto l&#8217;analisi a 4 temi specifici: il lavoro giovanile: proposte per aiutare i giovani nella scelta e nell&#8217;orientamento del proprio futuro (sia nella scuola che nel lavoro). Questo tema \u00e8 stato anche sollecitato dalla Diocesi attraverso Don Francesco e riveste per me un elemento di fondamentale importanza data&#8230;<\/p>\n","protected":false},"author":2,"featured_media":0,"parent":15027,"menu_order":0,"comment_status":"closed","ping_status":"closed","template":"","meta":[],"categories":[32],"tags":[192],"_links":{"self":[{"href":"https:\/\/centesimusannus-stg.catholica.va\/en\/wp-json\/wp\/v2\/pages\/12440"}],"collection":[{"href":"https:\/\/centesimusannus-stg.catholica.va\/en\/wp-json\/wp\/v2\/pages"}],"about":[{"href":"https:\/\/centesimusannus-stg.catholica.va\/en\/wp-json\/wp\/v2\/types\/page"}],"author":[{"embeddable":true,"href":"https:\/\/centesimusannus-stg.catholica.va\/en\/wp-json\/wp\/v2\/users\/2"}],"replies":[{"embeddable":true,"href":"https:\/\/centesimusannus-stg.catholica.va\/en\/wp-json\/wp\/v2\/comments?post=12440"}],"version-history":[{"count":0,"href":"https:\/\/centesimusannus-stg.catholica.va\/en\/wp-json\/wp\/v2\/pages\/12440\/revisions"}],"up":[{"embeddable":true,"href":"https:\/\/centesimusannus-stg.catholica.va\/en\/wp-json\/wp\/v2\/pages\/15027"}],"wp:attachment":[{"href":"https:\/\/centesimusannus-stg.catholica.va\/en\/wp-json\/wp\/v2\/media?parent=12440"}],"wp:term":[{"taxonomy":"category","embeddable":true,"href":"https:\/\/centesimusannus-stg.catholica.va\/en\/wp-json\/wp\/v2\/categories?post=12440"},{"taxonomy":"post_tag","embeddable":true,"href":"https:\/\/centesimusannus-stg.catholica.va\/en\/wp-json\/wp\/v2\/tags?post=12440"}],"curies":[{"name":"wp","href":"https:\/\/api.w.org\/{rel}","templated":true}]}}