{"id":12628,"date":"2020-08-31T11:16:43","date_gmt":"2020-08-31T09:16:43","guid":{"rendered":"http:\/\/centesimusannus-stg.catholica.va\/?page_id=12628"},"modified":"2021-12-10T12:38:42","modified_gmt":"2021-12-10T11:38:42","slug":"september-26th-2020-meeting-of-the-capp-german-chapter-in-koln","status":"publish","type":"page","link":"https:\/\/centesimusannus-stg.catholica.va\/en\/activities\/local\/germany\/september-26th-2020-meeting-of-the-capp-german-chapter-in-koln\/","title":{"rendered":"September 26th 2020: Meeting of the CAPP German Chapter in Koln"},"content":{"rendered":"<p style=\"text-align: justify;\">Liebe Mitglieder und Freunde von CAPP<\/p>\n<p style=\"text-align: justify;\">Im Namen unseres K\u00f6lner CAPP &#8211; Kreises, der unter Federf\u00fchrung von Mario Rusack &#8211; van Rossum unsere erste sehnlichst erwartete Pr\u00e4senzveranstaltung seit Ausbruch der Coronakrise organisiert, m\u00f6chte ich am Sa. 26. September 2020,bereits um 13.00 Uhr, zum sozialethischen Colloquium einladen, das unter dem herausfordernden Thema steht:<\/p>\n<p style=\"text-align: justify;\"><strong><em>&gt; Christliche F\u00fchrung in Zeiten disruptiver Ver\u00e4nderung &lt;<\/em><\/strong><\/p>\n<p style=\"text-align: justify;\">Es ist eine gro\u00dfe Freude und Ehre zugleich, dass Domkapitular Dr. Dominik Meiering die Keynotespeech halten und mit uns die hl. Messe feiern wird. Nicht nur beim Abendessen wird er f\u00fcr pers\u00f6nliche Gespr\u00e4che zur Verf\u00fcgung stehen.<\/p>\n<p style=\"text-align: justify;\">Gemeinsam freuen wir uns auf bereichernde Begegnungen und inhaltsreiche Gespr\u00e4che.<\/p>\n<p style=\"text-align: justify;\">Der guten Ordnung halber weise ich darauf hin, dass alle Regeln der Coronaschutzverordnung einzuhalten sind.<\/p>\n<p style=\"text-align: justify;\">Vor Ort wird ein kleiner Selbstkostenbeitrag f\u00fcr die Konferenz erhoben. Das Abendessen wird von einem jeden bitte direkt im Restaurant bezahlt.<\/p>\n<p style=\"text-align: justify;\"><strong>Um Stephanie L\u00f6wensteins CAPP -Sekretariat zu entlasten, bitten wir f\u00fcr die elektronische Anmeldung den im Programm genannten Link\/Code zu nutzen.<\/strong><\/p>\n<p style=\"text-align: justify;\">Gerne erneuere ich auch alle weiteren in meiner letzten Mail ausgesprochenen Einladungen, insbesondere zu unserer CAPP- Tagung in Freiburg, am Fr. 20.Nov.2020.<\/p>\n<p style=\"text-align: justify;\">Aufgrund anderweitiger terminlicher Verpflichtungen des heiligen Vaters k\u00f6nnte die f\u00fcr den 3. &#8211; 5. Juni 2021 geplante internationale Konferenz im Vatikan auf den 10. &#8211; 12. Juni 2021 verschoben werden.<\/p>\n<p style=\"text-align: justify;\">Bis zur definitiven Best\u00e4tigung durch das vatikanische Staatssekretariat empfehle ich beide Terminalternativen zu reservieren.<\/p>\n<p style=\"text-align: justify;\">Von Herzen w\u00fcnsche ich eine erholsame Sommerzeit, die Leib und Seele erfrischen m\u00f6ge.<\/p>\n<p style=\"text-align: justify;\">Beste Gr\u00fc\u00dfe aus dem M\u00fcnsterland,<\/p>\n<p style=\"text-align: justify;\">Thomas Rusche<\/p>\n<p><a href=\"https:\/\/centesimusannus-stg.catholica.va\/wp-content\/uploads\/2021\/03\/CAPP-Meeting-Ko\u0308ln-Programm-Stand-05.09.20.pdf\" target=\"_blank\" rel=\"noopener\">Download program<\/a><\/p>\n","protected":false},"excerpt":{"rendered":"<p>Liebe Mitglieder und Freunde von CAPP Im Namen unseres K\u00f6lner CAPP &#8211; Kreises, der unter Federf\u00fchrung von Mario Rusack &#8211; van Rossum unsere erste sehnlichst erwartete Pr\u00e4senzveranstaltung seit Ausbruch der Coronakrise organisiert, m\u00f6chte ich am Sa. 26. September 2020,bereits um 13.00 Uhr, zum sozialethischen Colloquium einladen, das unter dem herausfordernden Thema steht: &gt; Christliche F\u00fchrung in Zeiten disruptiver Ver\u00e4nderung &lt; Es ist eine gro\u00dfe Freude und Ehre zugleich, dass Domkapitular Dr. Dominik Meiering die Keynotespeech halten und mit uns die hl. Messe feiern wird. Nicht nur beim Abendessen wird er f\u00fcr pers\u00f6nliche Gespr\u00e4che zur Verf\u00fcgung stehen. Gemeinsam freuen wir uns&#8230;<\/p>\n","protected":false},"author":2,"featured_media":0,"parent":14894,"menu_order":0,"comment_status":"closed","ping_status":"closed","template":"","meta":[],"categories":[],"tags":[200],"_links":{"self":[{"href":"https:\/\/centesimusannus-stg.catholica.va\/en\/wp-json\/wp\/v2\/pages\/12628"}],"collection":[{"href":"https:\/\/centesimusannus-stg.catholica.va\/en\/wp-json\/wp\/v2\/pages"}],"about":[{"href":"https:\/\/centesimusannus-stg.catholica.va\/en\/wp-json\/wp\/v2\/types\/page"}],"author":[{"embeddable":true,"href":"https:\/\/centesimusannus-stg.catholica.va\/en\/wp-json\/wp\/v2\/users\/2"}],"replies":[{"embeddable":true,"href":"https:\/\/centesimusannus-stg.catholica.va\/en\/wp-json\/wp\/v2\/comments?post=12628"}],"version-history":[{"count":0,"href":"https:\/\/centesimusannus-stg.catholica.va\/en\/wp-json\/wp\/v2\/pages\/12628\/revisions"}],"up":[{"embeddable":true,"href":"https:\/\/centesimusannus-stg.catholica.va\/en\/wp-json\/wp\/v2\/pages\/14894"}],"wp:attachment":[{"href":"https:\/\/centesimusannus-stg.catholica.va\/en\/wp-json\/wp\/v2\/media?parent=12628"}],"wp:term":[{"taxonomy":"category","embeddable":true,"href":"https:\/\/centesimusannus-stg.catholica.va\/en\/wp-json\/wp\/v2\/categories?post=12628"},{"taxonomy":"post_tag","embeddable":true,"href":"https:\/\/centesimusannus-stg.catholica.va\/en\/wp-json\/wp\/v2\/tags?post=12628"}],"curies":[{"name":"wp","href":"https:\/\/api.w.org\/{rel}","templated":true}]}}