{"id":12672,"date":"2020-09-24T10:20:52","date_gmt":"2020-09-24T08:20:52","guid":{"rendered":"http:\/\/centesimusannus-stg.catholica.va\/?page_id=12672"},"modified":"2021-12-10T16:41:37","modified_gmt":"2021-12-10T15:41:37","slug":"october-17th-2020-bergamo-fcapp-group-conference","status":"publish","type":"page","link":"https:\/\/centesimusannus-stg.catholica.va\/en\/activities\/local\/italy\/bergamo\/october-17th-2020-bergamo-fcapp-group-conference\/","title":{"rendered":"October 17th 2020: Bergamo FCAPP Group Conference"},"content":{"rendered":"<p style=\"text-align: justify;\">Il 17 ottobre 2020 il gruppo di Bergamo ha organizzato un Convegno sul tema: Sostenibilit\u00e0, responsabilit\u00e0, impatto sociale: le sfide delle imprese nel tempo e dopo la pandemia.<\/p>\n<p>Il dibattito \u00e8 stato animato dal Referente della Fondazione per la citt\u00e0 di Bergamo Dott. Antonio Angioni. Ai lavori \u00e8 intervenuta la Presidente Anna Maria Tarantola<\/p>\n<p style=\"text-align: justify;\"><a href=\"https:\/\/centesimusannus-stg.catholica.va\/wp-content\/uploads\/2020\/09\/Locandina_1241x1755-Bergamo.jpg\" target=\"_blank\" rel=\"noopener\">Scarica locandina<\/a><\/p>\n<p>The economy of Francesco: \u201cTraining itinerary for young changemakers\u201d<\/p>\n<p><a href=\"https:\/\/centesimusannus-stg.catholica.va\/wp-content\/uploads\/2020\/11\/20201013bergamo_16-2.pdf\" target=\"_blank\" rel=\"noopener\">Intervista con assistente Don Cristiano Re<\/a><\/p>\n<p>Relazione della Presidente Tarantola<\/p>\n<p>Intervento del Vescovo di Bergamo Mons. Beschi<\/p>\n<p>Fotografie dell&#8217;evento<\/p>\n<p>[foogallery id=&#8221;13132&#8243;]<\/p>\n<h3>Video dell\u2019evento<\/h3>\n<p><iframe style=\"widht: 100%;\" src=\"https:\/\/www.youtube.com\/embed\/i_SMI1A6hv0\" height=\"400\" frameborder=\"0\" allowfullscreen=\"allowfullscreen\" data-mce-fragment=\"1\"><\/iframe><\/p>\n","protected":false},"excerpt":{"rendered":"<p>Il 17 ottobre 2020 il gruppo di Bergamo ha organizzato un Convegno sul tema: Sostenibilit\u00e0, responsabilit\u00e0, impatto sociale: le sfide delle imprese nel tempo e dopo la pandemia. Il dibattito \u00e8 stato animato dal Referente della Fondazione per la citt\u00e0 di Bergamo Dott. Antonio Angioni. Ai lavori \u00e8 intervenuta la Presidente Anna Maria Tarantola Scarica locandina The economy of Francesco: \u201cTraining itinerary for young changemakers\u201d Intervista con assistente Don Cristiano Re Relazione della Presidente Tarantola Intervento del Vescovo di Bergamo Mons. Beschi Fotografie dell&#8217;evento [foogallery id=&#8221;13132&#8243;] Video dell\u2019evento<\/p>\n","protected":false},"author":2,"featured_media":0,"parent":15051,"menu_order":0,"comment_status":"closed","ping_status":"closed","template":"","meta":[],"categories":[],"tags":[211],"_links":{"self":[{"href":"https:\/\/centesimusannus-stg.catholica.va\/en\/wp-json\/wp\/v2\/pages\/12672"}],"collection":[{"href":"https:\/\/centesimusannus-stg.catholica.va\/en\/wp-json\/wp\/v2\/pages"}],"about":[{"href":"https:\/\/centesimusannus-stg.catholica.va\/en\/wp-json\/wp\/v2\/types\/page"}],"author":[{"embeddable":true,"href":"https:\/\/centesimusannus-stg.catholica.va\/en\/wp-json\/wp\/v2\/users\/2"}],"replies":[{"embeddable":true,"href":"https:\/\/centesimusannus-stg.catholica.va\/en\/wp-json\/wp\/v2\/comments?post=12672"}],"version-history":[{"count":0,"href":"https:\/\/centesimusannus-stg.catholica.va\/en\/wp-json\/wp\/v2\/pages\/12672\/revisions"}],"up":[{"embeddable":true,"href":"https:\/\/centesimusannus-stg.catholica.va\/en\/wp-json\/wp\/v2\/pages\/15051"}],"wp:attachment":[{"href":"https:\/\/centesimusannus-stg.catholica.va\/en\/wp-json\/wp\/v2\/media?parent=12672"}],"wp:term":[{"taxonomy":"category","embeddable":true,"href":"https:\/\/centesimusannus-stg.catholica.va\/en\/wp-json\/wp\/v2\/categories?post=12672"},{"taxonomy":"post_tag","embeddable":true,"href":"https:\/\/centesimusannus-stg.catholica.va\/en\/wp-json\/wp\/v2\/tags?post=12672"}],"curies":[{"name":"wp","href":"https:\/\/api.w.org\/{rel}","templated":true}]}}