{"id":13253,"date":"2020-11-11T17:40:24","date_gmt":"2020-11-11T16:40:24","guid":{"rendered":"http:\/\/centesimusannus-stg.catholica.va\/?page_id=13253"},"modified":"2021-12-10T15:36:16","modified_gmt":"2021-12-10T14:36:16","slug":"fcapp-trento-updates-2","status":"publish","type":"page","link":"https:\/\/centesimusannus-stg.catholica.va\/en\/activities\/local\/italy\/trento\/fcapp-trento-updates-2\/","title":{"rendered":"November 26th, 2020: Web meeting. Meditation by Don Bruno Tomasi on the new encyclical &#8220;Fratres Omnes&#8221;"},"content":{"rendered":"<table class=\"yiv6448983743MsoNormalTable\" border=\"0\" width=\"0\" cellspacing=\"0\" cellpadding=\"0\">\n<tbody>\n<tr>\n<td valign=\"top\">\n<div align=\"center\">\n<table id=\"yiv6448983743Layout_1\" class=\"yiv6448983743MsoNormalTable\" border=\"0\" width=\"100%\" cellspacing=\"0\" cellpadding=\"0\">\n<tbody>\n<tr>\n<td valign=\"top\" width=\"590\">\n<table class=\"yiv6448983743MsoNormalTable\" border=\"0\" width=\"100%\" cellspacing=\"0\" cellpadding=\"0\">\n<tbody>\n<tr>\n<td valign=\"top\">\n<div align=\"center\">\n<table class=\"yiv6448983743MsoNormalTable\" border=\"0\" width=\"100%\" cellspacing=\"0\" cellpadding=\"0\">\n<tbody>\n<tr>\n<td valign=\"top\">\n<div align=\"center\">\n<table class=\"yiv6448983743MsoNormalTable\" border=\"0\" width=\"100%\" cellspacing=\"0\" cellpadding=\"0\">\n<tbody>\n<tr>\n<td valign=\"top\">\n<div align=\"center\">\n<table class=\"yiv6448983743MsoNormalTable\" border=\"0\" cellspacing=\"0\" cellpadding=\"0\">\n<tbody>\n<tr>\n<td>\n<div>\n<div>\n<p class=\"yiv6448983743MsoNormal\" align=\"center\"><img class=\"lazyload\" id=\"yiv6448983743_x0000_i1026\" src=\"data:image\/gif;base64,R0lGODlhAQABAIAAAAAAAP\/\/\/yH5BAEAAAAALAAAAAABAAEAAAIBRAA7\" data-src=\"https:\/\/ecp.yusercontent.com\/mail?url=http%3A%2F%2F5mzm9.img.ah.d.sendibm4.com%2Fim%2F3208869%2Fedf6020f88d18a379fc08c73fbc70e7bd4bfcb4f2b7049915debd6e0d7f54c3b.jpeg%3Fe%3D-25sKlDMeqC4lgkZ-zqvLKfEg1V0mmmLJBo087jtLAsRaZvogeDsYYPYPp4ObVvlk6eOPQdExGbxXGD9VmjaRe_NtdoY3WpVu6w7LmYMVUXZVHX42dKMdsfRMRTAwrvGMH7jy2lj-BbsnSDyumrOs7emN1lP1nXFr_aHVn8CWREvU39-58R4S0o6ZwH_4YaSX0pHR68EocJLr9pqI1HnJZ26svj63X00tCbvXola&amp;t=1605111042&amp;ymreqid=e3b797dd-4fa4-6f4a-1c37-bf0010017c00&amp;sig=jOmHY_saMbiKl8l8ctNqkA--~D\" alt=\"Gruppo di Trento Fondazione CAPP\" width=\"224\" \/><noscript><img class=\"lazyload\" id=\"yiv6448983743_x0000_i1026\" src=\"https:\/\/ecp.yusercontent.com\/mail?url=http%3A%2F%2F5mzm9.img.ah.d.sendibm4.com%2Fim%2F3208869%2Fedf6020f88d18a379fc08c73fbc70e7bd4bfcb4f2b7049915debd6e0d7f54c3b.jpeg%3Fe%3D-25sKlDMeqC4lgkZ-zqvLKfEg1V0mmmLJBo087jtLAsRaZvogeDsYYPYPp4ObVvlk6eOPQdExGbxXGD9VmjaRe_NtdoY3WpVu6w7LmYMVUXZVHX42dKMdsfRMRTAwrvGMH7jy2lj-BbsnSDyumrOs7emN1lP1nXFr_aHVn8CWREvU39-58R4S0o6ZwH_4YaSX0pHR68EocJLr9pqI1HnJZ26svj63X00tCbvXola&amp;t=1605111042&amp;ymreqid=e3b797dd-4fa4-6f4a-1c37-bf0010017c00&amp;sig=jOmHY_saMbiKl8l8ctNqkA--~D\" alt=\"Gruppo di Trento Fondazione CAPP\" width=\"224\" \/><\/noscript><\/p>\n<\/div>\n<\/div>\n<\/td>\n<\/tr>\n<\/tbody>\n<\/table>\n<\/div>\n<\/td>\n<\/tr>\n<\/tbody>\n<\/table>\n<\/div>\n<\/td>\n<\/tr>\n<tr>\n<td><\/td>\n<\/tr>\n<\/tbody>\n<\/table>\n<\/div>\n<\/td>\n<\/tr>\n<\/tbody>\n<\/table>\n<\/td>\n<\/tr>\n<\/tbody>\n<\/table>\n<\/div>\n<\/td>\n<\/tr>\n<tr>\n<td valign=\"top\">\n<div align=\"center\">\n<table id=\"yiv6448983743Layout_2\" class=\"yiv6448983743MsoNormalTable\" border=\"0\" width=\"100%\" cellspacing=\"0\" cellpadding=\"0\">\n<tbody>\n<tr>\n<td valign=\"top\" width=\"590\">\n<table class=\"yiv6448983743MsoNormalTable\" border=\"0\" width=\"100%\" cellspacing=\"0\" cellpadding=\"0\">\n<tbody>\n<tr>\n<td valign=\"top\">\n<div align=\"center\">\n<table class=\"yiv6448983743MsoNormalTable\" border=\"0\" width=\"100%\" cellspacing=\"0\" cellpadding=\"0\">\n<tbody>\n<tr>\n<td>\n<div align=\"center\">\n<table class=\"yiv6448983743MsoNormalTable\" border=\"0\" cellspacing=\"0\" cellpadding=\"0\">\n<tbody>\n<tr>\n<td>\n<div align=\"center\">\n<table class=\"yiv6448983743MsoNormalTable\" border=\"0\" cellspacing=\"0\" cellpadding=\"0\">\n<tbody>\n<tr>\n<td><a rel=\"nofollow\" name=\"Layout_2\"><\/a><\/td>\n<\/tr>\n<tr>\n<td>\n<p class=\"yiv6448983743MsoNormal\" align=\"center\"><b>Trento, 26.11.2020<br \/>\nore 18.00<br \/>\nLa nuova enciclica &#8220;Fratres omnes&#8221;\u00a0<\/b><\/p>\n<\/td>\n<\/tr>\n<tr>\n<td><\/td>\n<\/tr>\n<\/tbody>\n<\/table>\n<\/div>\n<\/td>\n<\/tr>\n<\/tbody>\n<\/table>\n<\/div>\n<\/td>\n<\/tr>\n<\/tbody>\n<\/table>\n<\/div>\n<\/td>\n<\/tr>\n<\/tbody>\n<\/table>\n<\/td>\n<\/tr>\n<\/tbody>\n<\/table>\n<\/div>\n<\/td>\n<\/tr>\n<tr>\n<td valign=\"top\">\n<div align=\"center\">\n<table id=\"yiv6448983743Layout_3\" class=\"yiv6448983743MsoNormalTable\" border=\"0\" width=\"100%\" cellspacing=\"0\" cellpadding=\"0\">\n<tbody>\n<tr>\n<td valign=\"top\" width=\"590\">\n<table class=\"yiv6448983743MsoNormalTable\" border=\"0\" width=\"100%\" cellspacing=\"0\" cellpadding=\"0\">\n<tbody>\n<tr>\n<td valign=\"top\">\n<div align=\"center\">\n<table class=\"yiv6448983743MsoNormalTable\" border=\"0\" width=\"100%\" cellspacing=\"0\" cellpadding=\"0\">\n<tbody>\n<tr>\n<td><\/td>\n<\/tr>\n<tr>\n<td valign=\"top\">\n<table class=\"yiv6448983743MsoNormalTable\" border=\"0\" width=\"100%\" cellspacing=\"0\" cellpadding=\"0\">\n<tbody>\n<tr>\n<td valign=\"top\" width=\"550\">\n<table class=\"yiv6448983743MsoNormalTable\" border=\"0\" width=\"550\" cellspacing=\"0\" cellpadding=\"0\" align=\"left\">\n<tbody>\n<tr>\n<td valign=\"top\" width=\"100%\">\n<div align=\"center\">\n<table class=\"yiv6448983743MsoNormalTable\" border=\"0\" width=\"100%\" cellspacing=\"0\" cellpadding=\"0\">\n<tbody>\n<tr>\n<td valign=\"top\" width=\"100%\">\n<div align=\"center\">\n<table class=\"yiv6448983743MsoNormalTable\" border=\"0\" cellspacing=\"0\" cellpadding=\"0\">\n<tbody>\n<tr>\n<td>\n<div>\n<div>\n<p class=\"yiv6448983743MsoNormal\"><img class=\"lazyload\" id=\"yiv6448983743_x0000_i1027\" src=\"data:image\/gif;base64,R0lGODlhAQABAIAAAAAAAP\/\/\/yH5BAEAAAAALAAAAAABAAEAAAIBRAA7\" data-src=\"https:\/\/ecp.yusercontent.com\/mail?url=http%3A%2F%2F5mzm9.img.ah.d.sendibm4.com%2Fim%2F3208869%2Fa259f3617bc9315e90cf8de92aa9a920ccd7184a94c0c8b53700708bbbe16ac8.jpeg%3Fe%3DKLEt0QGjza_5gPc5nR8Tv6mnq_yaZJJGaDc4UFdLe5B_vnV_zVOaJ5oRVz3faTvpNLHuMb8Y3m1MPvWXCNx0pMaN_7TL4gCduboLuZemRFk0VHoCucP8PZ_5cpf8EHgHaE9TboQgp4s4WGnaOj0UEMEYWRXJELd67P5eUiSJtzPqUImqqLYcD2MhtfbouIG8hBP0IUbyOkC_3NZJtj55X1TQB-X2yCZUenktXtlW&amp;t=1605111042&amp;ymreqid=e3b797dd-4fa4-6f4a-1c37-bf0010017c00&amp;sig=TLv.ZTJCSqyiTodkul98fw--~D\" width=\"325\" \/><noscript><img class=\"lazyload\" id=\"yiv6448983743_x0000_i1027\" src=\"https:\/\/ecp.yusercontent.com\/mail?url=http%3A%2F%2F5mzm9.img.ah.d.sendibm4.com%2Fim%2F3208869%2Fa259f3617bc9315e90cf8de92aa9a920ccd7184a94c0c8b53700708bbbe16ac8.jpeg%3Fe%3DKLEt0QGjza_5gPc5nR8Tv6mnq_yaZJJGaDc4UFdLe5B_vnV_zVOaJ5oRVz3faTvpNLHuMb8Y3m1MPvWXCNx0pMaN_7TL4gCduboLuZemRFk0VHoCucP8PZ_5cpf8EHgHaE9TboQgp4s4WGnaOj0UEMEYWRXJELd67P5eUiSJtzPqUImqqLYcD2MhtfbouIG8hBP0IUbyOkC_3NZJtj55X1TQB-X2yCZUenktXtlW&amp;t=1605111042&amp;ymreqid=e3b797dd-4fa4-6f4a-1c37-bf0010017c00&amp;sig=TLv.ZTJCSqyiTodkul98fw--~D\" width=\"325\" \/><\/noscript><\/p>\n<\/div>\n<\/div>\n<\/td>\n<\/tr>\n<\/tbody>\n<\/table>\n<\/div>\n<\/td>\n<\/tr>\n<\/tbody>\n<\/table>\n<\/div>\n<\/td>\n<\/tr>\n<tr>\n<td><\/td>\n<\/tr>\n<tr>\n<td>\n<p class=\"yiv6448983743MsoNormal\" align=\"center\"><b>Incontro con<br \/>\ndon Bruno Tomasi<\/b><\/p>\n<\/td>\n<\/tr>\n<tr>\n<td><\/td>\n<\/tr>\n<tr>\n<td>\n<div>\n<p class=\"yiv6448983743MsoNormal\">L&#8217;incontro, viste le recenti disposizioni del Governo, si terr\u00e0 in videoconferenza, a mezzo della piattaforma Teams.<br \/>\nEntro il giorno che precede l&#8217;evento verr\u00e0 inviato, a cura della Segreteria di ISA Spa, il link da cliccare per collegarsi.<\/p>\n<p class=\"yiv6448983743MsoNormal\">Per eventuali necessit\u00e0 inerenti il collegamento e l&#8217;uso della piattaforma Teams si invita a fare riferimento alla Segreteria di ISA Spa (Signore Carmen e Cristina 0461 984 798, che ringraziamo per la disponibilit\u00e0).<\/p>\n<p class=\"yiv6448983743MsoNormal\">Un cordiale saluto e arrivederci a presto!<\/p>\n<p class=\"yiv6448983743MsoNormal\">Luca Filagrana<\/p>\n<p class=\"yiv6448983743MsoNormal\">referente per il Gruppo di Trento<\/p>\n<p class=\"yiv6448983743MsoNormal\">+39 335 129 2572<\/p>\n<\/div>\n<\/td>\n<\/tr>\n<\/tbody>\n<\/table>\n<\/td>\n<\/tr>\n<\/tbody>\n<\/table>\n<\/td>\n<\/tr>\n<\/tbody>\n<\/table>\n<\/div>\n<\/td>\n<\/tr>\n<\/tbody>\n<\/table>\n<\/td>\n<\/tr>\n<\/tbody>\n<\/table>\n<\/div>\n<\/td>\n<\/tr>\n<\/tbody>\n<\/table>\n","protected":false},"excerpt":{"rendered":"<p>Trento, 26.11.2020 ore 18.00 La nuova enciclica &#8220;Fratres omnes&#8221;\u00a0 Incontro con don Bruno Tomasi L&#8217;incontro, viste le recenti disposizioni del Governo, si terr\u00e0 in videoconferenza, a mezzo della piattaforma Teams. Entro il giorno che precede l&#8217;evento verr\u00e0 inviato, a cura della Segreteria di ISA Spa, il link da cliccare per collegarsi. Per eventuali necessit\u00e0 inerenti il collegamento e l&#8217;uso della piattaforma Teams si invita a fare riferimento alla Segreteria di ISA Spa (Signore Carmen e Cristina 0461 984 798, che ringraziamo per la disponibilit\u00e0). Un cordiale saluto e arrivederci a presto! Luca Filagrana referente per il Gruppo di Trento +39&#8230;<\/p>\n","protected":false},"author":2,"featured_media":0,"parent":14975,"menu_order":0,"comment_status":"closed","ping_status":"closed","template":"","meta":[],"categories":[],"tags":[205],"_links":{"self":[{"href":"https:\/\/centesimusannus-stg.catholica.va\/en\/wp-json\/wp\/v2\/pages\/13253"}],"collection":[{"href":"https:\/\/centesimusannus-stg.catholica.va\/en\/wp-json\/wp\/v2\/pages"}],"about":[{"href":"https:\/\/centesimusannus-stg.catholica.va\/en\/wp-json\/wp\/v2\/types\/page"}],"author":[{"embeddable":true,"href":"https:\/\/centesimusannus-stg.catholica.va\/en\/wp-json\/wp\/v2\/users\/2"}],"replies":[{"embeddable":true,"href":"https:\/\/centesimusannus-stg.catholica.va\/en\/wp-json\/wp\/v2\/comments?post=13253"}],"version-history":[{"count":0,"href":"https:\/\/centesimusannus-stg.catholica.va\/en\/wp-json\/wp\/v2\/pages\/13253\/revisions"}],"up":[{"embeddable":true,"href":"https:\/\/centesimusannus-stg.catholica.va\/en\/wp-json\/wp\/v2\/pages\/14975"}],"wp:attachment":[{"href":"https:\/\/centesimusannus-stg.catholica.va\/en\/wp-json\/wp\/v2\/media?parent=13253"}],"wp:term":[{"taxonomy":"category","embeddable":true,"href":"https:\/\/centesimusannus-stg.catholica.va\/en\/wp-json\/wp\/v2\/categories?post=13253"},{"taxonomy":"post_tag","embeddable":true,"href":"https:\/\/centesimusannus-stg.catholica.va\/en\/wp-json\/wp\/v2\/tags?post=13253"}],"curies":[{"name":"wp","href":"https:\/\/api.w.org\/{rel}","templated":true}]}}