{"id":13270,"date":"2020-11-16T13:07:10","date_gmt":"2020-11-16T12:07:10","guid":{"rendered":"http:\/\/centesimusannus-stg.catholica.va\/?page_id=13270"},"modified":"2021-12-10T17:12:58","modified_gmt":"2021-12-10T16:12:58","slug":"10th-festival-of-the-social-doctrine-of-the-church","status":"publish","type":"page","link":"https:\/\/centesimusannus-stg.catholica.va\/en\/activities\/local\/italy\/turin\/10th-festival-of-the-social-doctrine-of-the-church\/","title":{"rendered":"10th Festival of the Social Doctrine of the Church"},"content":{"rendered":"<p class=\"yiv4159460589MsoNormal\" style=\"text-align: justify;\">Cari Amici,<\/p>\n<div>\n<div id=\"yiv4159460589gmail-:4t8\">\n<div id=\"yiv4159460589gmail-:4t9\">\n<p class=\"yiv4159460589MsoNormal\" style=\"text-align: justify;\">Vi trasmetto <a href=\"https:\/\/centesimusannus-stg.catholica.va\/wp-content\/uploads\/2020\/11\/LOCANDINA-FESTIVAL-DOTTRINA-SOCIALE_TORINO_INTERATTIVO.pdf\" target=\"_blank\" rel=\"noopener\">in allegato la locandina<\/a> con il programma del Festival della Dottrina Sociale della Chiesa dal titolo &#8220;Memoria\u00a0del futuro&#8221; che si terr\u00e0 a Torino dal 23 al 26 novembre.<\/p>\n<div style=\"text-align: justify;\">\n<p class=\"yiv4159460589MsoNormal\">L&#8217;iniziativa, nata a Verona e giunta alla decima edizione, coinvolger\u00e0 quest&#8217;anno 25 citt\u00e0 italiane con iniziative a livello locale che troveranno\u00a0poi conclusione e sintesi a fine novembre nella parte nazionale a Verona.<\/p>\n<\/div>\n<div style=\"text-align: justify;\">\n<p class=\"yiv4159460589MsoNormal\">Vi invito a partecipare agli appuntamenti previsti che si terranno solo in via telematica.<\/p>\n<\/div>\n<div style=\"text-align: justify;\">\n<p class=\"yiv4159460589MsoNormal\">I temi delle due giornate richiamano nel titolo quanto trattato dall&#8217;ultimo Convegno internazionale della nostra Fondazione ovvero &#8220;Educazione verso Impresa&#8221; ed &#8220;Impresa verso Educazione&#8221; con le testimonianze di esperienze pratiche e la rilettura delle stesse alla luce del Magistero.<\/p>\n<\/div>\n<div style=\"text-align: justify;\">\n<p class=\"yiv4159460589MsoNormal\">La Fondazione Centesimus Annus \u00e8 tra gli enti promotori e questa potrebbe essere una prima occasione di incontro anche in vista di possibili iniziative future, auspicate a livello torinese, come ad esempio un laboratorio permanente\u00a0per la diffusione della Dottrina Sociale della Chiesa.<\/p>\n<\/div>\n<div>\n<p class=\"yiv4159460589MsoNormal\" style=\"text-align: justify;\">In attesa di potervi presto incontrare vi invio\u00a0i miei pi\u00f9 cordiali saluti<\/p>\n<p class=\"yiv4159460589MsoNormal\">Andrea Angeli<\/p>\n<\/div>\n<div>\n<p class=\"yiv4159460589MsoNormal\">Referente FCAPP Torino<\/p>\n<\/div>\n<\/div>\n<\/div>\n<\/div>\n","protected":false},"excerpt":{"rendered":"<p>Cari Amici, Vi trasmetto in allegato la locandina con il programma del Festival della Dottrina Sociale della Chiesa dal titolo &#8220;Memoria\u00a0del futuro&#8221; che si terr\u00e0 a Torino dal 23 al 26 novembre. L&#8217;iniziativa, nata a Verona e giunta alla decima edizione, coinvolger\u00e0 quest&#8217;anno 25 citt\u00e0 italiane con iniziative a livello locale che troveranno\u00a0poi conclusione e sintesi a fine novembre nella parte nazionale a Verona. Vi invito a partecipare agli appuntamenti previsti che si terranno solo in via telematica. I temi delle due giornate richiamano nel titolo quanto trattato dall&#8217;ultimo Convegno internazionale della nostra Fondazione ovvero &#8220;Educazione verso Impresa&#8221; ed &#8220;Impresa&#8230;<\/p>\n","protected":false},"author":2,"featured_media":0,"parent":15417,"menu_order":0,"comment_status":"closed","ping_status":"closed","template":"","meta":[],"categories":[32],"tags":[223],"_links":{"self":[{"href":"https:\/\/centesimusannus-stg.catholica.va\/en\/wp-json\/wp\/v2\/pages\/13270"}],"collection":[{"href":"https:\/\/centesimusannus-stg.catholica.va\/en\/wp-json\/wp\/v2\/pages"}],"about":[{"href":"https:\/\/centesimusannus-stg.catholica.va\/en\/wp-json\/wp\/v2\/types\/page"}],"author":[{"embeddable":true,"href":"https:\/\/centesimusannus-stg.catholica.va\/en\/wp-json\/wp\/v2\/users\/2"}],"replies":[{"embeddable":true,"href":"https:\/\/centesimusannus-stg.catholica.va\/en\/wp-json\/wp\/v2\/comments?post=13270"}],"version-history":[{"count":0,"href":"https:\/\/centesimusannus-stg.catholica.va\/en\/wp-json\/wp\/v2\/pages\/13270\/revisions"}],"up":[{"embeddable":true,"href":"https:\/\/centesimusannus-stg.catholica.va\/en\/wp-json\/wp\/v2\/pages\/15417"}],"wp:attachment":[{"href":"https:\/\/centesimusannus-stg.catholica.va\/en\/wp-json\/wp\/v2\/media?parent=13270"}],"wp:term":[{"taxonomy":"category","embeddable":true,"href":"https:\/\/centesimusannus-stg.catholica.va\/en\/wp-json\/wp\/v2\/categories?post=13270"},{"taxonomy":"post_tag","embeddable":true,"href":"https:\/\/centesimusannus-stg.catholica.va\/en\/wp-json\/wp\/v2\/tags?post=13270"}],"curies":[{"name":"wp","href":"https:\/\/api.w.org\/{rel}","templated":true}]}}