{"id":13313,"date":"2020-11-16T20:58:12","date_gmt":"2020-11-16T19:58:12","guid":{"rendered":"http:\/\/centesimusannus-stg.catholica.va\/?page_id=13313"},"modified":"2021-12-10T12:00:37","modified_gmt":"2021-12-10T11:00:37","slug":"paper-by-the-milan-group-to-the-foundations-international-conference-2020-2-2","status":"publish","type":"page","link":"https:\/\/centesimusannus-stg.catholica.va\/en\/activities\/local\/italy\/milan\/paper-by-the-milan-group-to-the-foundations-international-conference-2020-2-2\/","title":{"rendered":"Reminder Meeting November 16th Milan Chapter"},"content":{"rendered":"<p>Carissimi,<\/p>\n<p style=\"text-align: justify;\">Vi rammento che luned\u00ec 16\/11 si terr\u00e0 la prossima riunione del Chapter di Milano che avverr\u00e0\u00a0a distanza tramite la piattaforma Zoom.<\/p>\n<p style=\"text-align: justify;\">La riunione verter\u00e0 sull&#8217;ultima Enciclica di Papa Francesco &#8220;Fratelli tutti&#8221; che sar\u00e0 oggetto di una presentazione da parte di Don Walter.<\/p>\n<p style=\"text-align: justify;\">L&#8217;incontro si svolger\u00e0 a partire dalle ore 18.30, di seguito Vi fornisco il link per accedere alla riunione:<\/p>\n<p><a href=\"https:\/\/us02web.zoom.us\/j\/81691905095\">https:\/\/us02web.zoom.us\/j\/81691905095<\/a><\/p>\n<p>Un caro saluto<\/p>\n<p>Piero Candido Tagliabue<\/p>\n<p>Segretario Coordinatore Chapter di Milano FCAPP<\/p>\n<p>&nbsp;<\/p>\n<p>&nbsp;<\/p>\n","protected":false},"excerpt":{"rendered":"<p>Carissimi, Vi rammento che luned\u00ec 16\/11 si terr\u00e0 la prossima riunione del Chapter di Milano che avverr\u00e0\u00a0a distanza tramite la piattaforma Zoom. La riunione verter\u00e0 sull&#8217;ultima Enciclica di Papa Francesco &#8220;Fratelli tutti&#8221; che sar\u00e0 oggetto di una presentazione da parte di Don Walter. L&#8217;incontro si svolger\u00e0 a partire dalle ore 18.30, di seguito Vi fornisco il link per accedere alla riunione: https:\/\/us02web.zoom.us\/j\/81691905095 Un caro saluto Piero Candido Tagliabue Segretario Coordinatore Chapter di Milano FCAPP &nbsp; &nbsp;<\/p>\n","protected":false},"author":2,"featured_media":0,"parent":14929,"menu_order":0,"comment_status":"closed","ping_status":"closed","template":"","meta":[],"categories":[],"tags":[186],"_links":{"self":[{"href":"https:\/\/centesimusannus-stg.catholica.va\/en\/wp-json\/wp\/v2\/pages\/13313"}],"collection":[{"href":"https:\/\/centesimusannus-stg.catholica.va\/en\/wp-json\/wp\/v2\/pages"}],"about":[{"href":"https:\/\/centesimusannus-stg.catholica.va\/en\/wp-json\/wp\/v2\/types\/page"}],"author":[{"embeddable":true,"href":"https:\/\/centesimusannus-stg.catholica.va\/en\/wp-json\/wp\/v2\/users\/2"}],"replies":[{"embeddable":true,"href":"https:\/\/centesimusannus-stg.catholica.va\/en\/wp-json\/wp\/v2\/comments?post=13313"}],"version-history":[{"count":0,"href":"https:\/\/centesimusannus-stg.catholica.va\/en\/wp-json\/wp\/v2\/pages\/13313\/revisions"}],"up":[{"embeddable":true,"href":"https:\/\/centesimusannus-stg.catholica.va\/en\/wp-json\/wp\/v2\/pages\/14929"}],"wp:attachment":[{"href":"https:\/\/centesimusannus-stg.catholica.va\/en\/wp-json\/wp\/v2\/media?parent=13313"}],"wp:term":[{"taxonomy":"category","embeddable":true,"href":"https:\/\/centesimusannus-stg.catholica.va\/en\/wp-json\/wp\/v2\/categories?post=13313"},{"taxonomy":"post_tag","embeddable":true,"href":"https:\/\/centesimusannus-stg.catholica.va\/en\/wp-json\/wp\/v2\/tags?post=13313"}],"curies":[{"name":"wp","href":"https:\/\/api.w.org\/{rel}","templated":true}]}}