{"id":13606,"date":"2020-12-17T12:43:28","date_gmt":"2020-12-17T11:43:28","guid":{"rendered":"http:\/\/centesimusannus-stg.catholica.va\/?page_id=13606"},"modified":"2021-12-10T12:01:09","modified_gmt":"2021-12-10T11:01:09","slug":"milan-chapter-next-appointments","status":"publish","type":"page","link":"https:\/\/centesimusannus-stg.catholica.va\/en\/activities\/local\/italy\/milan\/milan-chapter-next-appointments\/","title":{"rendered":"Milan Chapter &#8211; Next appointments"},"content":{"rendered":"<p>Carissimi,<\/p>\n<p>Vi comunico le date che sono state fissate per gli incontri del nostro Chapter nel 2021:<\/p>\n<ul>\n<li><strong>Marted\u00ec 19 gennaio<\/strong><\/li>\n<li><strong>Luned\u00ec 8 febbraio<\/strong><\/li>\n<li><strong>Sabato 27 marzo,<\/strong> ritiro spirituale presso Villa Cagnola<\/li>\n<li><strong>Luned\u00ec 12 aprile<\/strong><\/li>\n<li><strong>Marted\u00ec 18 maggio<\/strong><\/li>\n<\/ul>\n<p>Di volta in volta si valuter\u00e0 se le riunioni si potranno tenere in presenza presso la sala riunioni di San Giorgio oppure a distanza.<\/p>\n<p>Un caro saluto<strong>\u00a0<\/strong><\/p>\n<p>Piero Candido Tagliabue<\/p>\n<p>Segretario Coordinatore Chapter di Milano FCAPP<\/p>\n<p>&nbsp;<\/p>\n<p>&nbsp;<\/p>\n","protected":false},"excerpt":{"rendered":"<p>Carissimi, Vi comunico le date che sono state fissate per gli incontri del nostro Chapter nel 2021: Marted\u00ec 19 gennaio Luned\u00ec 8 febbraio Sabato 27 marzo, ritiro spirituale presso Villa Cagnola Luned\u00ec 12 aprile Marted\u00ec 18 maggio Di volta in volta si valuter\u00e0 se le riunioni si potranno tenere in presenza presso la sala riunioni di San Giorgio oppure a distanza. Un caro saluto\u00a0 Piero Candido Tagliabue Segretario Coordinatore Chapter di Milano FCAPP &nbsp; &nbsp;<\/p>\n","protected":false},"author":2,"featured_media":0,"parent":14929,"menu_order":0,"comment_status":"closed","ping_status":"closed","template":"","meta":[],"categories":[],"tags":[186],"_links":{"self":[{"href":"https:\/\/centesimusannus-stg.catholica.va\/en\/wp-json\/wp\/v2\/pages\/13606"}],"collection":[{"href":"https:\/\/centesimusannus-stg.catholica.va\/en\/wp-json\/wp\/v2\/pages"}],"about":[{"href":"https:\/\/centesimusannus-stg.catholica.va\/en\/wp-json\/wp\/v2\/types\/page"}],"author":[{"embeddable":true,"href":"https:\/\/centesimusannus-stg.catholica.va\/en\/wp-json\/wp\/v2\/users\/2"}],"replies":[{"embeddable":true,"href":"https:\/\/centesimusannus-stg.catholica.va\/en\/wp-json\/wp\/v2\/comments?post=13606"}],"version-history":[{"count":0,"href":"https:\/\/centesimusannus-stg.catholica.va\/en\/wp-json\/wp\/v2\/pages\/13606\/revisions"}],"up":[{"embeddable":true,"href":"https:\/\/centesimusannus-stg.catholica.va\/en\/wp-json\/wp\/v2\/pages\/14929"}],"wp:attachment":[{"href":"https:\/\/centesimusannus-stg.catholica.va\/en\/wp-json\/wp\/v2\/media?parent=13606"}],"wp:term":[{"taxonomy":"category","embeddable":true,"href":"https:\/\/centesimusannus-stg.catholica.va\/en\/wp-json\/wp\/v2\/categories?post=13606"},{"taxonomy":"post_tag","embeddable":true,"href":"https:\/\/centesimusannus-stg.catholica.va\/en\/wp-json\/wp\/v2\/tags?post=13606"}],"curies":[{"name":"wp","href":"https:\/\/api.w.org\/{rel}","templated":true}]}}