{"id":13704,"date":"2021-01-18T17:44:38","date_gmt":"2021-01-18T16:44:38","guid":{"rendered":"http:\/\/centesimusannus-stg.catholica.va\/?page_id=13704"},"modified":"2021-12-10T11:13:45","modified_gmt":"2021-12-10T10:13:45","slug":"reminder-meeting-milan-chapter-january-19th-2021","status":"publish","type":"page","link":"https:\/\/centesimusannus-stg.catholica.va\/en\/activities\/local\/italy\/milan\/reminder-meeting-milan-chapter-january-19th-2021\/","title":{"rendered":"Reminder meeting Milan Chapter January 19th, 2021\u00a0"},"content":{"rendered":"<p>Carissimi,<\/p>\n<p style=\"text-align: justify;\">\u00a0 \u00a0 \u00a0 \u00a0 \u00a0 \u00a0 \u00a0 \u00a0Vi ricordo che il marted\u00ec 19 gennaio si terr\u00e0 la prossima riunione del Chapter di Milano, come da programma precedentemente inviato.<\/p>\n<p style=\"text-align: justify;\">Per le problematiche Covid la riunione si svolger\u00e0 a distanza utilizzando come di consueto la piattaforma ZOOM. A breve Vi comunicher\u00f2 il link per effettuare il collegamento. L&#8217;orario sar\u00e0 come al solito a partire dalle 18.00\/18.15.<\/p>\n<p style=\"text-align: justify;\">Lo scopo della riunione sar\u00e0 di avviare la riflessione per individuare l&#8217;argomento sul quale lavoreremo come Chapter di Milano nell&#8217;ambito del tema che caratterizzer\u00e0\u00a0la Convention Internazionale 2021:<\/p>\n<p><strong>&#8220;Solidarity, cooperation and responsibility: the antidotes to fight injustices, inequalities and exclusions&#8221;<\/strong><\/p>\n<p>La Convention avr\u00e0 luogo il 21\/22\/23 ottobre 2021 e si svolger\u00e0 in presenza.<\/p>\n<p>Un caro saluto.<\/p>\n<p>Piero Candido Tagliabue<\/p>\n<p>Segretario Coordinatore Chapter di Milano FCAPP<\/p>\n<p>&nbsp;<\/p>\n<p>&nbsp;<\/p>\n","protected":false},"excerpt":{"rendered":"<p>Carissimi, \u00a0 \u00a0 \u00a0 \u00a0 \u00a0 \u00a0 \u00a0 \u00a0Vi ricordo che il marted\u00ec 19 gennaio si terr\u00e0 la prossima riunione del Chapter di Milano, come da programma precedentemente inviato. Per le problematiche Covid la riunione si svolger\u00e0 a distanza utilizzando come di consueto la piattaforma ZOOM. A breve Vi comunicher\u00f2 il link per effettuare il collegamento. L&#8217;orario sar\u00e0 come al solito a partire dalle 18.00\/18.15. Lo scopo della riunione sar\u00e0 di avviare la riflessione per individuare l&#8217;argomento sul quale lavoreremo come Chapter di Milano nell&#8217;ambito del tema che caratterizzer\u00e0\u00a0la Convention Internazionale 2021: &#8220;Solidarity, cooperation and responsibility: the antidotes to fight&#8230;<\/p>\n","protected":false},"author":2,"featured_media":0,"parent":14929,"menu_order":0,"comment_status":"closed","ping_status":"closed","template":"","meta":[],"categories":[],"tags":[108],"_links":{"self":[{"href":"https:\/\/centesimusannus-stg.catholica.va\/en\/wp-json\/wp\/v2\/pages\/13704"}],"collection":[{"href":"https:\/\/centesimusannus-stg.catholica.va\/en\/wp-json\/wp\/v2\/pages"}],"about":[{"href":"https:\/\/centesimusannus-stg.catholica.va\/en\/wp-json\/wp\/v2\/types\/page"}],"author":[{"embeddable":true,"href":"https:\/\/centesimusannus-stg.catholica.va\/en\/wp-json\/wp\/v2\/users\/2"}],"replies":[{"embeddable":true,"href":"https:\/\/centesimusannus-stg.catholica.va\/en\/wp-json\/wp\/v2\/comments?post=13704"}],"version-history":[{"count":0,"href":"https:\/\/centesimusannus-stg.catholica.va\/en\/wp-json\/wp\/v2\/pages\/13704\/revisions"}],"up":[{"embeddable":true,"href":"https:\/\/centesimusannus-stg.catholica.va\/en\/wp-json\/wp\/v2\/pages\/14929"}],"wp:attachment":[{"href":"https:\/\/centesimusannus-stg.catholica.va\/en\/wp-json\/wp\/v2\/media?parent=13704"}],"wp:term":[{"taxonomy":"category","embeddable":true,"href":"https:\/\/centesimusannus-stg.catholica.va\/en\/wp-json\/wp\/v2\/categories?post=13704"},{"taxonomy":"post_tag","embeddable":true,"href":"https:\/\/centesimusannus-stg.catholica.va\/en\/wp-json\/wp\/v2\/tags?post=13704"}],"curies":[{"name":"wp","href":"https:\/\/api.w.org\/{rel}","templated":true}]}}