{"id":13757,"date":"2021-01-25T17:47:37","date_gmt":"2021-01-25T16:47:37","guid":{"rendered":"http:\/\/centesimusannus-stg.catholica.va\/?page_id=13757"},"modified":"2021-12-10T11:11:11","modified_gmt":"2021-12-10T10:11:11","slug":"13rd-february-2021-digital-capp-study-day","status":"publish","type":"page","link":"https:\/\/centesimusannus-stg.catholica.va\/en\/activities\/local\/germany\/13rd-february-2021-digital-capp-study-day\/","title":{"rendered":"February 13rd 2021 &#8211; Digital CAPP Study Day"},"content":{"rendered":"<p>Liebe Freunde und Mitglieder von CAPP<\/p>\n<p style=\"text-align: justify;\">Die Bew\u00e4ltigung der Corona-Pandemie ist eine der gr\u00f6\u00dften Herausforderung unserer Zeit. Wie kann uns diese Herkulesaufgabe gelingen?<\/p>\n<p style=\"text-align: justify;\">Welche Rolle sollte die Christliche Sozialethik dabei spielen? Ist sie f\u00fcr die \u00f6konomische Erholung ein Hemmschuh, oder die Blaupause f\u00fcr eine soziale und \u00f6kologische Neuausrichtung unserer (Welt-) Wirtschaftsgesellschaft?<\/p>\n<p style=\"text-align: justify;\">Diesen Fragen m\u00f6chten wir w\u00e4hrend unseres Frankfurter CAPP- Studientages am\u00a0<strong>Samstag, den 13. Februar 2021<\/strong>\u00a0auf den Grund gehen und laden Sie herzlich dazu ein.<\/p>\n<p style=\"text-align: justify;\">Im Anhang finden Sie dazu das Tagungsprogramm.<\/p>\n<p style=\"text-align: justify;\"><strong>Coronabedingt\u00a0wird der Studientag\u00a0<u>digital<\/u>\u00a0stattfinden.<\/strong><\/p>\n<p style=\"text-align: justify;\"><strong>Die Zugangsdaten erhalten Sie nach der verbindlichen Anmeldung, die wir bis zum 8. Februar 2021 erbitten.<\/strong><\/p>\n<p style=\"text-align: justify;\"><strong>Anmeldung bitte nur per Mail an<\/strong><strong>\u00a0<\/strong><strong>\u00e0<\/strong><strong>\u00a0\u00a0<a href=\"mailto:info@loewenstein.de\">info@loewenstein.de<\/a><\/strong><strong>\u00a0\u00a0<\/strong><strong>\u00df<\/strong><strong>\u00a0.<\/strong><\/p>\n<p style=\"text-align: justify;\">Wir m\u00f6chten unsere Diskussion digital aufzeichnen und werten Ihre Anmeldung als Zustimmung.<\/p>\n<p style=\"text-align: justify;\">Mein besonderer Dank gilt Frau Dr. Eleonora Bonacossa, in deren bew\u00e4hrten H\u00e4nden die Vorbereitung des Frankfurter Studientags liegt.<\/p>\n<p style=\"text-align: justify;\">Es w\u00fcrde mich sehr freuen wenn wir uns anl\u00e4sslich des Studientags in gro\u00dfer Zahl wiedersehen. St\u00e4rken Sie durch Ihre Teilnahme die Gemeinschaft unserer p\u00e4pstlichen Stiftung, die am Ende der Tagung durch den gemeinsamen Gesang von Laudato Si fr\u00f6hlich zum Ausdruck kommen wird.<\/p>\n<p style=\"text-align: justify;\">Von Herzen w\u00fcnsche ich Ihnen gute Gesundheit und Gottes reichen Segen,<\/p>\n<p style=\"text-align: justify;\">stets, Ihr<\/p>\n<p style=\"text-align: justify;\">Thomas Rusche<\/p>\n<p style=\"text-align: justify;\"><a href=\"https:\/\/centesimusannus-stg.catholica.va\/wp-content\/uploads\/2021\/01\/Laudato-Si\u0301-Text.pdf\" target=\"_blank\" rel=\"noopener\">Downloaden Laudatio Si<\/a><\/p>\n<p><a href=\"https:\/\/centesimusannus-stg.catholica.va\/wp-content\/uploads\/2021\/01\/Programm-Digitaler-Frankfurter-Studientag.pdf\" target=\"_blank\" rel=\"noopener\">Downloaden Program<\/a><\/p>\n<p><a href=\"https:\/\/centesimusannus-stg.catholica.va\/wp-content\/uploads\/2021\/01\/Tagesordnung-MV-13.02.2021.pdf\" target=\"_blank\" rel=\"noopener\">Dowloadem Tagesordnung<\/a><\/p>\n","protected":false},"excerpt":{"rendered":"<p>Liebe Freunde und Mitglieder von CAPP Die Bew\u00e4ltigung der Corona-Pandemie ist eine der gr\u00f6\u00dften Herausforderung unserer Zeit. Wie kann uns diese Herkulesaufgabe gelingen? Welche Rolle sollte die Christliche Sozialethik dabei spielen? Ist sie f\u00fcr die \u00f6konomische Erholung ein Hemmschuh, oder die Blaupause f\u00fcr eine soziale und \u00f6kologische Neuausrichtung unserer (Welt-) Wirtschaftsgesellschaft? Diesen Fragen m\u00f6chten wir w\u00e4hrend unseres Frankfurter CAPP- Studientages am\u00a0Samstag, den 13. Februar 2021\u00a0auf den Grund gehen und laden Sie herzlich dazu ein. Im Anhang finden Sie dazu das Tagungsprogramm. Coronabedingt\u00a0wird der Studientag\u00a0digital\u00a0stattfinden. Die Zugangsdaten erhalten Sie nach der verbindlichen Anmeldung, die wir bis zum 8. Februar 2021 erbitten&#8230;.<\/p>\n","protected":false},"author":2,"featured_media":0,"parent":14894,"menu_order":0,"comment_status":"closed","ping_status":"closed","template":"","meta":[],"categories":[],"tags":[103],"_links":{"self":[{"href":"https:\/\/centesimusannus-stg.catholica.va\/en\/wp-json\/wp\/v2\/pages\/13757"}],"collection":[{"href":"https:\/\/centesimusannus-stg.catholica.va\/en\/wp-json\/wp\/v2\/pages"}],"about":[{"href":"https:\/\/centesimusannus-stg.catholica.va\/en\/wp-json\/wp\/v2\/types\/page"}],"author":[{"embeddable":true,"href":"https:\/\/centesimusannus-stg.catholica.va\/en\/wp-json\/wp\/v2\/users\/2"}],"replies":[{"embeddable":true,"href":"https:\/\/centesimusannus-stg.catholica.va\/en\/wp-json\/wp\/v2\/comments?post=13757"}],"version-history":[{"count":0,"href":"https:\/\/centesimusannus-stg.catholica.va\/en\/wp-json\/wp\/v2\/pages\/13757\/revisions"}],"up":[{"embeddable":true,"href":"https:\/\/centesimusannus-stg.catholica.va\/en\/wp-json\/wp\/v2\/pages\/14894"}],"wp:attachment":[{"href":"https:\/\/centesimusannus-stg.catholica.va\/en\/wp-json\/wp\/v2\/media?parent=13757"}],"wp:term":[{"taxonomy":"category","embeddable":true,"href":"https:\/\/centesimusannus-stg.catholica.va\/en\/wp-json\/wp\/v2\/categories?post=13757"},{"taxonomy":"post_tag","embeddable":true,"href":"https:\/\/centesimusannus-stg.catholica.va\/en\/wp-json\/wp\/v2\/tags?post=13757"}],"curies":[{"name":"wp","href":"https:\/\/api.w.org\/{rel}","templated":true}]}}