{"id":13771,"date":"2021-02-01T17:57:55","date_gmt":"2021-02-01T16:57:55","guid":{"rendered":"http:\/\/centesimusannus-stg.catholica.va\/?page_id=13771"},"modified":"2021-12-10T11:13:23","modified_gmt":"2021-12-10T10:13:23","slug":"meeting-february-3rd-2021-at-6-30-pm-capp-rome-chapter","status":"publish","type":"page","link":"https:\/\/centesimusannus-stg.catholica.va\/en\/activities\/local\/italy\/rome\/meeting-february-3rd-2021-at-6-30-pm-capp-rome-chapter\/","title":{"rendered":"Meeting February 3rd, 2021 at 6.30 pm &#8211; CAPP Rome Chapter"},"content":{"rendered":"<p>Cari tutti,<\/p>\n<p style=\"text-align: justify;\">ricordo\u00a0l&#8217;incontro del giorno 3 febbraio pv alle ore 1830 sul tema del recupero delle periferie romane (e non solo) con due ospiti di eccezione: Don Stefano Meloni (Parroco della Magliana) e Don Roberto Cassano (Parroco del Corviale).\u00a0Aprir\u00e0 il dibattito il ns. Referente Spirituale, Mons Francesco Pesce che porter\u00e0 la sua testimonianza come Parrocchia e come Diocesi.<\/p>\n<p style=\"text-align: justify;\">Moderer\u00e0 Lorenzo Serino con il sottoscritto.<\/p>\n<p style=\"text-align: justify;\">Grazie a tutti per la collaborazione e spero che siate presenti in tanti.<\/p>\n<p style=\"text-align: justify;\">Faro&#8217; un recap il giorno prima dell&#8217;evento.<\/p>\n<p>Grazie a tutti, un saluto<\/p>\n<p>Alessandro Rizzo<\/p>\n<p><a href=\"https:\/\/centesimusannus-stg.catholica.va\/wp-content\/uploads\/2021\/02\/webinar-_-periferie-di-Roma.pdf\" target=\"_blank\" rel=\"noopener\">Scarica invito<\/a><\/p>\n","protected":false},"excerpt":{"rendered":"<p>Cari tutti, ricordo\u00a0l&#8217;incontro del giorno 3 febbraio pv alle ore 1830 sul tema del recupero delle periferie romane (e non solo) con due ospiti di eccezione: Don Stefano Meloni (Parroco della Magliana) e Don Roberto Cassano (Parroco del Corviale).\u00a0Aprir\u00e0 il dibattito il ns. Referente Spirituale, Mons Francesco Pesce che porter\u00e0 la sua testimonianza come Parrocchia e come Diocesi. Moderer\u00e0 Lorenzo Serino con il sottoscritto. Grazie a tutti per la collaborazione e spero che siate presenti in tanti. Faro&#8217; un recap il giorno prima dell&#8217;evento. Grazie a tutti, un saluto Alessandro Rizzo Scarica invito<\/p>\n","protected":false},"author":2,"featured_media":0,"parent":15027,"menu_order":0,"comment_status":"closed","ping_status":"closed","template":"","meta":[],"categories":[],"tags":[123],"_links":{"self":[{"href":"https:\/\/centesimusannus-stg.catholica.va\/en\/wp-json\/wp\/v2\/pages\/13771"}],"collection":[{"href":"https:\/\/centesimusannus-stg.catholica.va\/en\/wp-json\/wp\/v2\/pages"}],"about":[{"href":"https:\/\/centesimusannus-stg.catholica.va\/en\/wp-json\/wp\/v2\/types\/page"}],"author":[{"embeddable":true,"href":"https:\/\/centesimusannus-stg.catholica.va\/en\/wp-json\/wp\/v2\/users\/2"}],"replies":[{"embeddable":true,"href":"https:\/\/centesimusannus-stg.catholica.va\/en\/wp-json\/wp\/v2\/comments?post=13771"}],"version-history":[{"count":0,"href":"https:\/\/centesimusannus-stg.catholica.va\/en\/wp-json\/wp\/v2\/pages\/13771\/revisions"}],"up":[{"embeddable":true,"href":"https:\/\/centesimusannus-stg.catholica.va\/en\/wp-json\/wp\/v2\/pages\/15027"}],"wp:attachment":[{"href":"https:\/\/centesimusannus-stg.catholica.va\/en\/wp-json\/wp\/v2\/media?parent=13771"}],"wp:term":[{"taxonomy":"category","embeddable":true,"href":"https:\/\/centesimusannus-stg.catholica.va\/en\/wp-json\/wp\/v2\/categories?post=13771"},{"taxonomy":"post_tag","embeddable":true,"href":"https:\/\/centesimusannus-stg.catholica.va\/en\/wp-json\/wp\/v2\/tags?post=13771"}],"curies":[{"name":"wp","href":"https:\/\/api.w.org\/{rel}","templated":true}]}}