{"id":13777,"date":"2021-02-01T18:13:37","date_gmt":"2021-02-01T17:13:37","guid":{"rendered":"http:\/\/centesimusannus-stg.catholica.va\/?page_id=13777"},"modified":"2021-12-10T11:11:23","modified_gmt":"2021-12-10T10:11:23","slug":"february-2nd-at-21-30-invitation-ethics-and-technology-event","status":"publish","type":"page","link":"https:\/\/centesimusannus-stg.catholica.va\/en\/activities\/local\/italy\/bologna\/february-2nd-at-21-30-invitation-ethics-and-technology-event\/","title":{"rendered":"February 2nd at 21.30 &#8211; EVENT INVITATION  &#8220;Ethics and Technology&#8221;"},"content":{"rendered":"<p>Carissimi amici,<\/p>\n<p style=\"text-align: justify;\">domani sera alle 21.00 tramite il canale YouTube, \u00e8 stata organizzata una serata per parlare di Etica e Tecnologia.<\/p>\n<p style=\"text-align: justify;\">Segnalo che abbiamo organizzato insieme al \u00a0Centro San domenico un evento con il nostro Cardinale Matteo Zuppi, \u00a0per parlare dell\u2019Enciclica Fratelli Tutti.<\/p>\n<p style=\"text-align: justify;\">Appena avr\u00f2 la conferma vi scriver\u00f2 a stretto giro; dovrebbe essere per Marted\u00ec 23 Febbraio sempre alle ore 21.00 sempre tramite il canale YouTube.<\/p>\n<p>Buon proseguimento.<\/p>\n<p>Alberto Neri<\/p>\n<p>Referente Chapter FCAPP Bologna<\/p>\n<p style=\"text-align: center;\"><strong>I MARTEDI\u2019 DI SAN DOMENICO<\/strong><\/p>\n<p style=\"text-align: center;\"><strong>Marted\u00ec 2 febbraio 2021 &#8211;\u00a0ore 21<\/strong><\/p>\n<p style=\"text-align: center;\"><strong>2\u00b0 incontro del ciclo \u201cPersona e tecnologia\u201d<\/strong><\/p>\n<p style=\"text-align: center;\"><strong>\u00a0<\/strong><strong>Etica e tecnologia Un confronto problematico<\/strong><\/p>\n<p><strong>Rita Cucchiara:<\/strong><\/p>\n<p>Professore Ordinario di Sistemi di Elaborazione dell\u2019Informazione, Universit\u00e0 degli Studi di Modena e Reggio Emilia e Direttore del Laboratorio Nazionale Artificial Intelligence and Intelligent Systems del CINI\u2019<\/p>\n<p><strong>Viola Schiaffonati:<\/strong><\/p>\n<p>Professore Associato di Logica e Filosofia della Scienza-Politecnico di Milano<\/p>\n<p>Moderatore<\/p>\n<p><strong>Michele Cassetta:<\/strong><\/p>\n<p>Medico Chirurgo, Giornalista, Divulgatore Scientifico<\/p>\n<p><strong><u>Si pu\u00f2 seguire questa \u00a0serata in streaming\u00a0 collegandosi a :<\/u><\/strong>\u00a0\u00a0<strong><u>Centro San Domenico Youtube<\/u><\/strong><\/p>\n","protected":false},"excerpt":{"rendered":"<p>Carissimi amici, domani sera alle 21.00 tramite il canale YouTube, \u00e8 stata organizzata una serata per parlare di Etica e Tecnologia. Segnalo che abbiamo organizzato insieme al \u00a0Centro San domenico un evento con il nostro Cardinale Matteo Zuppi, \u00a0per parlare dell\u2019Enciclica Fratelli Tutti. Appena avr\u00f2 la conferma vi scriver\u00f2 a stretto giro; dovrebbe essere per Marted\u00ec 23 Febbraio sempre alle ore 21.00 sempre tramite il canale YouTube. Buon proseguimento. Alberto Neri Referente Chapter FCAPP Bologna I MARTEDI\u2019 DI SAN DOMENICO Marted\u00ec 2 febbraio 2021 &#8211;\u00a0ore 21 2\u00b0 incontro del ciclo \u201cPersona e tecnologia\u201d \u00a0Etica e tecnologia Un confronto problematico Rita&#8230;<\/p>\n","protected":false},"author":2,"featured_media":0,"parent":14993,"menu_order":0,"comment_status":"closed","ping_status":"closed","template":"","meta":[],"categories":[],"tags":[119],"_links":{"self":[{"href":"https:\/\/centesimusannus-stg.catholica.va\/en\/wp-json\/wp\/v2\/pages\/13777"}],"collection":[{"href":"https:\/\/centesimusannus-stg.catholica.va\/en\/wp-json\/wp\/v2\/pages"}],"about":[{"href":"https:\/\/centesimusannus-stg.catholica.va\/en\/wp-json\/wp\/v2\/types\/page"}],"author":[{"embeddable":true,"href":"https:\/\/centesimusannus-stg.catholica.va\/en\/wp-json\/wp\/v2\/users\/2"}],"replies":[{"embeddable":true,"href":"https:\/\/centesimusannus-stg.catholica.va\/en\/wp-json\/wp\/v2\/comments?post=13777"}],"version-history":[{"count":0,"href":"https:\/\/centesimusannus-stg.catholica.va\/en\/wp-json\/wp\/v2\/pages\/13777\/revisions"}],"up":[{"embeddable":true,"href":"https:\/\/centesimusannus-stg.catholica.va\/en\/wp-json\/wp\/v2\/pages\/14993"}],"wp:attachment":[{"href":"https:\/\/centesimusannus-stg.catholica.va\/en\/wp-json\/wp\/v2\/media?parent=13777"}],"wp:term":[{"taxonomy":"category","embeddable":true,"href":"https:\/\/centesimusannus-stg.catholica.va\/en\/wp-json\/wp\/v2\/categories?post=13777"},{"taxonomy":"post_tag","embeddable":true,"href":"https:\/\/centesimusannus-stg.catholica.va\/en\/wp-json\/wp\/v2\/tags?post=13777"}],"curies":[{"name":"wp","href":"https:\/\/api.w.org\/{rel}","templated":true}]}}