{"id":13888,"date":"2021-03-12T08:42:28","date_gmt":"2021-03-12T07:42:28","guid":{"rendered":"http:\/\/centesimusannus-stg.catholica.va\/?page_id=13888"},"modified":"2021-12-10T11:12:36","modified_gmt":"2021-12-10T10:12:36","slug":"march-12nd-2021-padua-group-meeting","status":"publish","type":"page","link":"https:\/\/centesimusannus-stg.catholica.va\/en\/activities\/local\/italy\/padua\/march-12nd-2021-padua-group-meeting\/","title":{"rendered":"March 12nd, 2021: Padua group meeting\u00a0"},"content":{"rendered":"<p>Carissimi Amici,<\/p>\n<p style=\"text-align: justify;\">innanzitutto un caloroso saluto, nella speranza che voi possiate vivere, nonostante le tante difficolt\u00e0 dovute a questa pandemia, con un p\u00f2 di serenit\u00e0 il quotidiano che affrontiamo.<\/p>\n<p style=\"text-align: justify;\">Vi volevo invitare ad un incontro che si terr\u00e0 su\u00a0<em>Zoom*,<\/em>\u00a0fissato per\u00a0<u>Venerd\u00ec 12 Marzo, alle ore 15.00<\/u>, con gli aderenti del\u00a0<em>Chapter<\/em>\u00a0di Padova, con la presenza di:<\/p>\n<ul style=\"text-align: justify;\">\n<li>Don Luca Facco, Vicario per i rapporti col territorio della Diocesi di Padova.<\/li>\n<li>Don Walter Magnoni , Assistente Ecclesiale Nazionale della Fondazione Centesimus.<\/li>\n<li>Dott. Eutimio Tiliacos, Segretario Generale della Fondazione.<\/li>\n<\/ul>\n<p style=\"text-align: justify;\">L\u2019incontro, oltre al piacere di rivedersi e di ipotizzare le iniziative per l\u2019anno in corso, \u00e8 stato richiesto da Don Luca Facco, per meglio conoscerci e allo stesso tempo, per capire qual \u00e8 il percorso che\u00a0 il Gruppo di Padova vuole intraprendere.<\/p>\n<p style=\"text-align: justify;\">Confido vivamente nella vostra presenza sulla piattaforma sopraindicata, per poterci incontrare e confrontare sulle argomentazioni appena citate.<\/p>\n<p style=\"text-align: justify;\">Maurizio Gallo<\/p>\n<p>Referente FCAPP Padova<\/p>\n","protected":false},"excerpt":{"rendered":"<p>Carissimi Amici, innanzitutto un caloroso saluto, nella speranza che voi possiate vivere, nonostante le tante difficolt\u00e0 dovute a questa pandemia, con un p\u00f2 di serenit\u00e0 il quotidiano che affrontiamo. Vi volevo invitare ad un incontro che si terr\u00e0 su\u00a0Zoom*,\u00a0fissato per\u00a0Venerd\u00ec 12 Marzo, alle ore 15.00, con gli aderenti del\u00a0Chapter\u00a0di Padova, con la presenza di: Don Luca Facco, Vicario per i rapporti col territorio della Diocesi di Padova. Don Walter Magnoni , Assistente Ecclesiale Nazionale della Fondazione Centesimus. Dott. Eutimio Tiliacos, Segretario Generale della Fondazione. L\u2019incontro, oltre al piacere di rivedersi e di ipotizzare le iniziative per l\u2019anno in corso, \u00e8&#8230;<\/p>\n","protected":false},"author":2,"featured_media":0,"parent":14958,"menu_order":0,"comment_status":"closed","ping_status":"closed","template":"","meta":[],"categories":[],"tags":[113],"_links":{"self":[{"href":"https:\/\/centesimusannus-stg.catholica.va\/en\/wp-json\/wp\/v2\/pages\/13888"}],"collection":[{"href":"https:\/\/centesimusannus-stg.catholica.va\/en\/wp-json\/wp\/v2\/pages"}],"about":[{"href":"https:\/\/centesimusannus-stg.catholica.va\/en\/wp-json\/wp\/v2\/types\/page"}],"author":[{"embeddable":true,"href":"https:\/\/centesimusannus-stg.catholica.va\/en\/wp-json\/wp\/v2\/users\/2"}],"replies":[{"embeddable":true,"href":"https:\/\/centesimusannus-stg.catholica.va\/en\/wp-json\/wp\/v2\/comments?post=13888"}],"version-history":[{"count":0,"href":"https:\/\/centesimusannus-stg.catholica.va\/en\/wp-json\/wp\/v2\/pages\/13888\/revisions"}],"up":[{"embeddable":true,"href":"https:\/\/centesimusannus-stg.catholica.va\/en\/wp-json\/wp\/v2\/pages\/14958"}],"wp:attachment":[{"href":"https:\/\/centesimusannus-stg.catholica.va\/en\/wp-json\/wp\/v2\/media?parent=13888"}],"wp:term":[{"taxonomy":"category","embeddable":true,"href":"https:\/\/centesimusannus-stg.catholica.va\/en\/wp-json\/wp\/v2\/categories?post=13888"},{"taxonomy":"post_tag","embeddable":true,"href":"https:\/\/centesimusannus-stg.catholica.va\/en\/wp-json\/wp\/v2\/tags?post=13888"}],"curies":[{"name":"wp","href":"https:\/\/api.w.org\/{rel}","templated":true}]}}