{"id":14010,"date":"2021-04-06T12:31:54","date_gmt":"2021-04-06T10:31:54","guid":{"rendered":"http:\/\/centesimusannus-stg.catholica.va\/?page_id=14010"},"modified":"2021-12-09T17:28:24","modified_gmt":"2021-12-09T16:28:24","slug":"capp-ostergruse-easter-greetings-2","status":"publish","type":"page","link":"https:\/\/centesimusannus-stg.catholica.va\/en\/activities\/local\/germany\/capp-ostergruse-easter-greetings-2\/","title":{"rendered":"CAPP Ostergr\u00fc\u00dfe &#8211; Easter Greetings"},"content":{"rendered":"<p>Liebe Mitglieder von CAPP<\/p>\n<p>Im Auftrag von Dr. Ulrich Sch\u00fcrenkr\u00e4mer sende ich Ihnen die Unterlagen in der Anlage.<\/p>\n<p>Mit freundlichen Gr\u00fc\u00dfen<\/p>\n<p>Sandra Streun<\/p>\n<p><strong><a href=\"https:\/\/centesimusannus-stg.catholica.va\/wp-content\/uploads\/2021\/04\/210519_CAPP_GIN_1.pdf\" target=\"_blank\" rel=\"noopener\">Unterlage 1<\/a><\/strong><\/p>\n<p><strong><a href=\"https:\/\/centesimusannus-stg.catholica.va\/wp-content\/uploads\/2021\/04\/Letter-30.03.2021-SCAPP-DS.pdf\" target=\"_blank\" rel=\"noopener\">Unterlage 2<\/a><\/strong><\/p>\n<p><strong><a href=\"https:\/\/centesimusannus-stg.catholica.va\/wp-content\/uploads\/2021\/04\/Positionspapier-English-translation_2025.pdf\" target=\"_blank\" rel=\"noopener\">Unterlage 3<\/a><\/strong><\/p>\n<p><strong><a href=\"https:\/\/centesimusannus-stg.catholica.va\/wp-content\/uploads\/2021\/04\/Positionspapier_2025-Verabschiedet-10.3.2021.pdf\" target=\"_blank\" rel=\"noopener\">Unterlage 4<\/a><\/strong><\/p>\n<p><strong><a href=\"https:\/\/centesimusannus-stg.catholica.va\/wp-content\/uploads\/2021\/04\/Schreiben-30.03.2021-SCAPP-DS.pdf\" target=\"_blank\" rel=\"noopener\">Unterlage 5<\/a><\/strong><\/p>\n","protected":false},"excerpt":{"rendered":"<p>Liebe Mitglieder von CAPP Im Auftrag von Dr. Ulrich Sch\u00fcrenkr\u00e4mer sende ich Ihnen die Unterlagen in der Anlage. Mit freundlichen Gr\u00fc\u00dfen Sandra Streun Unterlage 1 Unterlage 2 Unterlage 3 Unterlage 4 Unterlage 5<\/p>\n","protected":false},"author":2,"featured_media":0,"parent":14894,"menu_order":0,"comment_status":"closed","ping_status":"closed","template":"","meta":[],"categories":[],"tags":[103],"_links":{"self":[{"href":"https:\/\/centesimusannus-stg.catholica.va\/en\/wp-json\/wp\/v2\/pages\/14010"}],"collection":[{"href":"https:\/\/centesimusannus-stg.catholica.va\/en\/wp-json\/wp\/v2\/pages"}],"about":[{"href":"https:\/\/centesimusannus-stg.catholica.va\/en\/wp-json\/wp\/v2\/types\/page"}],"author":[{"embeddable":true,"href":"https:\/\/centesimusannus-stg.catholica.va\/en\/wp-json\/wp\/v2\/users\/2"}],"replies":[{"embeddable":true,"href":"https:\/\/centesimusannus-stg.catholica.va\/en\/wp-json\/wp\/v2\/comments?post=14010"}],"version-history":[{"count":0,"href":"https:\/\/centesimusannus-stg.catholica.va\/en\/wp-json\/wp\/v2\/pages\/14010\/revisions"}],"up":[{"embeddable":true,"href":"https:\/\/centesimusannus-stg.catholica.va\/en\/wp-json\/wp\/v2\/pages\/14894"}],"wp:attachment":[{"href":"https:\/\/centesimusannus-stg.catholica.va\/en\/wp-json\/wp\/v2\/media?parent=14010"}],"wp:term":[{"taxonomy":"category","embeddable":true,"href":"https:\/\/centesimusannus-stg.catholica.va\/en\/wp-json\/wp\/v2\/categories?post=14010"},{"taxonomy":"post_tag","embeddable":true,"href":"https:\/\/centesimusannus-stg.catholica.va\/en\/wp-json\/wp\/v2\/tags?post=14010"}],"curies":[{"name":"wp","href":"https:\/\/api.w.org\/{rel}","templated":true}]}}