{"id":14066,"date":"2021-04-19T18:34:55","date_gmt":"2021-04-19T16:34:55","guid":{"rendered":"http:\/\/centesimusannus-stg.catholica.va\/?page_id=14066"},"modified":"2021-12-09T17:28:08","modified_gmt":"2021-12-09T16:28:08","slug":"april-13rd-fcapp-milan-group-meeting","status":"publish","type":"page","link":"https:\/\/centesimusannus-stg.catholica.va\/en\/activities\/local\/italy\/milan\/april-13rd-fcapp-milan-group-meeting\/","title":{"rendered":"April 13rd &#8211; FCAPP Milan Group meeting"},"content":{"rendered":"<p>Carissimi,<\/p>\n<p style=\"text-align: justify;\"><strong>Vi informo che la prossima riunione del nostro Chapter avr\u00e0 luogo Marted\u00ec 13 aprile anzich\u00e9 il 12 aprile come inizialmente programmato<\/strong>.<\/p>\n<p style=\"text-align: justify;\">La riunione sar\u00e0 dedicata alla prosecuzione delle riflessioni sul tema che abbiamo individuato nei precedenti incontri e che dovremo sviluppare per la Convention Internazionale 2021 della Fondazione:\u00a0\u00a0<strong>\u201cL\u2019inclusione sociale e territoriale.\u00a0 Un modello di citt\u00e0 post pandemia che favorisca la coesione\u201d<\/strong><\/p>\n<p style=\"text-align: justify;\"><strong>Dal pensiero Sociale Cristiano ai nuovi stimoli del \u201cNext\u00a0<\/strong><strong>Generation Eu\u201d alcune proposte per un nuovo disegno di citt\u00e0.<\/strong><\/p>\n<p style=\"text-align: justify;\">La\u00a0riunione si terr\u00e0 mediante la piattaforma ZOOM a partire dalle ore 18.00, di seguito Vi fornisco il link per effettuare il collegamento:<\/p>\n<p style=\"text-align: justify;\">Topic: INCONTRO\u00a0FCAPP\u00a0MILANO 13 APRILE 2021 ORE 18.00<\/p>\n<p style=\"text-align: justify;\">Time: Apr 13, 2021 06:00 PM Rome<\/p>\n<p style=\"text-align: justify;\">\u00a0Join Zoom Meeting<\/p>\n<p style=\"text-align: justify;\"><strong><a href=\"https:\/\/us02web.zoom.us\/j\/84695494560\">https:\/\/us02web.zoom.us\/j\/84695494560<\/a><\/strong><\/p>\n<p style=\"text-align: justify;\">Colgo infine l&#8217;occasione per inviarvi <strong>i<a href=\"https:\/\/centesimusannus-stg.catholica.va\/wp-content\/uploads\/2021\/04\/Dialoghi-1-2021-1.pdf\" target=\"_blank\" rel=\"noopener\">n allegato copia della rivista Dialoghi<\/a> <\/strong>nella quale troverete un articolo di Don Walter Magnoni di commento al libro di Elena Granata &#8220;Biodivercity. Citt\u00e0 aperte, creative e sostenibili\u00a0che cambiano il mondo&#8221; che tratta argomenti strettamente connessi con il tema che dovremo sviluppare.<\/p>\n<p>Un caro saluto, a presto<\/p>\n<p>Piero Candido Tagliabue<\/p>\n<p>Segretario Coordinatore Chapter di Milano FCAPP<\/p>\n","protected":false},"excerpt":{"rendered":"<p>Carissimi, Vi informo che la prossima riunione del nostro Chapter avr\u00e0 luogo Marted\u00ec 13 aprile anzich\u00e9 il 12 aprile come inizialmente programmato. La riunione sar\u00e0 dedicata alla prosecuzione delle riflessioni sul tema che abbiamo individuato nei precedenti incontri e che dovremo sviluppare per la Convention Internazionale 2021 della Fondazione:\u00a0\u00a0\u201cL\u2019inclusione sociale e territoriale.\u00a0 Un modello di citt\u00e0 post pandemia che favorisca la coesione\u201d Dal pensiero Sociale Cristiano ai nuovi stimoli del \u201cNext\u00a0Generation Eu\u201d alcune proposte per un nuovo disegno di citt\u00e0. La\u00a0riunione si terr\u00e0 mediante la piattaforma ZOOM a partire dalle ore 18.00, di seguito Vi fornisco il link per effettuare&#8230;<\/p>\n","protected":false},"author":2,"featured_media":0,"parent":14929,"menu_order":0,"comment_status":"closed","ping_status":"closed","template":"","meta":[],"categories":[],"tags":[108],"_links":{"self":[{"href":"https:\/\/centesimusannus-stg.catholica.va\/en\/wp-json\/wp\/v2\/pages\/14066"}],"collection":[{"href":"https:\/\/centesimusannus-stg.catholica.va\/en\/wp-json\/wp\/v2\/pages"}],"about":[{"href":"https:\/\/centesimusannus-stg.catholica.va\/en\/wp-json\/wp\/v2\/types\/page"}],"author":[{"embeddable":true,"href":"https:\/\/centesimusannus-stg.catholica.va\/en\/wp-json\/wp\/v2\/users\/2"}],"replies":[{"embeddable":true,"href":"https:\/\/centesimusannus-stg.catholica.va\/en\/wp-json\/wp\/v2\/comments?post=14066"}],"version-history":[{"count":0,"href":"https:\/\/centesimusannus-stg.catholica.va\/en\/wp-json\/wp\/v2\/pages\/14066\/revisions"}],"up":[{"embeddable":true,"href":"https:\/\/centesimusannus-stg.catholica.va\/en\/wp-json\/wp\/v2\/pages\/14929"}],"wp:attachment":[{"href":"https:\/\/centesimusannus-stg.catholica.va\/en\/wp-json\/wp\/v2\/media?parent=14066"}],"wp:term":[{"taxonomy":"category","embeddable":true,"href":"https:\/\/centesimusannus-stg.catholica.va\/en\/wp-json\/wp\/v2\/categories?post=14066"},{"taxonomy":"post_tag","embeddable":true,"href":"https:\/\/centesimusannus-stg.catholica.va\/en\/wp-json\/wp\/v2\/tags?post=14066"}],"curies":[{"name":"wp","href":"https:\/\/api.w.org\/{rel}","templated":true}]}}