{"id":14078,"date":"2021-04-19T18:52:52","date_gmt":"2021-04-19T16:52:52","guid":{"rendered":"http:\/\/centesimusannus-stg.catholica.va\/?page_id=14078"},"modified":"2024-02-16T14:26:07","modified_gmt":"2024-02-16T13:26:07","slug":"evento-from-one-to-many-fcapp-treviso-group-16th-april-at-17-30","status":"publish","type":"page","link":"https:\/\/centesimusannus-stg.catholica.va\/en\/activities\/local\/italy\/treviso\/evento-from-one-to-many-fcapp-treviso-group-16th-april-at-17-30\/","title":{"rendered":"Treviso FCAPP Group &#8220;ONE TO MANY: SUSTAINABLE FINANCE&#8221; MEETING with prof. L. PELLIZZON &#8211; April 16th at 5.30pm"},"content":{"rendered":"<p>Carissimi\/e<\/p>\n<p>desidero informarVi che\u00a0<strong>Venerd\u00ec 16 Aprile\u00a0a partire\u00a0dalle ore 17:30<\/strong>\u00a0si terr\u00e0 su piattaforma ZOOM un incontro organizzato dal gruppo di\u00a0<strong>Treviso<\/strong>\u00a0della Fondazione Centesimus Annus pro Pontifice che rientra nell\u2019iniziativa \u201cDa uno a molti\u201d e che affronter\u00e0 il tema:<\/p>\n<p style=\"text-align: center;\"><strong>Finanza sostenibile. Imprese e Manager del futuro<\/strong><\/p>\n<p style=\"text-align: center;\"><strong>Aprir\u00e0 i lavori la Presidente della Fondazione Prof.ssa Anna Maria Tarantola<\/strong><\/p>\n<p style=\"text-align: center;\"><strong>Interverr\u00e0 la Prof.ssa Loriana Pellizzon, Docente di Politica Economica presso l\u2019Universit\u00e0 Ca\u2019 Foscari<\/strong><\/p>\n<p>\u00a0La partecipazione \u00e8 estesa a tutti gli Aderenti e Assistenti Ecclesiastici di lingua italiana che siano interessati.<\/p>\n<p style=\"text-align: center;\"><a href=\"https:\/\/centesimusannus-stg.catholica.va\/wp-content\/uploads\/2021\/04\/Invito-FCAPP.pdf\" target=\"_blank\" rel=\"noopener\"><span style=\"text-decoration: underline;\"><strong><em>\u00a0In allegato l\u2019invito e le informazioni per connettersi all\u2019evento<\/em><\/strong><\/span><\/a><\/p>\n<p>\u00a0Con i pi\u00f9 cordiali saluti<\/p>\n<p>Paola Zuliani<\/p>\n<p>Referente FCAPP Treviso<\/p>\n","protected":false},"excerpt":{"rendered":"<p>Carissimi\/e desidero informarVi che\u00a0Venerd\u00ec 16 Aprile\u00a0a partire\u00a0dalle ore 17:30\u00a0si terr\u00e0 su piattaforma ZOOM un incontro organizzato dal gruppo di\u00a0Treviso\u00a0della Fondazione Centesimus Annus pro Pontifice che rientra nell\u2019iniziativa \u201cDa uno a molti\u201d e che affronter\u00e0 il tema: Finanza sostenibile. Imprese e Manager del futuro Aprir\u00e0 i lavori la Presidente della Fondazione Prof.ssa Anna Maria Tarantola Interverr\u00e0 la Prof.ssa Loriana Pellizzon, Docente di Politica Economica presso l\u2019Universit\u00e0 Ca\u2019 Foscari \u00a0La partecipazione \u00e8 estesa a tutti gli Aderenti e Assistenti Ecclesiastici di lingua italiana che siano interessati. \u00a0In allegato l\u2019invito e le informazioni per connettersi all\u2019evento \u00a0Con i pi\u00f9 cordiali saluti Paola Zuliani&#8230;<\/p>\n","protected":false},"author":2,"featured_media":0,"parent":15073,"menu_order":11,"comment_status":"closed","ping_status":"closed","template":"","meta":[],"categories":[],"tags":[131],"_links":{"self":[{"href":"https:\/\/centesimusannus-stg.catholica.va\/en\/wp-json\/wp\/v2\/pages\/14078"}],"collection":[{"href":"https:\/\/centesimusannus-stg.catholica.va\/en\/wp-json\/wp\/v2\/pages"}],"about":[{"href":"https:\/\/centesimusannus-stg.catholica.va\/en\/wp-json\/wp\/v2\/types\/page"}],"author":[{"embeddable":true,"href":"https:\/\/centesimusannus-stg.catholica.va\/en\/wp-json\/wp\/v2\/users\/2"}],"replies":[{"embeddable":true,"href":"https:\/\/centesimusannus-stg.catholica.va\/en\/wp-json\/wp\/v2\/comments?post=14078"}],"version-history":[{"count":2,"href":"https:\/\/centesimusannus-stg.catholica.va\/en\/wp-json\/wp\/v2\/pages\/14078\/revisions"}],"predecessor-version":[{"id":20628,"href":"https:\/\/centesimusannus-stg.catholica.va\/en\/wp-json\/wp\/v2\/pages\/14078\/revisions\/20628"}],"up":[{"embeddable":true,"href":"https:\/\/centesimusannus-stg.catholica.va\/en\/wp-json\/wp\/v2\/pages\/15073"}],"wp:attachment":[{"href":"https:\/\/centesimusannus-stg.catholica.va\/en\/wp-json\/wp\/v2\/media?parent=14078"}],"wp:term":[{"taxonomy":"category","embeddable":true,"href":"https:\/\/centesimusannus-stg.catholica.va\/en\/wp-json\/wp\/v2\/categories?post=14078"},{"taxonomy":"post_tag","embeddable":true,"href":"https:\/\/centesimusannus-stg.catholica.va\/en\/wp-json\/wp\/v2\/tags?post=14078"}],"curies":[{"name":"wp","href":"https:\/\/api.w.org\/{rel}","templated":true}]}}