{"id":14209,"date":"2021-05-17T13:05:29","date_gmt":"2021-05-17T11:05:29","guid":{"rendered":"http:\/\/centesimusannus-stg.catholica.va\/?page_id=14209"},"modified":"2021-12-10T11:13:00","modified_gmt":"2021-12-10T10:13:00","slug":"milan-chapter","status":"publish","type":"page","link":"https:\/\/centesimusannus-stg.catholica.va\/en\/activities\/local\/italy\/milan\/milan-chapter\/","title":{"rendered":"May 18th, 2021: Milan Chapter next meeting"},"content":{"rendered":"<p style=\"text-align: justify;\">Carissimi,<\/p>\n<p style=\"text-align: justify;\">Vi invio una nota di Giovanni Facchini Martini relativa al prossimo incontro del nostro Chapter ed al percorso che \u00e8 stato impostato per sviluppare il tema scelto come nostro contributo per la Convention Internazionale.<\/p>\n<p style=\"text-align: justify;\">I nostri prossimi incontri saranno dedicati al tema che abbiamo individuato per la Convention Internazionale di Ottobre 2021 della Fondazione:<\/p>\n<p style=\"text-align: center;\"><em><strong>\u201cL\u2019inclusione sociale e territoriale.\u00a0 Un modello di citt\u00e0 post pandemia che favorisca la coesione\u201d<\/strong><\/em><\/p>\n<p style=\"text-align: justify;\">Dal pensiero Sociale Cristiano alcune proposte per un nuovo disegno di citt\u00e0.<\/p>\n<p style=\"text-align: justify;\">Come metodo di lavoro ci concentreremo su un paio di situazioni nella periferia di Milano, attraverso le categorie dell\u2019Esperienza e dell\u2019Osservazione, grazie ad incontri con esponenti qualificati del territorio.\u00a0 \u00a0Riteniamo interessante raccogliere \u201cracconti di saggezza\u201d di persone che vivono in quello specifico territorio periferico, per capire insieme le caratteristiche sociali, economiche e religiose degli abitanti, e per poter fare emergere buone pratiche di inclusione e coesione sociale.<\/p>\n<p style=\"text-align: justify;\">Cercheremo di osservare e confrontare le diverse realt\u00e0 territoriali attraverso una \u201cgriglia\u201d di priorit\u00e0 di indagine, che parta dai nostri valori ed impegno verso una societ\u00e0 ed economia pi\u00f9 inclusive e sostenibili.\u00a0 Quindi cercheremo ad esempio di approfondire le situazioni della\u00a0 educazione dei ragazzi, delle donne, dell\u2019immigrazione, del piccolo commercio locale, della presenza parrocchiale e di altri luoghi di aggregazioni, ecc..<\/p>\n<p style=\"text-align: justify;\">Vista la ritrovata possibilit\u00e0 di incontri \u201cin presenza\u201d, la prima \u201cuscita\u201d sar\u00e0 per incontrare le realt\u00e0 delle \u201cCase Bianche\u201d (zona Forlanini, visitato anche dal Papa Francesco nella sua visita a Milano del 25 marzo 2017) grazie all\u2019incontro\u00a0presso la Parrocchia di San Galdino, via Oreste Salomone 23, il prossimo\u00a0marted\u00ec 18 maggio alle ore 18:15.<br \/>\nVorremmo partecipare con un piccolo gruppo della Fondazione.\u00a0 Chi \u00e8 interessato lo segnali entro il giorno\u00a016 maggio<\/p>\n<p style=\"text-align: justify;\">Non essendo il nostro background di sociologi o urbanisti vi allego 3 interessanti articoli sugli argomenti delle \u201cnuove citt\u00e0\u201d:<\/p>\n<p style=\"text-align: justify;\">1) recensione del libro EZIO MANZINI , ABITARE LA PROSSIMITA&#8217; &#8211; IDEE PER LA CITTA&#8217; DEI 15 MINUTI, \u00a0EGEA 2021<\/p>\n<p style=\"text-align: justify;\">2) estratto della rivista Dialoghi nella quale troverete un articolo di Don Walter Magnoni di commento al libro di Elena Granata &#8220;Biodivercity. Citt\u00e0 aperte, creative e sostenibili che\u00a0cambiano il mondo&#8221; 2019<\/p>\n<p style=\"text-align: justify;\">3) Editoriali \/ L\u2019inesauribile lotta per lo spazio pubblico,\u00a0 10 aprile 2021, \u00a0Lucia Tozzi Tozzi<\/p>\n<p style=\"text-align: justify;\">Un caro saluto<\/p>\n<p style=\"text-align: justify;\">Piero Candido Tagliabue<\/p>\n","protected":false},"excerpt":{"rendered":"<p>Carissimi, Vi invio una nota di Giovanni Facchini Martini relativa al prossimo incontro del nostro Chapter ed al percorso che \u00e8 stato impostato per sviluppare il tema scelto come nostro contributo per la Convention Internazionale. I nostri prossimi incontri saranno dedicati al tema che abbiamo individuato per la Convention Internazionale di Ottobre 2021 della Fondazione: \u201cL\u2019inclusione sociale e territoriale.\u00a0 Un modello di citt\u00e0 post pandemia che favorisca la coesione\u201d Dal pensiero Sociale Cristiano alcune proposte per un nuovo disegno di citt\u00e0. Come metodo di lavoro ci concentreremo su un paio di situazioni nella periferia di Milano, attraverso le categorie dell\u2019Esperienza&#8230;<\/p>\n","protected":false},"author":2,"featured_media":0,"parent":14929,"menu_order":0,"comment_status":"closed","ping_status":"closed","template":"","meta":[],"categories":[],"tags":[108],"_links":{"self":[{"href":"https:\/\/centesimusannus-stg.catholica.va\/en\/wp-json\/wp\/v2\/pages\/14209"}],"collection":[{"href":"https:\/\/centesimusannus-stg.catholica.va\/en\/wp-json\/wp\/v2\/pages"}],"about":[{"href":"https:\/\/centesimusannus-stg.catholica.va\/en\/wp-json\/wp\/v2\/types\/page"}],"author":[{"embeddable":true,"href":"https:\/\/centesimusannus-stg.catholica.va\/en\/wp-json\/wp\/v2\/users\/2"}],"replies":[{"embeddable":true,"href":"https:\/\/centesimusannus-stg.catholica.va\/en\/wp-json\/wp\/v2\/comments?post=14209"}],"version-history":[{"count":0,"href":"https:\/\/centesimusannus-stg.catholica.va\/en\/wp-json\/wp\/v2\/pages\/14209\/revisions"}],"up":[{"embeddable":true,"href":"https:\/\/centesimusannus-stg.catholica.va\/en\/wp-json\/wp\/v2\/pages\/14929"}],"wp:attachment":[{"href":"https:\/\/centesimusannus-stg.catholica.va\/en\/wp-json\/wp\/v2\/media?parent=14209"}],"wp:term":[{"taxonomy":"category","embeddable":true,"href":"https:\/\/centesimusannus-stg.catholica.va\/en\/wp-json\/wp\/v2\/categories?post=14209"},{"taxonomy":"post_tag","embeddable":true,"href":"https:\/\/centesimusannus-stg.catholica.va\/en\/wp-json\/wp\/v2\/tags?post=14209"}],"curies":[{"name":"wp","href":"https:\/\/api.w.org\/{rel}","templated":true}]}}