{"id":14219,"date":"2021-05-17T18:24:33","date_gmt":"2021-05-17T16:24:33","guid":{"rendered":"http:\/\/centesimusannus-stg.catholica.va\/?page_id=14219"},"modified":"2021-12-10T11:10:45","modified_gmt":"2021-12-10T10:10:45","slug":"event-on-may-26th-and-sustainability-survey","status":"publish","type":"page","link":"https:\/\/centesimusannus-stg.catholica.va\/en\/activities\/local\/italy\/rome\/event-on-may-26th-and-sustainability-survey\/","title":{"rendered":"Event on May 26th and Sustainability Survey"},"content":{"rendered":"<p class=\"yiv2792774463MsoNormal\">Carissimi,<\/p>\n<div>\n<div>\n<p class=\"yiv2792774463MsoNormal\" style=\"text-align: justify;\">vi scrivo per aggiornarvi sui prossimi eventi.<\/p>\n<\/div>\n<div style=\"text-align: justify;\">\n<p class=\"yiv2792774463MsoNormal\">&#8211; il giorno 26 maggio alle ore 18.00 avremo un interessante evento organizzato dal Chapter di Roma con la\u00a0Presidente\u00a0Tarantola e l&#8217;ing Luca Dal Fabbro sui temi della Circular Economy. L&#8217;Ing Dal Fabbro ha fondato il primo Fondo di Investimento dedicato alla Circular Economy in Europa. Moderer\u00e0 l&#8217;evento la Dott.ssa Marina Migliorato che ringrazio per la sua disponibilit\u00e0. In allegato trovate la locandina. Vi invito a partecipare numerosi a questo evento che sar\u00e0 il penultimo prima dell&#8217;estate dedicato ai temi della sostenibilit\u00e0.<\/p>\n<\/div>\n<div style=\"text-align: justify;\">\n<p class=\"yiv2792774463MsoNormal\">&#8211; abbiamo predisposto una survey sui temi della sostenibilit\u00e0, con particolare riferimento alla formazione. L&#8217;output della survey verr\u00e0 presentato in occasione della prossima Conferenza Internazionale della Fondazione. Abbiamo coinvolto nel progetto personalit\u00e0 del mondo accademico, dell&#8217;industria e delle istituzioni. Invito a\u00a0 compilare la survey, utilizzando il link qui sotto. Vorremmo proporre la survey a &#8220;key-people&#8221; che si occupano di sostenibilit\u00e0 nell&#8217;area romana (ma non in via esclusiva): sentitevi liberi di inoltrare questo link a chi ritenete.<\/p>\n<\/div>\n<div>\n<p class=\"yiv2792774463MsoNormal\" style=\"text-align: justify;\">Ringrazio la Prof.ssa Gloria Fiorani direttrice del Master MARES dell&#8217;Universit\u00e0 Roma 2 per averci fornito gli strumenti informatici per la raccolta delle informazioni, per la disponibilit\u00e0 nella analisi dell&#8217;output e per metterci a disposizione il suo network.<\/p>\n<div>\n<div>\n<p class=\"yiv2792774463MsoNormal\"><a href=\"https:\/\/survey.ccd.uniroma2.it\/?r=survey\/index&amp;sid=163844&amp;lang=it\" target=\"_blank\" rel=\"nofollow noopener noreferrer\">Survey sulla sostenibilit\u00e0<\/a><\/p>\n<\/div>\n<div>\n<p><a href=\"https:\/\/centesimusannus-stg.catholica.va\/wp-content\/uploads\/2021\/05\/webinar_DAL-FABBRO.pdf\" target=\"_blank\" rel=\"noopener\">Scarica invito evento<\/a><\/p>\n<p class=\"yiv2792774463MsoNormal\">Grazie a tutti, un cordiale saluto<\/p>\n<p class=\"yiv2792774463MsoNormal\">Alessandro Rizzo<\/p>\n<p class=\"yiv2792774463MsoNormal\">Referente FCAPP Roma<\/p>\n<\/div>\n<\/div>\n<\/div>\n<\/div>\n","protected":false},"excerpt":{"rendered":"<p>Carissimi, vi scrivo per aggiornarvi sui prossimi eventi. &#8211; il giorno 26 maggio alle ore 18.00 avremo un interessante evento organizzato dal Chapter di Roma con la\u00a0Presidente\u00a0Tarantola e l&#8217;ing Luca Dal Fabbro sui temi della Circular Economy. L&#8217;Ing Dal Fabbro ha fondato il primo Fondo di Investimento dedicato alla Circular Economy in Europa. Moderer\u00e0 l&#8217;evento la Dott.ssa Marina Migliorato che ringrazio per la sua disponibilit\u00e0. In allegato trovate la locandina. Vi invito a partecipare numerosi a questo evento che sar\u00e0 il penultimo prima dell&#8217;estate dedicato ai temi della sostenibilit\u00e0. &#8211; abbiamo predisposto una survey sui temi della sostenibilit\u00e0, con particolare&#8230;<\/p>\n","protected":false},"author":2,"featured_media":0,"parent":15027,"menu_order":0,"comment_status":"closed","ping_status":"closed","template":"","meta":[],"categories":[],"tags":[123],"_links":{"self":[{"href":"https:\/\/centesimusannus-stg.catholica.va\/en\/wp-json\/wp\/v2\/pages\/14219"}],"collection":[{"href":"https:\/\/centesimusannus-stg.catholica.va\/en\/wp-json\/wp\/v2\/pages"}],"about":[{"href":"https:\/\/centesimusannus-stg.catholica.va\/en\/wp-json\/wp\/v2\/types\/page"}],"author":[{"embeddable":true,"href":"https:\/\/centesimusannus-stg.catholica.va\/en\/wp-json\/wp\/v2\/users\/2"}],"replies":[{"embeddable":true,"href":"https:\/\/centesimusannus-stg.catholica.va\/en\/wp-json\/wp\/v2\/comments?post=14219"}],"version-history":[{"count":0,"href":"https:\/\/centesimusannus-stg.catholica.va\/en\/wp-json\/wp\/v2\/pages\/14219\/revisions"}],"up":[{"embeddable":true,"href":"https:\/\/centesimusannus-stg.catholica.va\/en\/wp-json\/wp\/v2\/pages\/15027"}],"wp:attachment":[{"href":"https:\/\/centesimusannus-stg.catholica.va\/en\/wp-json\/wp\/v2\/media?parent=14219"}],"wp:term":[{"taxonomy":"category","embeddable":true,"href":"https:\/\/centesimusannus-stg.catholica.va\/en\/wp-json\/wp\/v2\/categories?post=14219"},{"taxonomy":"post_tag","embeddable":true,"href":"https:\/\/centesimusannus-stg.catholica.va\/en\/wp-json\/wp\/v2\/tags?post=14219"}],"curies":[{"name":"wp","href":"https:\/\/api.w.org\/{rel}","templated":true}]}}