{"id":14231,"date":"2021-05-25T17:08:03","date_gmt":"2021-05-25T15:08:03","guid":{"rendered":"http:\/\/centesimusannus-stg.catholica.va\/?page_id=14231"},"modified":"2021-12-10T11:09:16","modified_gmt":"2021-12-10T10:09:16","slug":"how-social-ecological-transformation-can-succeed-june-16th-2021-wie-sozial-okologische-transformation-gelingen-kann-am-16-06-2021-hybrid-online-und-vor-ort","status":"publish","type":"page","link":"https:\/\/centesimusannus-stg.catholica.va\/en\/activities\/local\/germany\/how-social-ecological-transformation-can-succeed-june-16th-2021-wie-sozial-okologische-transformation-gelingen-kann-am-16-06-2021-hybrid-online-und-vor-ort\/","title":{"rendered":"&#8220;How social-ecological transformation can succeed&#8221;. June 16th, 2021 &#8211; &#8220;Wie sozial-\u00f6kologische Transformation gelingen kann&#8221; am 16.06.2021 (Hybrid &#8211; online und vor Ort )"},"content":{"rendered":"<p>Liebe Mitglieder und Freunde von CAPP<\/p>\n<p style=\"text-align: justify;\">Aus einem Gespr\u00e4ch mit Herrn Prof. DDr. Johannes Wallacher, Mitglied des Wissenschaftsbeirats unserer Stiftung und Pr\u00e4sident der Hochschule f\u00fcr Philosophie M\u00fcnchen (viele von Ihnen werden sich noch an unsere gemeinsame Konferenz im November 2019 erinnern) erfahre ich von einer interessanten Veranstaltung, die vor dem Hintergrund der Enzykliken von Papst Franziskus Laudato Si\u2018 und \u201aFratelli Tutti\u2018 Ihr Interesse finden k\u00f6nnte.<\/p>\n<p style=\"text-align: justify;\">Gern sende ich Ihnen hiermit die Einladung zur Hybrid-Konferenz am\u00a0<strong>16.06.2021<\/strong>\u00a0zum Thema \u201eWie sozial-\u00f6kologische Transformation gelingen kann\u201c zu und w\u00fcnsche Ihnen eine interessante, erkenntnisreiche Vortragsveranstaltung.<\/p>\n<p><em><u>Bitte beachten: Anmeldungen sind nur bis zum 02.06.2021 \u00a0\u00fcber den auf der Einladung in der Anlage angegebenen Link m\u00f6glich.<\/u><\/em><\/p>\n<p><a href=\"https:\/\/centesimusannus-stg.catholica.va\/wp-content\/uploads\/2021\/05\/Wie-sozial-o\u0308kologische-Transformation-gelingen-kann.pdf\" target=\"_blank\" rel=\"noopener\">Dokument downloaden<\/a><\/p>\n<p>Mit freundlichen Gr\u00fc\u00dfen<\/p>\n<p>Ulrich Sch\u00fcrenkr\u00e4mer<\/p>\n<p>Dr. Ulrich Sch\u00fcrenkr\u00e4mer<\/p>\n<p>Coordinator for Germany<\/p>\n<p>Vorsitzender des Vorstands<\/p>\n<p>Stiftung Centesimus Annus pro Pontifice \u2013 Deutsche Sektion<\/p>\n<p>c\/o KSZ, Brandenberger Stra\u00dfe 33, D-41065 M\u00f6nchengladbach<\/p>\n<p><a href=\"\/?page_id=4393\" target=\"_blank\" rel=\"noopener\">centesimusannus-stg.catholica.va\/en\/activities\/local-activities\/germany<\/a><\/p>\n<p>Allg. StNr.:121\/5782\/6019 FA M\u00f6nchengladbach<\/p>\n<p>Gl\u00e4ubiger-ID: DE71ZZZ00001962747<\/p>\n<p>Tel: +49 174 1710942<\/p>\n<p>Mit freundlichen Gr\u00fc\u00dfen<\/p>\n<ol>\n<li><strong> A. Sandra Streun<\/strong><\/li>\n<\/ol>\n","protected":false},"excerpt":{"rendered":"<p>Liebe Mitglieder und Freunde von CAPP Aus einem Gespr\u00e4ch mit Herrn Prof. DDr. Johannes Wallacher, Mitglied des Wissenschaftsbeirats unserer Stiftung und Pr\u00e4sident der Hochschule f\u00fcr Philosophie M\u00fcnchen (viele von Ihnen werden sich noch an unsere gemeinsame Konferenz im November 2019 erinnern) erfahre ich von einer interessanten Veranstaltung, die vor dem Hintergrund der Enzykliken von Papst Franziskus Laudato Si\u2018 und \u201aFratelli Tutti\u2018 Ihr Interesse finden k\u00f6nnte. Gern sende ich Ihnen hiermit die Einladung zur Hybrid-Konferenz am\u00a016.06.2021\u00a0zum Thema \u201eWie sozial-\u00f6kologische Transformation gelingen kann\u201c zu und w\u00fcnsche Ihnen eine interessante, erkenntnisreiche Vortragsveranstaltung. Bitte beachten: Anmeldungen sind nur bis zum 02.06.2021 \u00a0\u00fcber den auf&#8230;<\/p>\n","protected":false},"author":2,"featured_media":0,"parent":14894,"menu_order":0,"comment_status":"closed","ping_status":"closed","template":"","meta":[],"categories":[],"tags":[103],"_links":{"self":[{"href":"https:\/\/centesimusannus-stg.catholica.va\/en\/wp-json\/wp\/v2\/pages\/14231"}],"collection":[{"href":"https:\/\/centesimusannus-stg.catholica.va\/en\/wp-json\/wp\/v2\/pages"}],"about":[{"href":"https:\/\/centesimusannus-stg.catholica.va\/en\/wp-json\/wp\/v2\/types\/page"}],"author":[{"embeddable":true,"href":"https:\/\/centesimusannus-stg.catholica.va\/en\/wp-json\/wp\/v2\/users\/2"}],"replies":[{"embeddable":true,"href":"https:\/\/centesimusannus-stg.catholica.va\/en\/wp-json\/wp\/v2\/comments?post=14231"}],"version-history":[{"count":0,"href":"https:\/\/centesimusannus-stg.catholica.va\/en\/wp-json\/wp\/v2\/pages\/14231\/revisions"}],"up":[{"embeddable":true,"href":"https:\/\/centesimusannus-stg.catholica.va\/en\/wp-json\/wp\/v2\/pages\/14894"}],"wp:attachment":[{"href":"https:\/\/centesimusannus-stg.catholica.va\/en\/wp-json\/wp\/v2\/media?parent=14231"}],"wp:term":[{"taxonomy":"category","embeddable":true,"href":"https:\/\/centesimusannus-stg.catholica.va\/en\/wp-json\/wp\/v2\/categories?post=14231"},{"taxonomy":"post_tag","embeddable":true,"href":"https:\/\/centesimusannus-stg.catholica.va\/en\/wp-json\/wp\/v2\/tags?post=14231"}],"curies":[{"name":"wp","href":"https:\/\/api.w.org\/{rel}","templated":true}]}}