{"id":14286,"date":"2021-05-31T18:18:06","date_gmt":"2021-05-31T16:18:06","guid":{"rendered":"http:\/\/centesimusannus-stg.catholica.va\/?page_id=14286"},"modified":"2021-12-10T11:14:31","modified_gmt":"2021-12-10T10:14:31","slug":"save-the-date-thursday-june-24th-2021-630-p-m","status":"publish","type":"page","link":"https:\/\/centesimusannus-stg.catholica.va\/en\/activities\/local\/italy\/trento\/save-the-date-thursday-june-24th-2021-630-p-m\/","title":{"rendered":"SAVE THE DATE &#8211; Thursday, June 24th, 2021, at 6:30 p.m."},"content":{"rendered":"<p style=\"text-align: justify;\">Nel programma dei nostri incontri avevamo previsto &#8211; per il mese di giugno &#8211; di dedicare un approfondimento alla condizione dei giovani dopo un anno e pi\u00f9 di restrizioni, distanziamento sociale, didattica a distanza.<\/p>\n<p style=\"text-align: justify;\">Nei giorni scorsi i media hanno dato rilevanza ad un\u2019iniziativa del Liceo Antonio Rosmini, di Rovereto, incentrata proprio su questo tema: \u00e8 stata offerta agli studenti la possibilit\u00e0 di inviare racconti, aneddoti, poesie per raccontare questo periodo e i suoi effetti e ne \u00e8 nato un libro, che sar\u00e0 anche il titolo del nostro incontro:<\/p>\n<p><strong>\u201c&#8230; e promettetemi che mi terrete per mano\u201d<\/strong><\/p>\n<p style=\"text-align: justify;\">Scuola e pandemia: esperienze, testimonianze e riflessioni sul futuro<\/p>\n<p style=\"text-align: justify;\">Hanno dato con piacere la loro disponibilit\u00e0 ad intervenire il<\/p>\n<p style=\"text-align: justify;\">&#8211; Prof. Paolo Pendenza, dirigente del Liceo A. Rosmini di Rovereto e la<\/p>\n<p style=\"text-align: justify;\">&#8211; Prof.ssa Grazia Graziola (dello stesso Liceo A. Rosmini).<\/p>\n<p style=\"text-align: justify;\">Sar\u00e0 un incontro di spessore e di sicuro interesse, per acquisire ulteriore consapevolezza su temi assai cruciali quali il futuro dei nostri giovani, le trasformazioni in atto nella formazione della scuola superiore, i condizionamenti del distanziamento sociale.<\/p>\n<p style=\"text-align: justify;\">Valuteremo alcuni giorni prima della data, in base alla situazione, se ci saranno le condizioni per tenere l\u2019incontro in presenza o ancora in videoconferenza.<\/p>\n<p style=\"text-align: justify;\">Un caro saluto e un buon fine settimana!<\/p>\n<p style=\"text-align: justify;\">Luca Filagrana<\/p>\n<p style=\"text-align: justify;\">Referente per il Gruppo di Trento della FCAPP<\/p>\n","protected":false},"excerpt":{"rendered":"<p>Nel programma dei nostri incontri avevamo previsto &#8211; per il mese di giugno &#8211; di dedicare un approfondimento alla condizione dei giovani dopo un anno e pi\u00f9 di restrizioni, distanziamento sociale, didattica a distanza. Nei giorni scorsi i media hanno dato rilevanza ad un\u2019iniziativa del Liceo Antonio Rosmini, di Rovereto, incentrata proprio su questo tema: \u00e8 stata offerta agli studenti la possibilit\u00e0 di inviare racconti, aneddoti, poesie per raccontare questo periodo e i suoi effetti e ne \u00e8 nato un libro, che sar\u00e0 anche il titolo del nostro incontro: \u201c&#8230; e promettetemi che mi terrete per mano\u201d Scuola e pandemia:&#8230;<\/p>\n","protected":false},"author":2,"featured_media":0,"parent":14975,"menu_order":0,"comment_status":"closed","ping_status":"closed","template":"","meta":[],"categories":[],"tags":[114],"_links":{"self":[{"href":"https:\/\/centesimusannus-stg.catholica.va\/en\/wp-json\/wp\/v2\/pages\/14286"}],"collection":[{"href":"https:\/\/centesimusannus-stg.catholica.va\/en\/wp-json\/wp\/v2\/pages"}],"about":[{"href":"https:\/\/centesimusannus-stg.catholica.va\/en\/wp-json\/wp\/v2\/types\/page"}],"author":[{"embeddable":true,"href":"https:\/\/centesimusannus-stg.catholica.va\/en\/wp-json\/wp\/v2\/users\/2"}],"replies":[{"embeddable":true,"href":"https:\/\/centesimusannus-stg.catholica.va\/en\/wp-json\/wp\/v2\/comments?post=14286"}],"version-history":[{"count":0,"href":"https:\/\/centesimusannus-stg.catholica.va\/en\/wp-json\/wp\/v2\/pages\/14286\/revisions"}],"up":[{"embeddable":true,"href":"https:\/\/centesimusannus-stg.catholica.va\/en\/wp-json\/wp\/v2\/pages\/14975"}],"wp:attachment":[{"href":"https:\/\/centesimusannus-stg.catholica.va\/en\/wp-json\/wp\/v2\/media?parent=14286"}],"wp:term":[{"taxonomy":"category","embeddable":true,"href":"https:\/\/centesimusannus-stg.catholica.va\/en\/wp-json\/wp\/v2\/categories?post=14286"},{"taxonomy":"post_tag","embeddable":true,"href":"https:\/\/centesimusannus-stg.catholica.va\/en\/wp-json\/wp\/v2\/tags?post=14286"}],"curies":[{"name":"wp","href":"https:\/\/api.w.org\/{rel}","templated":true}]}}