{"id":14336,"date":"2021-06-22T18:19:24","date_gmt":"2021-06-22T16:19:24","guid":{"rendered":"http:\/\/centesimusannus-stg.catholica.va\/?page_id=14336"},"modified":"2021-12-10T11:12:04","modified_gmt":"2021-12-10T10:12:04","slug":"july-6th-next-meeting-fcapp-milan-chapter","status":"publish","type":"page","link":"https:\/\/centesimusannus-stg.catholica.va\/en\/activities\/local\/italy\/milan\/july-6th-next-meeting-fcapp-milan-chapter\/","title":{"rendered":"July 6th &#8211; Next meeting FCAPP Milan Chapter"},"content":{"rendered":"<p>Carissimi,<strong>\u00a0<\/strong><\/p>\n<p style=\"text-align: justify;\">Vi comunico che la prossima riunione del Chapter di Milano si terr\u00e0\u00a0<strong>marted\u00ec 6 luglio p.v.<\/strong>\u00a0come di consueto\u00a0<strong>dalle ore 18.15 alle 20.00\u00a0<\/strong>circa presso la sala riunioni &#8220;Oratorio&#8221; adiacente la Basilica di San Giorgio al Palazzo. La riunione si terr\u00e0 in presenza ma vi sar\u00e0 anche la possibilit\u00e0 di partecipare da remoto tramite la piattaforma ZOOM utilizzando il seguente link:<\/p>\n<p><a href=\"https:\/\/us02web.zoom.us\/j\/86448175018\" target=\"_blank\" rel=\"noopener\">https:\/\/us02web.zoom.us\/j\/86448175018<\/a><\/p>\n<p style=\"text-align: justify;\">La riunione si propone di fare il punto sugli approfondimenti effettuati per quanto riguarda il tema scelto dal nostro Chapter per la Convention Internazionale: \u201c<strong>L\u2019inclusione sociale e territoriale.\u00a0 Un modello di citt\u00e0 post pandemia che favorisca la coesione &#8211; Dal pensiero Sociale Cristiano ai nuovi stimoli del \u201cNext Generation Eu<\/strong>\u201d alcune proposte per un nuovo disegno di citt\u00e0.<\/p>\n<p style=\"text-align: justify;\">Al termine dell&#8217;incontro, intorno alle ore 20.00, vi sar\u00e0 un incontro conviviale presso un ristorante in zona. A questo riguardo chi fosse interessato a partecipare \u00e8 vivamente pregato di dare conferma in modo da poter prenotare anche tenuto conto dei vincoli derivanti dal Covid.<\/p>\n<p>Un caro saluto, a presto<\/p>\n<p>Piero Candido Tagliabue<\/p>\n<p>Segretario Coordinatore Chapter di Milano FCAPP<\/p>\n","protected":false},"excerpt":{"rendered":"<p>Carissimi,\u00a0 Vi comunico che la prossima riunione del Chapter di Milano si terr\u00e0\u00a0marted\u00ec 6 luglio p.v.\u00a0come di consueto\u00a0dalle ore 18.15 alle 20.00\u00a0circa presso la sala riunioni &#8220;Oratorio&#8221; adiacente la Basilica di San Giorgio al Palazzo. La riunione si terr\u00e0 in presenza ma vi sar\u00e0 anche la possibilit\u00e0 di partecipare da remoto tramite la piattaforma ZOOM utilizzando il seguente link: https:\/\/us02web.zoom.us\/j\/86448175018 La riunione si propone di fare il punto sugli approfondimenti effettuati per quanto riguarda il tema scelto dal nostro Chapter per la Convention Internazionale: \u201cL\u2019inclusione sociale e territoriale.\u00a0 Un modello di citt\u00e0 post pandemia che favorisca la coesione &#8211; Dal&#8230;<\/p>\n","protected":false},"author":2,"featured_media":0,"parent":14929,"menu_order":0,"comment_status":"closed","ping_status":"closed","template":"","meta":[],"categories":[],"tags":[108],"_links":{"self":[{"href":"https:\/\/centesimusannus-stg.catholica.va\/en\/wp-json\/wp\/v2\/pages\/14336"}],"collection":[{"href":"https:\/\/centesimusannus-stg.catholica.va\/en\/wp-json\/wp\/v2\/pages"}],"about":[{"href":"https:\/\/centesimusannus-stg.catholica.va\/en\/wp-json\/wp\/v2\/types\/page"}],"author":[{"embeddable":true,"href":"https:\/\/centesimusannus-stg.catholica.va\/en\/wp-json\/wp\/v2\/users\/2"}],"replies":[{"embeddable":true,"href":"https:\/\/centesimusannus-stg.catholica.va\/en\/wp-json\/wp\/v2\/comments?post=14336"}],"version-history":[{"count":0,"href":"https:\/\/centesimusannus-stg.catholica.va\/en\/wp-json\/wp\/v2\/pages\/14336\/revisions"}],"up":[{"embeddable":true,"href":"https:\/\/centesimusannus-stg.catholica.va\/en\/wp-json\/wp\/v2\/pages\/14929"}],"wp:attachment":[{"href":"https:\/\/centesimusannus-stg.catholica.va\/en\/wp-json\/wp\/v2\/media?parent=14336"}],"wp:term":[{"taxonomy":"category","embeddable":true,"href":"https:\/\/centesimusannus-stg.catholica.va\/en\/wp-json\/wp\/v2\/categories?post=14336"},{"taxonomy":"post_tag","embeddable":true,"href":"https:\/\/centesimusannus-stg.catholica.va\/en\/wp-json\/wp\/v2\/tags?post=14336"}],"curies":[{"name":"wp","href":"https:\/\/api.w.org\/{rel}","templated":true}]}}