{"id":14397,"date":"2021-09-01T09:51:22","date_gmt":"2021-09-01T07:51:22","guid":{"rendered":"http:\/\/centesimusannus-stg.catholica.va\/?page_id=14397"},"modified":"2021-12-10T11:14:05","modified_gmt":"2021-12-10T10:14:05","slug":"next-appointments","status":"publish","type":"page","link":"https:\/\/centesimusannus-stg.catholica.va\/en\/activities\/local\/germany\/next-appointments\/","title":{"rendered":"Next appointments"},"content":{"rendered":"<p style=\"text-align: justify;\">Liebe Mitglieder und Freunde von CAPP,<\/p>\n<p style=\"text-align: justify;\">in der Hoffnung, dass Sie die Lockerungen der Corona-Pandemie genie\u00dfen k\u00f6nnen und einen sch\u00f6nen Sommer mit Familie, Freunden und Bekannten verbringen, melde ich mich bei Ihnen mit Veranstaltungsterminen, die f\u00fcr uns alle mit einem physischen Zusammentreffen verbunden sind.<\/p>\n<p style=\"text-align: justify;\">Anbei \u00fcbersende ich Ihnen (nochmals zur Sicherheit) <a href=\"https:\/\/centesimusannus-stg.catholica.va\/wp-content\/uploads\/2021\/09\/2021-International-Convention-Program.pdf\" target=\"_blank\" rel=\"noopener\"><strong>Programm<\/strong><\/a> und <a href=\"https:\/\/centesimusannus-stg.catholica.va\/wp-content\/uploads\/2021\/09\/APPLICATION-FORM-2021.docx\" target=\"_blank\" rel=\"noopener\"><strong>Anmeldeformular<\/strong><\/a> unserer International Convention vom 21.-23. Oktober 2021 in Rom. Die Veranstaltung ist aufgrund der Corona-Bestimmungen inklusive Referenten auf knapp 200 Teilnehmer ausgelegt. Eine l\u00e4nderspezifische Kontingentierung ist aber nicht vorgesehen, sodass leider keine Teilnehmerzahl f\u00fcr die Deutsche Sektion gesichert ist. Es entscheidet der Eingang der Anmeldungen und insofern kann ich Sie nur ermuntern, sich umgehend anzumelden. Bitte ber\u00fccksichtigen Sie bei Ihrer Reisplanung auch das traditionelle Abschlussessen der Deutschen Sektion am Samstag, den 23.10.2021 mittags im I Quattro Mori Hostaria. Es w\u00fcrde mich sehr freuen, Sie auch dort zahlreich begr\u00fc\u00dfen zu k\u00f6nnen.<\/p>\n<p style=\"text-align: justify;\">Als neuen, zus\u00e4tzlichen Termin kann ich Ihnen die Verleihung der Internationalen CAPP-Medienpreise in Rom nennen: sie wird unter der Schirmherrschaft von S.Em. Kardinal Marx am Donnerstag, den 16. Dezember 2021, stattfinden und ist ebenfalls eine Reise nach Rom wert.<\/p>\n<p style=\"text-align: justify;\">Au\u00dferdem m\u00f6chte ich Sie bitten, bereits heute den Termin in 2022 f\u00fcr den Frankfurter Studientag und die Mitgliederversammlung der Deutschen Sektion vorzumerken: Samstag, den 12. Februar 2022 in der Philosophisch-Theologischen Hochschule St. Georgen in Frankfurt am Main.<\/p>\n<p style=\"text-align: justify;\">Ich freue mich auf das Wiedersehen mit Ihnen, zun\u00e4chst virtuell am 12. August 2021 zu unserem CAPP-GIN #2 Event, dann auf viele pers\u00f6nliche Begegnungen und w\u00fcnsche Ihnen und Ihren Familien einen erholsamen Urlaub.<\/p>\n<p>Mit besten Gr\u00fc\u00dfen<\/p>\n<p>Ulrich Sch\u00fcrenkr\u00e4mer<\/p>\n<p>Coordinator for Germany<br \/>\nVorsitzender des Vorstands<br \/>\nStiftung Centesimus Annus pro Pontifice \u2013 Deutsche Sektion<\/p>\n","protected":false},"excerpt":{"rendered":"<p>Liebe Mitglieder und Freunde von CAPP, in der Hoffnung, dass Sie die Lockerungen der Corona-Pandemie genie\u00dfen k\u00f6nnen und einen sch\u00f6nen Sommer mit Familie, Freunden und Bekannten verbringen, melde ich mich bei Ihnen mit Veranstaltungsterminen, die f\u00fcr uns alle mit einem physischen Zusammentreffen verbunden sind. Anbei \u00fcbersende ich Ihnen (nochmals zur Sicherheit) Programm und Anmeldeformular unserer International Convention vom 21.-23. Oktober 2021 in Rom. Die Veranstaltung ist aufgrund der Corona-Bestimmungen inklusive Referenten auf knapp 200 Teilnehmer ausgelegt. Eine l\u00e4nderspezifische Kontingentierung ist aber nicht vorgesehen, sodass leider keine Teilnehmerzahl f\u00fcr die Deutsche Sektion gesichert ist. Es entscheidet der Eingang der Anmeldungen und&#8230;<\/p>\n","protected":false},"author":2,"featured_media":0,"parent":14894,"menu_order":0,"comment_status":"closed","ping_status":"closed","template":"","meta":[],"categories":[],"tags":[103],"_links":{"self":[{"href":"https:\/\/centesimusannus-stg.catholica.va\/en\/wp-json\/wp\/v2\/pages\/14397"}],"collection":[{"href":"https:\/\/centesimusannus-stg.catholica.va\/en\/wp-json\/wp\/v2\/pages"}],"about":[{"href":"https:\/\/centesimusannus-stg.catholica.va\/en\/wp-json\/wp\/v2\/types\/page"}],"author":[{"embeddable":true,"href":"https:\/\/centesimusannus-stg.catholica.va\/en\/wp-json\/wp\/v2\/users\/2"}],"replies":[{"embeddable":true,"href":"https:\/\/centesimusannus-stg.catholica.va\/en\/wp-json\/wp\/v2\/comments?post=14397"}],"version-history":[{"count":0,"href":"https:\/\/centesimusannus-stg.catholica.va\/en\/wp-json\/wp\/v2\/pages\/14397\/revisions"}],"up":[{"embeddable":true,"href":"https:\/\/centesimusannus-stg.catholica.va\/en\/wp-json\/wp\/v2\/pages\/14894"}],"wp:attachment":[{"href":"https:\/\/centesimusannus-stg.catholica.va\/en\/wp-json\/wp\/v2\/media?parent=14397"}],"wp:term":[{"taxonomy":"category","embeddable":true,"href":"https:\/\/centesimusannus-stg.catholica.va\/en\/wp-json\/wp\/v2\/categories?post=14397"},{"taxonomy":"post_tag","embeddable":true,"href":"https:\/\/centesimusannus-stg.catholica.va\/en\/wp-json\/wp\/v2\/tags?post=14397"}],"curies":[{"name":"wp","href":"https:\/\/api.w.org\/{rel}","templated":true}]}}