{"id":14546,"date":"2021-09-21T12:32:43","date_gmt":"2021-09-21T10:32:43","guid":{"rendered":"http:\/\/centesimusannus-stg.catholica.va\/?page_id=14546"},"modified":"2021-12-10T11:15:31","modified_gmt":"2021-12-10T10:15:31","slug":"september-30th-2021-infrastructure-and-sustainability-which-future-for-italy","status":"publish","type":"page","link":"https:\/\/centesimusannus-stg.catholica.va\/en\/activities\/local\/italy\/rome\/september-30th-2021-infrastructure-and-sustainability-which-future-for-italy\/","title":{"rendered":"September 30th, 2021: &#8220;Infrastructure and sustainability: which future for Italy&#8221;"},"content":{"rendered":"<p>Cari tutti,<\/p>\n<p style=\"text-align: justify;\">la presente per comunicarvi che come Chapter di Roma della Fondazione Centesimus Annus stiamo organizzando un evento molto interessante sui temi delle Infrastrutture dal titolo: <strong>&#8220;Infrastrutture e sostenibilit\u00e0: quale futuro per l&#8217;Italia&#8221;.<\/strong> L&#8217;evento sar\u00e0 l&#8217;occasione per parlare con esperti dello stato dell&#8217;arte di questo settore, in ottica di sostenibilit\u00e0 e di soluzioni in ambito green.<\/p>\n<p style=\"text-align: justify;\">L&#8217;evento si terr\u00e0 in presenza presso la sede del Vicariato (Palazzo Maffei Marescotti) in <strong>Via della Pigna 13 il giorno 30 settembre pv alle ore 17.45.<\/strong> I lavori verranno aperti dal ns Presidente, Anna Maria Tarantola, a cui seguir\u00e0 una tavola rotonda moderata dal giornalista Fabio Bolzetta. Alla tavola rotonda parteciperanno:<\/p>\n<p style=\"text-align: justify;\">Dott Donato Iacovone, Presidente Webuild<\/p>\n<p style=\"text-align: justify;\">Ing Massimo Sessa, Presidente del Consiglio Superiore dei Lavori Pubblici<\/p>\n<p style=\"text-align: justify;\">Prof.ssa Cristina Finocchi Mahne, Docente Universitario e membro del Comitato Scientifico FCAPP<\/p>\n<p style=\"text-align: justify;\">Ing. Alessandro Focaracci, CEO di Prometeo Engineering<\/p>\n<p style=\"text-align: justify;\">Sto aspettando una conferma per la partecipazione al dibattito da parte della Dottssa Alessandra Dal Verme, DG Demanio.<\/p>\n<p style=\"text-align: justify;\">La durata del dibattito sar\u00e0 1h15 circa.<\/p>\n<p>Stiamo valutando anche un collegamento in streaming.<\/p>\n<p>A stretto giro conto di mandarvi anche la locandina.<\/p>\n<p>Chi fosse interessato mi mandi una conferma di partecipazione in privato possibilmente entro e non oltre martedi&#8217; 21 settembre pv. I posti sono limitati per effetto del Covid, quindi dovr\u00f2 tenere conto delle priorit\u00e0 ricevute cercando di garantire la possibilit\u00e0 di assistere all&#8217;evento anche in streaming. Ovviamente per partecipare all&#8217;evento sar\u00e0 necessario essere muniti di green pass e\/o tampone fatto nelle 48h precedenti (secondo comunque la normativa vigente).<\/p>\n<p>Grazie, un cordiale saluto<\/p>\n<p>Alessandro Rizzo<\/p>\n<p>Referente FCAPP Roma<\/p>\n","protected":false},"excerpt":{"rendered":"<p>Cari tutti, la presente per comunicarvi che come Chapter di Roma della Fondazione Centesimus Annus stiamo organizzando un evento molto interessante sui temi delle Infrastrutture dal titolo: &#8220;Infrastrutture e sostenibilit\u00e0: quale futuro per l&#8217;Italia&#8221;. L&#8217;evento sar\u00e0 l&#8217;occasione per parlare con esperti dello stato dell&#8217;arte di questo settore, in ottica di sostenibilit\u00e0 e di soluzioni in ambito green. L&#8217;evento si terr\u00e0 in presenza presso la sede del Vicariato (Palazzo Maffei Marescotti) in Via della Pigna 13 il giorno 30 settembre pv alle ore 17.45. I lavori verranno aperti dal ns Presidente, Anna Maria Tarantola, a cui seguir\u00e0 una tavola rotonda moderata&#8230;<\/p>\n","protected":false},"author":2,"featured_media":0,"parent":15027,"menu_order":0,"comment_status":"closed","ping_status":"closed","template":"","meta":[],"categories":[],"tags":[123],"_links":{"self":[{"href":"https:\/\/centesimusannus-stg.catholica.va\/en\/wp-json\/wp\/v2\/pages\/14546"}],"collection":[{"href":"https:\/\/centesimusannus-stg.catholica.va\/en\/wp-json\/wp\/v2\/pages"}],"about":[{"href":"https:\/\/centesimusannus-stg.catholica.va\/en\/wp-json\/wp\/v2\/types\/page"}],"author":[{"embeddable":true,"href":"https:\/\/centesimusannus-stg.catholica.va\/en\/wp-json\/wp\/v2\/users\/2"}],"replies":[{"embeddable":true,"href":"https:\/\/centesimusannus-stg.catholica.va\/en\/wp-json\/wp\/v2\/comments?post=14546"}],"version-history":[{"count":0,"href":"https:\/\/centesimusannus-stg.catholica.va\/en\/wp-json\/wp\/v2\/pages\/14546\/revisions"}],"up":[{"embeddable":true,"href":"https:\/\/centesimusannus-stg.catholica.va\/en\/wp-json\/wp\/v2\/pages\/15027"}],"wp:attachment":[{"href":"https:\/\/centesimusannus-stg.catholica.va\/en\/wp-json\/wp\/v2\/media?parent=14546"}],"wp:term":[{"taxonomy":"category","embeddable":true,"href":"https:\/\/centesimusannus-stg.catholica.va\/en\/wp-json\/wp\/v2\/categories?post=14546"},{"taxonomy":"post_tag","embeddable":true,"href":"https:\/\/centesimusannus-stg.catholica.va\/en\/wp-json\/wp\/v2\/tags?post=14546"}],"curies":[{"name":"wp","href":"https:\/\/api.w.org\/{rel}","templated":true}]}}