{"id":14578,"date":"2021-09-27T11:37:41","date_gmt":"2021-09-27T09:37:41","guid":{"rendered":"http:\/\/centesimusannus-stg.catholica.va\/?page_id=14578"},"modified":"2021-12-10T11:10:28","modified_gmt":"2021-12-10T10:10:28","slug":"document-fcapp-milan-convention-2021-appointment-with-don-walter-magnoni-next-meeting-dates","status":"publish","type":"page","link":"https:\/\/centesimusannus-stg.catholica.va\/en\/activities\/local\/italy\/milan\/document-fcapp-milan-convention-2021-appointment-with-don-walter-magnoni-next-meeting-dates\/","title":{"rendered":"Document FCAPP Milan Convention 2021 &#8211; Appointment with Don Walter Magnoni &#8211; Next meeting dates"},"content":{"rendered":"<p>Carissimi,<\/p>\n<p style=\"text-align: justify;\">la ripresa delle attivit\u00e0 vedr\u00e0 la partecipazione del nostro Chapter alla Convention Internazionale dove, come ogni anno, porteremo il nostro contributo di idee e riflessioni con il documento che \u00e8 stato elaborato nei mesi scorsi grazie all&#8217;impegno di molti aderenti.<\/p>\n<p style=\"text-align: justify;\"><strong><a href=\"https:\/\/centesimusannus-stg.catholica.va\/wp-content\/uploads\/2021\/09\/Centesimus-Milano-Smart-City-9-21.pdf\" target=\"_blank\" rel=\"noopener\">In allegato Vi invio la versione finale del documento<\/a> <\/strong>che quest&#8217;anno verte sul tema: &#8220;L&#8217;inclusione sociale e territoriale. Un modello di citt\u00e0 post pandemia che favorisca la coesione: dal pensiero Sociale Cristiano alcune proposte per un nuovo disegno di citt\u00e0 &#8220;intelligenti ed inclusive&#8221;.<\/p>\n<p style=\"text-align: justify;\">Dal 1 settembre 2021 l&#8217;assistente ecclesiastico del Chapter di Milano della Fondazione, don Walter Magnoni, ha ricevuto un nuovo importante incarico pastorale a Lecco, e pertanto ha espresso la sua impossibilit\u00e0 a continuare a svolgere la sua funzione con riferimento al Chapter di Milano, mantenendo comunque l&#8217;incarico di Assistente Nazionale della Fondazione. Intendiamo esprimere a Don Walter il ringraziamento per l&#8217;attivit\u00e0 svolta organizzando una visita dopo il suo ingresso nella nuova Parrocchia, la data prescelta \u00e8 il 10 ottobre p.v. alle ore 15.00. Chi fosse interessato a partecipare \u00e8 pregato di darne comunicazione entro il 1\u00b0 ottobre.<\/p>\n<p style=\"text-align: justify;\">Per l&#8217;incarico di assistente ecclesiastico del nostro Chapter l&#8217;Arcidiocesi ha indicato don Nazario Costante che attualmente \u00e8 vicario parrocchiale a Milano Santa Giustina in Affori.<\/p>\n<p style=\"text-align: justify;\">Nell&#8217;accogliere con piacere Don Nazario Vi comunico le date dei prossimi incontri con Lui concordate:<\/p>\n<p style=\"text-align: justify;\"><strong>14 ottobre<\/strong><br \/>\n<strong>8 novembre<\/strong><br \/>\n<strong>2 dicembre<\/strong><\/p>\n<p style=\"text-align: justify;\">Il luogo e orari degli incontri verranno comunicati in seguito.<br \/>\nUn caro saluto<\/p>\n<p>Piero Candido Tagliabue<br \/>\nSegretario Coordinatore Chapter di Milano FCAPP<\/p>\n","protected":false},"excerpt":{"rendered":"<p>Carissimi, la ripresa delle attivit\u00e0 vedr\u00e0 la partecipazione del nostro Chapter alla Convention Internazionale dove, come ogni anno, porteremo il nostro contributo di idee e riflessioni con il documento che \u00e8 stato elaborato nei mesi scorsi grazie all&#8217;impegno di molti aderenti. In allegato Vi invio la versione finale del documento che quest&#8217;anno verte sul tema: &#8220;L&#8217;inclusione sociale e territoriale. Un modello di citt\u00e0 post pandemia che favorisca la coesione: dal pensiero Sociale Cristiano alcune proposte per un nuovo disegno di citt\u00e0 &#8220;intelligenti ed inclusive&#8221;. Dal 1 settembre 2021 l&#8217;assistente ecclesiastico del Chapter di Milano della Fondazione, don Walter Magnoni, ha&#8230;<\/p>\n","protected":false},"author":2,"featured_media":0,"parent":14929,"menu_order":0,"comment_status":"closed","ping_status":"closed","template":"","meta":[],"categories":[],"tags":[108],"_links":{"self":[{"href":"https:\/\/centesimusannus-stg.catholica.va\/en\/wp-json\/wp\/v2\/pages\/14578"}],"collection":[{"href":"https:\/\/centesimusannus-stg.catholica.va\/en\/wp-json\/wp\/v2\/pages"}],"about":[{"href":"https:\/\/centesimusannus-stg.catholica.va\/en\/wp-json\/wp\/v2\/types\/page"}],"author":[{"embeddable":true,"href":"https:\/\/centesimusannus-stg.catholica.va\/en\/wp-json\/wp\/v2\/users\/2"}],"replies":[{"embeddable":true,"href":"https:\/\/centesimusannus-stg.catholica.va\/en\/wp-json\/wp\/v2\/comments?post=14578"}],"version-history":[{"count":0,"href":"https:\/\/centesimusannus-stg.catholica.va\/en\/wp-json\/wp\/v2\/pages\/14578\/revisions"}],"up":[{"embeddable":true,"href":"https:\/\/centesimusannus-stg.catholica.va\/en\/wp-json\/wp\/v2\/pages\/14929"}],"wp:attachment":[{"href":"https:\/\/centesimusannus-stg.catholica.va\/en\/wp-json\/wp\/v2\/media?parent=14578"}],"wp:term":[{"taxonomy":"category","embeddable":true,"href":"https:\/\/centesimusannus-stg.catholica.va\/en\/wp-json\/wp\/v2\/categories?post=14578"},{"taxonomy":"post_tag","embeddable":true,"href":"https:\/\/centesimusannus-stg.catholica.va\/en\/wp-json\/wp\/v2\/tags?post=14578"}],"curies":[{"name":"wp","href":"https:\/\/api.w.org\/{rel}","templated":true}]}}