{"id":14590,"date":"2021-09-30T11:09:38","date_gmt":"2021-09-30T09:09:38","guid":{"rendered":"http:\/\/centesimusannus-stg.catholica.va\/?page_id=14590"},"modified":"2021-12-10T11:13:23","modified_gmt":"2021-12-10T10:13:23","slug":"press-release-event-on-september-30th-2021","status":"publish","type":"page","link":"https:\/\/centesimusannus-stg.catholica.va\/en\/activities\/local\/italy\/rome\/press-release-event-on-september-30th-2021\/","title":{"rendered":"Press Release &#8211; Event on September 30th, 2021"},"content":{"rendered":"<p style=\"text-align: center;\"><strong>Comunicato stampa<\/strong><\/p>\n<p style=\"text-align: center;\"><strong><em>Infrastrutture e sostenibilit\u00e0: quale futuro per l\u2019Italia?<\/em><\/strong><\/p>\n<p style=\"text-align: center;\"><strong>Gioved\u00ec 30 settembre &#8211; ore 17:45<\/strong><\/p>\n<p style=\"text-align: center;\"><strong>Roma, Vicariato-Palazzo Maffei Marescotti, Via della Pigna 13<\/strong><\/p>\n<p>&nbsp;<\/p>\n<p style=\"text-align: justify;\">La sostenibilit\u00e0 ambientale \u00e8 la nuova sfida globale. In questo contesto lo studio e la progettazione di infrastrutture green possono dare il loro contributo per lo sviluppo dell\u2019economia circolare in questo settore. \u00c8 questo lo spirito con il quale il Chapter di Roma della Fondazione Centesimus Annus pro Pontifice e Webuild Group hanno organizzato la tavola rotonda che si svolge oggi a Roma presso il palazzo del Vicariato Maffei Marescotti dal titolo \u201cInfrastrutture e sostenibilit\u00e0: quale futuro per l\u2019Italia?\u201d.<\/p>\n<p style=\"text-align: justify;\">Dopo l\u2019apertura dei lavori da parte della Prof.ssa\u00a0<strong>Anna Maria Tarantola<\/strong>, Presidente della Fondazione Centesimus Annus \u2013 pro Pontifice, intervengono ad animare la tavola rotonda alcuni autorevoli esperti: Prof.ssa\u00a0<strong>Cristina Finocchi Mahne<\/strong>, Comitato scientifico della\u00a0Fondazione Centesimus Annus \u2013 pro Pontifice;\u00a0<strong>Alessandro Focaracci<\/strong>, amministratore delegato di Prometeoengineering.it, il quale ha contribuito fattivamente alla realizzazione di questo evento;\u00a0<strong>Donato Iacovone<\/strong>, Presidente di Webuild Group;\u00a0<strong>Massimo Sessa<\/strong>, Presidente del Consiglio Superiore dei Lavori Pubblici. Modera l\u2019incontro\u00a0<strong>Fabio Bolzetta<\/strong>, giornalista TV2000.<\/p>\n<p>La tavola rotonda si pu\u00f2 seguire anche tramite collegamento Zoom:\u00a0<a href=\"https:\/\/us02web.zoom.us\/j\/89005550964\" target=\"_blank\" rel=\"noopener\">https:\/\/us02web.zoom.us\/j\/89005550964<\/a><\/p>\n<p>Per informazioni: referente Chapter di Roma FCAPP,\u00a0<a href=\"mailto:fcapp.alessandro.rizzo@gmail.com\" target=\"_blank\" rel=\"noopener\">fcapp.alessandro.rizzo@gmail.com<\/a><\/p>\n<p><em>Ufficio stampa FCAPP: Costantino Coros,\u00a0<a href=\"mailto:corospress@gmail.com\" target=\"_blank\" rel=\"noopener\">corospress@gmail.com<\/a>, cell. 393.9396689<\/em><\/p>\n","protected":false},"excerpt":{"rendered":"<p>Comunicato stampa Infrastrutture e sostenibilit\u00e0: quale futuro per l\u2019Italia? Gioved\u00ec 30 settembre &#8211; ore 17:45 Roma, Vicariato-Palazzo Maffei Marescotti, Via della Pigna 13 &nbsp; La sostenibilit\u00e0 ambientale \u00e8 la nuova sfida globale. In questo contesto lo studio e la progettazione di infrastrutture green possono dare il loro contributo per lo sviluppo dell\u2019economia circolare in questo settore. \u00c8 questo lo spirito con il quale il Chapter di Roma della Fondazione Centesimus Annus pro Pontifice e Webuild Group hanno organizzato la tavola rotonda che si svolge oggi a Roma presso il palazzo del Vicariato Maffei Marescotti dal titolo \u201cInfrastrutture e sostenibilit\u00e0: quale&#8230;<\/p>\n","protected":false},"author":2,"featured_media":0,"parent":15027,"menu_order":0,"comment_status":"closed","ping_status":"closed","template":"","meta":[],"categories":[],"tags":[123],"_links":{"self":[{"href":"https:\/\/centesimusannus-stg.catholica.va\/en\/wp-json\/wp\/v2\/pages\/14590"}],"collection":[{"href":"https:\/\/centesimusannus-stg.catholica.va\/en\/wp-json\/wp\/v2\/pages"}],"about":[{"href":"https:\/\/centesimusannus-stg.catholica.va\/en\/wp-json\/wp\/v2\/types\/page"}],"author":[{"embeddable":true,"href":"https:\/\/centesimusannus-stg.catholica.va\/en\/wp-json\/wp\/v2\/users\/2"}],"replies":[{"embeddable":true,"href":"https:\/\/centesimusannus-stg.catholica.va\/en\/wp-json\/wp\/v2\/comments?post=14590"}],"version-history":[{"count":0,"href":"https:\/\/centesimusannus-stg.catholica.va\/en\/wp-json\/wp\/v2\/pages\/14590\/revisions"}],"up":[{"embeddable":true,"href":"https:\/\/centesimusannus-stg.catholica.va\/en\/wp-json\/wp\/v2\/pages\/15027"}],"wp:attachment":[{"href":"https:\/\/centesimusannus-stg.catholica.va\/en\/wp-json\/wp\/v2\/media?parent=14590"}],"wp:term":[{"taxonomy":"category","embeddable":true,"href":"https:\/\/centesimusannus-stg.catholica.va\/en\/wp-json\/wp\/v2\/categories?post=14590"},{"taxonomy":"post_tag","embeddable":true,"href":"https:\/\/centesimusannus-stg.catholica.va\/en\/wp-json\/wp\/v2\/tags?post=14590"}],"curies":[{"name":"wp","href":"https:\/\/api.w.org\/{rel}","templated":true}]}}