{"id":14630,"date":"2021-10-11T17:32:10","date_gmt":"2021-10-11T15:32:10","guid":{"rendered":"http:\/\/centesimusannus-stg.catholica.va\/?page_id=14630"},"modified":"2021-12-10T11:13:45","modified_gmt":"2021-12-10T10:13:45","slug":"october-14th-2021-meeting-chapter-fcapp-milano","status":"publish","type":"page","link":"https:\/\/centesimusannus-stg.catholica.va\/en\/activities\/local\/italy\/milan\/october-14th-2021-meeting-chapter-fcapp-milano\/","title":{"rendered":"October 14th, 2021: meeting Milan chapter FCAPP"},"content":{"rendered":"<p>Carissimi,<\/p>\n<p style=\"text-align: justify;\">Vi confermo la data del <strong>14 ottobre p.v.<\/strong> per la prossima riunione del nostro Chapter. L&#8217;incontro si terr\u00e0 presso <strong>l&#8217;Associazione Commercialisti Cattolici, Piazza Duomo 16.<\/strong> A questo riguardo ringraziamo sentitamente la Dottoressa Caradonna per la gentile ospitalit\u00e0. L&#8217;orario sar\u00e0 come di consueto <strong>dalle 18.15 alle 20.00 circa.<\/strong><\/p>\n<p style=\"text-align: justify;\">La riunione sar\u00e0 l&#8217;occasione per accogliere e conoscere il nuovo assistente spirituale del Chapter di Milano Don Nazario Costante.<\/p>\n<p style=\"text-align: justify;\">In attesa di incontrarci porgo un caro saluto a tutti.<\/p>\n<p>Piero Candido Tagliabue<br \/>\nSegretario Coordinatore Chapter di Milano FCAPP<\/p>\n","protected":false},"excerpt":{"rendered":"<p>Carissimi, Vi confermo la data del 14 ottobre p.v. per la prossima riunione del nostro Chapter. L&#8217;incontro si terr\u00e0 presso l&#8217;Associazione Commercialisti Cattolici, Piazza Duomo 16. A questo riguardo ringraziamo sentitamente la Dottoressa Caradonna per la gentile ospitalit\u00e0. L&#8217;orario sar\u00e0 come di consueto dalle 18.15 alle 20.00 circa. La riunione sar\u00e0 l&#8217;occasione per accogliere e conoscere il nuovo assistente spirituale del Chapter di Milano Don Nazario Costante. In attesa di incontrarci porgo un caro saluto a tutti. Piero Candido Tagliabue Segretario Coordinatore Chapter di Milano FCAPP<\/p>\n","protected":false},"author":2,"featured_media":0,"parent":14929,"menu_order":0,"comment_status":"closed","ping_status":"closed","template":"","meta":[],"categories":[],"tags":[108],"_links":{"self":[{"href":"https:\/\/centesimusannus-stg.catholica.va\/en\/wp-json\/wp\/v2\/pages\/14630"}],"collection":[{"href":"https:\/\/centesimusannus-stg.catholica.va\/en\/wp-json\/wp\/v2\/pages"}],"about":[{"href":"https:\/\/centesimusannus-stg.catholica.va\/en\/wp-json\/wp\/v2\/types\/page"}],"author":[{"embeddable":true,"href":"https:\/\/centesimusannus-stg.catholica.va\/en\/wp-json\/wp\/v2\/users\/2"}],"replies":[{"embeddable":true,"href":"https:\/\/centesimusannus-stg.catholica.va\/en\/wp-json\/wp\/v2\/comments?post=14630"}],"version-history":[{"count":0,"href":"https:\/\/centesimusannus-stg.catholica.va\/en\/wp-json\/wp\/v2\/pages\/14630\/revisions"}],"up":[{"embeddable":true,"href":"https:\/\/centesimusannus-stg.catholica.va\/en\/wp-json\/wp\/v2\/pages\/14929"}],"wp:attachment":[{"href":"https:\/\/centesimusannus-stg.catholica.va\/en\/wp-json\/wp\/v2\/media?parent=14630"}],"wp:term":[{"taxonomy":"category","embeddable":true,"href":"https:\/\/centesimusannus-stg.catholica.va\/en\/wp-json\/wp\/v2\/categories?post=14630"},{"taxonomy":"post_tag","embeddable":true,"href":"https:\/\/centesimusannus-stg.catholica.va\/en\/wp-json\/wp\/v2\/tags?post=14630"}],"curies":[{"name":"wp","href":"https:\/\/api.w.org\/{rel}","templated":true}]}}