{"id":14710,"date":"2021-10-29T11:16:26","date_gmt":"2021-10-29T09:16:26","guid":{"rendered":"http:\/\/centesimusannus-stg.catholica.va\/?page_id=14710"},"modified":"2021-12-10T11:10:06","modified_gmt":"2021-12-10T10:10:06","slug":"change-of-date-for-the-next-meeting-of-the-milan-group","status":"publish","type":"page","link":"https:\/\/centesimusannus-stg.catholica.va\/en\/activities\/local\/italy\/milan\/change-of-date-for-the-next-meeting-of-the-milan-group\/","title":{"rendered":"Change of date for the next meeting of the Milan group"},"content":{"rendered":"<p>Carissimi,<\/p>\n<p style=\"text-align: justify;\">Vi comunico che la prossima riunione del nostro Chapter si svolger\u00e0 il giorno 15 novembre p.v. anzich\u00e9 il giorno 8 novembre come in precedenza comunicato. L&#8217;incontro si terr\u00e0 come di consueto dalle ore 18.15 alle ore 20.00 circa presso l&#8217;Associazione dei Commercialisti Cattolici, Piazza Duomo n.16.<br \/>\nLa riunione consentir\u00e0 di commentare le conclusioni della recente Convention Internazionale di Roma anche a beneficio di chi non ha potuto partecipare.<\/p>\n<p style=\"text-align: justify;\">E&#8217; molto importante una numerosa partecipazione da parte degli aderenti e dei simpatizzanti del Chapter in quanto come sempre la prima riunione dopo la Convention costituisce un momento di coordinamento e di impostazione delle attivit\u00e0 per i prossimi mesi.<\/p>\n<p>A presto, un caro saluto.<\/p>\n<p>Piero Candido Tagliabue<br \/>\nSegretario Coordinatore Chapter di Milano FCAPP<\/p>\n","protected":false},"excerpt":{"rendered":"<p>Carissimi, Vi comunico che la prossima riunione del nostro Chapter si svolger\u00e0 il giorno 15 novembre p.v. anzich\u00e9 il giorno 8 novembre come in precedenza comunicato. L&#8217;incontro si terr\u00e0 come di consueto dalle ore 18.15 alle ore 20.00 circa presso l&#8217;Associazione dei Commercialisti Cattolici, Piazza Duomo n.16. La riunione consentir\u00e0 di commentare le conclusioni della recente Convention Internazionale di Roma anche a beneficio di chi non ha potuto partecipare. E&#8217; molto importante una numerosa partecipazione da parte degli aderenti e dei simpatizzanti del Chapter in quanto come sempre la prima riunione dopo la Convention costituisce un momento di coordinamento e&#8230;<\/p>\n","protected":false},"author":2,"featured_media":0,"parent":14929,"menu_order":0,"comment_status":"closed","ping_status":"closed","template":"","meta":[],"categories":[],"tags":[108],"_links":{"self":[{"href":"https:\/\/centesimusannus-stg.catholica.va\/en\/wp-json\/wp\/v2\/pages\/14710"}],"collection":[{"href":"https:\/\/centesimusannus-stg.catholica.va\/en\/wp-json\/wp\/v2\/pages"}],"about":[{"href":"https:\/\/centesimusannus-stg.catholica.va\/en\/wp-json\/wp\/v2\/types\/page"}],"author":[{"embeddable":true,"href":"https:\/\/centesimusannus-stg.catholica.va\/en\/wp-json\/wp\/v2\/users\/2"}],"replies":[{"embeddable":true,"href":"https:\/\/centesimusannus-stg.catholica.va\/en\/wp-json\/wp\/v2\/comments?post=14710"}],"version-history":[{"count":0,"href":"https:\/\/centesimusannus-stg.catholica.va\/en\/wp-json\/wp\/v2\/pages\/14710\/revisions"}],"up":[{"embeddable":true,"href":"https:\/\/centesimusannus-stg.catholica.va\/en\/wp-json\/wp\/v2\/pages\/14929"}],"wp:attachment":[{"href":"https:\/\/centesimusannus-stg.catholica.va\/en\/wp-json\/wp\/v2\/media?parent=14710"}],"wp:term":[{"taxonomy":"category","embeddable":true,"href":"https:\/\/centesimusannus-stg.catholica.va\/en\/wp-json\/wp\/v2\/categories?post=14710"},{"taxonomy":"post_tag","embeddable":true,"href":"https:\/\/centesimusannus-stg.catholica.va\/en\/wp-json\/wp\/v2\/tags?post=14710"}],"curies":[{"name":"wp","href":"https:\/\/api.w.org\/{rel}","templated":true}]}}