{"id":14720,"date":"2021-11-02T22:29:48","date_gmt":"2021-11-02T21:29:48","guid":{"rendered":"http:\/\/centesimusannus-stg.catholica.va\/?page_id=14720"},"modified":"2021-12-10T11:15:31","modified_gmt":"2021-12-10T10:15:31","slug":"upcoming-events-rome-chapter-webinar-november-18th-2021","status":"publish","type":"page","link":"https:\/\/centesimusannus-stg.catholica.va\/en\/activities\/local\/italy\/rome\/upcoming-events-rome-chapter-webinar-november-18th-2021\/","title":{"rendered":"Upcoming events Rome Chapter &#8211; Webinar November 18th, 2021"},"content":{"rendered":"<p>Carissimi,<\/p>\n<p>vi ricordo i due appuntamenti da qui a fine anno:<\/p>\n<ol>\n<li style=\"text-align: justify;\">il giorno 18 novembre pv alle ore 18.00 ci sar\u00e0 un interessante webinar sultema\u00a0<strong>\u201cSostenibilit\u00e0: quali professioni per il futuro?\u201d<\/strong>. Questo evento si inserisce all&#8217;interno del percorso tracciato all&#8217;interno del paper presentato in occasione del Convegno Internazionale della Fondazione della settimana scorsa. Interverranno (in ordine alfabetico): l&#8217;Avv Cecilia Carrara, esperta in tematiche di sostenibilit\u00e0, Partner di Legance, la Dottssa Marina Migliorato, Senior Advisor sui temi della Sostenibilit\u00e0, la Dottssa Eleonora Rizzuto, Director Corporate Sustainbility &amp; Responsibility Gruppo Bulgari, Dott. Andrea Turrini Vita, Manager del Gruppo MPS, autore di un interessante libro sui temi della sostenibilit\u00e0 in ambito finanza. Mons Pesce dar\u00e0 un breve inquadramento iniziale in linea con la Dottrina Sociale della Chiesa.<\/li>\n<\/ol>\n<p><strong><a href=\"https:\/\/centesimusannus-stg.catholica.va\/wp-content\/uploads\/2021\/11\/webinar_18-novembre_sostenibilita\u0300.pptx\" target=\"_blank\" rel=\"noopener\">In allegato trovate la locandina<\/a><\/strong><\/p>\n<ol start=\"2\">\n<li style=\"text-align: justify;\">il giorno 29 novembre alle ore 18.15 faremo con Mons Pesce un momento di riflessione spirituale in occasione dell&#8217;inizio dell&#8217;Avvento. Inizieremo puntuali alle 18.30 e entro le 19.30 &#8211; 19.45 finiremo. Dove: presso il Vicariato &#8211; Palazzo Maffei Marescotti &#8211; Via della Pigna 13.<\/li>\n<\/ol>\n<p style=\"text-align: justify;\">Con l&#8217;occasione vi confermo che stiamo affrontando due nuovi filoni con due gruppi di lavoro: le infrastrutture e la formazione in ambito sostenibilit\u00e0 con particolare riferimento alla finanza.<\/p>\n<p style=\"text-align: justify;\">Il primo ha come obiettivo quello di continuare la discussione fatta in occasione dell&#8217;evento del 30 settembre\u00a0 sul tema delle infrastrutture. Stiamo prevedendo l&#8217;organizzazione di un evento sulle infrastrutture marittime asse strategico per il nostro paese data la configurazione geografica del ns paese. Vorremmo parallelamente avviare alcune proposte concrete in questo settore per la citt\u00e0 di Roma.<\/p>\n<p style=\"text-align: justify;\">Per quanto riguarda il secondo tema vorremmo mettere a fattor comune in un unico tavolo di lavoro alcuni stakeholders del settore formazione (Universit\u00e0, centri di ricerca, aziende&#8230;) per fare azioni concrete sul tema della formazione in ambito sostenibilit\u00e0, con particolare riferimento ai temi finanziari, ESG etc. Le idee possono essere: proporre un corso master sulla sostenibilit\u00e0 cross con pi\u00f9 Universit\u00e0, proporre un corso cross sulla sostenibilit\u00e0 a piu&#8217; atenei o altre iniziative simili. L&#8217;occasione sar\u00e0 anche quella di approfondire la conoscenza dei temi finanziari in ambito sostenibilit\u00e0 (esempio: accesso alla finanza green da parte delle pmi).<\/p>\n<p style=\"text-align: justify;\">Ringraziandovi della vostra fattiva collaborazione, resto sempre a disposizione per idee e suggerimenti per migliorare le attivit\u00e0 del nostro Chapter in linea con gli obiettivi\u00a0della Fondazione.<\/p>\n<p>Un caro saluto<\/p>\n<p>Alessandro\u00a0Rizzo<\/p>\n<p>Referente FCAPP Roma<\/p>\n","protected":false},"excerpt":{"rendered":"<p>Carissimi, vi ricordo i due appuntamenti da qui a fine anno: il giorno 18 novembre pv alle ore 18.00 ci sar\u00e0 un interessante webinar sultema\u00a0\u201cSostenibilit\u00e0: quali professioni per il futuro?\u201d. Questo evento si inserisce all&#8217;interno del percorso tracciato all&#8217;interno del paper presentato in occasione del Convegno Internazionale della Fondazione della settimana scorsa. Interverranno (in ordine alfabetico): l&#8217;Avv Cecilia Carrara, esperta in tematiche di sostenibilit\u00e0, Partner di Legance, la Dottssa Marina Migliorato, Senior Advisor sui temi della Sostenibilit\u00e0, la Dottssa Eleonora Rizzuto, Director Corporate Sustainbility &amp; Responsibility Gruppo Bulgari, Dott. Andrea Turrini Vita, Manager del Gruppo MPS, autore di un interessante&#8230;<\/p>\n","protected":false},"author":2,"featured_media":0,"parent":15027,"menu_order":0,"comment_status":"closed","ping_status":"closed","template":"","meta":[],"categories":[],"tags":[123],"_links":{"self":[{"href":"https:\/\/centesimusannus-stg.catholica.va\/en\/wp-json\/wp\/v2\/pages\/14720"}],"collection":[{"href":"https:\/\/centesimusannus-stg.catholica.va\/en\/wp-json\/wp\/v2\/pages"}],"about":[{"href":"https:\/\/centesimusannus-stg.catholica.va\/en\/wp-json\/wp\/v2\/types\/page"}],"author":[{"embeddable":true,"href":"https:\/\/centesimusannus-stg.catholica.va\/en\/wp-json\/wp\/v2\/users\/2"}],"replies":[{"embeddable":true,"href":"https:\/\/centesimusannus-stg.catholica.va\/en\/wp-json\/wp\/v2\/comments?post=14720"}],"version-history":[{"count":0,"href":"https:\/\/centesimusannus-stg.catholica.va\/en\/wp-json\/wp\/v2\/pages\/14720\/revisions"}],"up":[{"embeddable":true,"href":"https:\/\/centesimusannus-stg.catholica.va\/en\/wp-json\/wp\/v2\/pages\/15027"}],"wp:attachment":[{"href":"https:\/\/centesimusannus-stg.catholica.va\/en\/wp-json\/wp\/v2\/media?parent=14720"}],"wp:term":[{"taxonomy":"category","embeddable":true,"href":"https:\/\/centesimusannus-stg.catholica.va\/en\/wp-json\/wp\/v2\/categories?post=14720"},{"taxonomy":"post_tag","embeddable":true,"href":"https:\/\/centesimusannus-stg.catholica.va\/en\/wp-json\/wp\/v2\/tags?post=14720"}],"curies":[{"name":"wp","href":"https:\/\/api.w.org\/{rel}","templated":true}]}}