{"id":20418,"date":"2023-12-14T18:55:33","date_gmt":"2023-12-14T17:55:33","guid":{"rendered":"https:\/\/centesimusannus-stg.catholica.va\/?page_id=20418"},"modified":"2024-01-10T18:58:37","modified_gmt":"2024-01-10T17:58:37","slug":"2024-course","status":"publish","type":"page","link":"https:\/\/centesimusannus-stg.catholica.va\/en\/courses\/catholic-social-teaching-courses\/2024-course\/","title":{"rendered":"2024 COURSE"},"content":{"rendered":"<p style=\"text-align: justify;\">Una nuova edizione avr\u00e0 inizio durante il 2024 (gennaio-marzo).<\/p>\n<p style=\"text-align: justify;\">Il metodo si compone di tre livelli di apprendimento:<\/p>\n<ol style=\"text-align: justify;\">\n<li>Quello di <strong>approfondimento e aggiornamento<\/strong> teoretico, lasciandoci interrogare dalle riflessioni di specialisti nei principali campi culturali, politici, sociali ed economici. Partendo dal carattere <em>dinamico<\/em> delle questioni sociali: quali sono le grandi sfide attuali? Cosa ci dicono gli specialisti in ogni campo? Si prevedono anche testimonianze di rappresentanti del mondo imprenditoriale e professionale.<\/li>\n<li>Quello i<strong>nduttivo<\/strong>. Ogni partecipante \u00e8 invitato a confrontare le proprie esperienze accumulate, personali, professionali e cristiane con quanto espresso dagli accademici e dagli esperti intervenuti. Si tratta di ascoltare la realt\u00e0, la propria e quella degli altri, come cammino di appropriazione e impegno sociale, incarnando l\u2019invito dei documenti sociali della DSC: \u00ab<em>vedere, giudicare, agire\u00bb.<\/em><\/li>\n<li>Quello di <strong>sapienza comunitaria<\/strong>. Dove partendo dal principio evangelico (Mt. 18, 20) si potr\u00e0 sviluppare un vero senso di fraternit\u00e0 e comunit\u00e0, per sperimentare che il bene che si condivide non si perde, ma si moltiplica: in reti di collaborazioni ed impegni, in percorsi di amicizie spirituali e sociali.<\/li>\n<\/ol>\n<p style=\"text-align: justify;\">Gli incontri prevedono sette moduli, di cui tre residenziali e quattro in modalit\u00e0 <em>on line<\/em>, concepiti come percorsi formativi orientati allo sviluppo umano integrale ed all\u2019amicizia e cooperazione sociale.<\/p>\n<p style=\"text-align: justify;\">I tre appuntamenti residenziali a Roma hanno come sede la <a href=\"https:\/\/www.casabonuspastor.com\/\" target=\"_blank\" rel=\"noopener\">Casa Bonus Pastor<\/a>, Via Aurelia 208, Roma, e si svolgono al sabato dalle 09:30 alle 17:30. Gli incontri <em>on line<\/em> si terranno dalle ore 18:30 alle ore 20:30.<\/p>\n<p style=\"text-align: justify;\">I momenti previsti in ogni incontro sono cos\u00ec organizzati: relazioni di specialisti nei diversi campi della DSC e rappresentanti del mondo economico, finanziario e sociale. Dialoghi aperti e discussione. Pranzo libero. Lavori di gruppo.<\/p>\n<p>Per le religiose ed i religiosi il corso \u00e8 interamente gratuito, mentre una riduzione pu\u00f2 essere applicata ai partecipanti giovani a discrezione della Fondazione (eventuali richieste vanno indirizzate alla Segreteria Generale).<\/p>\n<p style=\"text-align: justify;\">Si spera che a partire da ogni corso possa svilupparsi una rete di cooperazione sociale capace di incidere e trasformare il proprio campo personale, professionale e sociale.<\/p>\n<p style=\"text-align: justify;\">Al termine del corso si consegner\u00e0 un <strong>attestato di partecipazione<\/strong> firmato dalla Presidente della Fondazione <em>Centesimus<\/em> <em>Annus<\/em> e dal Direttore Scientifico del corso.<\/p>\n<p style=\"text-align: justify;\">Le date previste per le tre giornate <strong>residenziali<\/strong> (sabato) sono: <strong>20 gennaio 2024; 24 febbraio 2024; 23 marzo 2024.<\/strong><\/p>\n<p style=\"text-align: justify;\">Le date per i quattro incontri a distanza (<strong><em>on line)<\/em><\/strong> sono: <strong>gioved\u00ec 01 febbraio 2024; gioved\u00ec 15 febbraio 2024; mercoled\u00ec 28 febbraio 2024; gioved\u00ec 14 marzo 2024.<\/strong><\/p>\n<p style=\"text-align: justify;\"><strong>\u00a0<\/strong>Il Direttore Scientifico del corso \u00e8 il Prof. Mons. Guy-R\u00e9al Thivierge, in collaborazione con il Ph.D. Maximiliano LLanes.<\/p>\n<p class=\"yiv1390313917MsoListParagraph\"><a href=\"https:\/\/centesimusannus-stg.catholica.va\/wp-content\/uploads\/2023\/11\/Programma-Corso-di-DSC-2024.pdf\" target=\"_blank\" rel=\"noopener\"><strong>Programma<\/strong><\/a><\/p>\n<p><a href=\"https:\/\/centesimusannus-stg.catholica.va\/wp-content\/uploads\/2023\/11\/LETTERA-DIRETTORE-SCIENTIFICO-DSC-2024.pdf\" target=\"_blank\" rel=\"noopener\"><strong>Lettera del Direttore Scientifico<\/strong><\/a><\/p>\n<p><a href=\"https:\/\/centesimusannus-stg.catholica.va\/wp-content\/uploads\/2023\/12\/Scheda-iscrizione-Corso-DSC-2024.doc\" target=\"_blank\" rel=\"noopener\"><strong>Scheda di adesione corso 2024<\/strong><\/a><\/p>\n<p><a href=\"https:\/\/centesimusannus-stg.catholica.va\/wp-content\/uploads\/2024\/01\/Rassegna-stampa-corso-DSC_2024_FCAPP.pdf\" target=\"_blank\" rel=\"noopener\"><strong>Rassegna stampa<\/strong><\/a><\/p>\n","protected":false},"excerpt":{"rendered":"<p>Una nuova edizione avr\u00e0 inizio durante il 2024 (gennaio-marzo). Il metodo si compone di tre livelli di apprendimento: Quello di approfondimento e aggiornamento teoretico, lasciandoci interrogare dalle riflessioni di specialisti nei principali campi culturali, politici, sociali ed economici. Partendo dal carattere dinamico delle questioni sociali: quali sono le grandi sfide attuali? Cosa ci dicono gli specialisti in ogni campo? Si prevedono anche testimonianze di rappresentanti del mondo imprenditoriale e professionale. Quello induttivo. Ogni partecipante \u00e8 invitato a confrontare le proprie esperienze accumulate, personali, professionali e cristiane con quanto espresso dagli accademici e dagli esperti intervenuti. Si tratta di ascoltare la&#8230;<\/p>\n","protected":false},"author":2,"featured_media":0,"parent":15478,"menu_order":0,"comment_status":"closed","ping_status":"closed","template":"","meta":[],"categories":[],"tags":[],"_links":{"self":[{"href":"https:\/\/centesimusannus-stg.catholica.va\/en\/wp-json\/wp\/v2\/pages\/20418"}],"collection":[{"href":"https:\/\/centesimusannus-stg.catholica.va\/en\/wp-json\/wp\/v2\/pages"}],"about":[{"href":"https:\/\/centesimusannus-stg.catholica.va\/en\/wp-json\/wp\/v2\/types\/page"}],"author":[{"embeddable":true,"href":"https:\/\/centesimusannus-stg.catholica.va\/en\/wp-json\/wp\/v2\/users\/2"}],"replies":[{"embeddable":true,"href":"https:\/\/centesimusannus-stg.catholica.va\/en\/wp-json\/wp\/v2\/comments?post=20418"}],"version-history":[{"count":3,"href":"https:\/\/centesimusannus-stg.catholica.va\/en\/wp-json\/wp\/v2\/pages\/20418\/revisions"}],"predecessor-version":[{"id":20467,"href":"https:\/\/centesimusannus-stg.catholica.va\/en\/wp-json\/wp\/v2\/pages\/20418\/revisions\/20467"}],"up":[{"embeddable":true,"href":"https:\/\/centesimusannus-stg.catholica.va\/en\/wp-json\/wp\/v2\/pages\/15478"}],"wp:attachment":[{"href":"https:\/\/centesimusannus-stg.catholica.va\/en\/wp-json\/wp\/v2\/media?parent=20418"}],"wp:term":[{"taxonomy":"category","embeddable":true,"href":"https:\/\/centesimusannus-stg.catholica.va\/en\/wp-json\/wp\/v2\/categories?post=20418"},{"taxonomy":"post_tag","embeddable":true,"href":"https:\/\/centesimusannus-stg.catholica.va\/en\/wp-json\/wp\/v2\/tags?post=20418"}],"curies":[{"name":"wp","href":"https:\/\/api.w.org\/{rel}","templated":true}]}}