{"id":20979,"date":"2024-03-07T11:01:14","date_gmt":"2024-03-07T10:01:14","guid":{"rendered":"https:\/\/centesimusannus-stg.catholica.va\/activities\/economy-and-society-international-award\/international-award-ceremony-economy-and-society-february-27th-2024-27-february-2024\/"},"modified":"2025-11-18T18:24:55","modified_gmt":"2025-11-18T17:24:55","slug":"international-award-ceremony-economy-and-society-february-27th-2024-27-february-2024","status":"publish","type":"page","link":"https:\/\/centesimusannus-stg.catholica.va\/en\/activities\/economy-and-society-international-award\/international-award-ceremony-economy-and-society-february-27th-2024-27-february-2024\/","title":{"rendered":"INTERNATIONAL AWARD CEREMONY &#8220;ECONOMY AND SOCIETY&#8221; FEBRUARY 27th 2024 27 FEBRUARY 2024"},"content":{"rendered":"<p>[vc_row][vc_column][vc_column_text]4th edition of the Economy and Society Award \u2013 Scholarships section . The Scholarships are awarded annually. The next winners will be announced in late 2024. The awards ceremony will take place in 2025 . Candidates are invited to send their nomination to: centannus.award@foundation.va<\/p>\n<p><strong>4th Edition Scholarship section Winners:<\/strong><\/p>\n<p><b>Frosio, Enrico,\u00a0<\/b>Cultivating Vulnerability. The Benedictine Paradigm of Reclamation as a Proposal for an Integral Development of the Human Person,\u00a0<i>Catholic University, Milan.<\/i><\/p>\n<p><b>Fr. Susha, Raman<\/b>, Mythodesign in the Digital Age: An Ethical and Psychosocial Investigation of Political Technology,\u00a0<i>Angelicum, Rome.\u00a0<\/i><a href=\"https:\/\/centesimusannus-stg.catholica.va\/wp-content\/uploads\/2025\/04\/Mythodesign-ENG-don-Raman-Susha.pdf\" target=\"_blank\" rel=\"noopener\"><strong>Download article.<\/strong><\/a><\/p>\n<p><a href=\"https:\/\/centesimusannus-stg.catholica.va\/wp-content\/uploads\/2022\/01\/List-of-Jury-Members-Economy-and-Society-International-Award-16.12.2021.pdf\" target=\"_blank\" rel=\"noopener\">Composition of the Jury<\/a>[\/vc_column_text]<div class=\"banner-wrapper  \">\r\n\t\t\t\t\t<a class=\"banner \" href=\"https:\/\/centesimusannus-stg.catholica.va\/wp-content\/uploads\/2024\/02\/Announcement-Scholarships-2024.pdf\" target=\"_blank\"   style=background:#e5dfc9  >\r\n\t\t\t\t\t\t<i class=\"icons icon-docs\"><\/i>\r\n\t\t\t\t\t\t<h4>4th EDITION - NOTICE OF COMPETITION FOR THE INTERNATIONAL ``ECONOMY AND SOCIETY`` AWARD for the awarding of two SCHOLARSHIPS - YEAR 2024<\/h4>\r\n\t\t\t\t\t\t<p><\/p>\r\n\t\t\t\t\t<\/a>\r\n\t\t\t\t<\/div>[vc_single_image image=&#8221;20787&#8243; img_size=&#8221;full&#8221; css=&#8221;.vc_custom_1731408864484{margin-top: 20px !important;}&#8221;][\/vc_column][\/vc_row][vc_row][vc_column]<div class=\"banner-wrapper  \">\r\n\t\t\t\t\t<a class=\"banner \" href=\"https:\/\/centesimusannus-stg.catholica.va\/en\/publications\/gallery-economy-and-society-international-award-ceremony\/\" target=\"_blank\"   style=background:#e5dfc9  >\r\n\t\t\t\t\t\t<i class=\"icons icon-docs\"><\/i>\r\n\t\t\t\t\t\t<h4>Photo gallery of the International ``Economy and Society`` Award ceremony<\/h4>\r\n\t\t\t\t\t\t<p><\/p>\r\n\t\t\t\t\t<\/a>\r\n\t\t\t\t<\/div>[\/vc_column][\/vc_row][vc_row][vc_column][vc_column_text]<\/p>\n<p>&nbsp;<\/p>\n<p style=\"text-align: center;\"><strong><em>ECONOMY AND SOCIETY<\/em><\/strong><\/p>\n<p style=\"text-align: center;\"><strong>INTERNATIONAL AWARD CEREMONY<\/strong><\/p>\n<p style=\"text-align: center;\"><strong>27 February 2024 <\/strong><\/p>\n<p style=\"text-align: center;\"><strong>Istituto Maria Bambina<\/strong> &#8211; <strong>Sala Giovanni Paolo II (Via Paolo VI, 21 &#8211; Rome)<\/strong><\/p>\n<p style=\"text-align: center;\"><strong>The ceremony was chaired by the Secretary of State<\/strong><\/p>\n<p style=\"text-align: center;\"><strong>His Eminence Cardinal Pietro Parolin <\/strong><\/p>\n<p>&nbsp;<\/p>\n<p><strong>16:00 Welcome address<br \/>\n<a href=\"https:\/\/centesimusannus-stg.catholica.va\/wp-content\/uploads\/2024\/03\/2.-Tarantola-ITA.pdf\" target=\"_blank\" rel=\"noopener\">Prof. Anna Maria Tarantola<\/a><\/strong>, Chairwoman, Centesimus Annus pro Pontifice Foundation (CAPPF)<\/p>\n<p>&nbsp;<\/p>\n<p><strong>16:15<em> Laudatio <\/em>of the award winning work<br \/>\n<a href=\"https:\/\/centesimusannus-stg.catholica.va\/wp-content\/uploads\/2024\/03\/1.-Marx-ITA.pdf\" target=\"_blank\" rel=\"noopener\">His Eminence Cardinal Reinhard Marx<\/a><\/strong>, Archbishop of Munich and Freising, CAPPF Jury Chairman<\/p>\n<p>&nbsp;<\/p>\n<p><strong>16:30 \u2013 16:45 <em>Award ceremony<br \/>\n<\/em><\/strong><strong><u>Book Award:<br \/>\n<\/u><a href=\"https:\/\/centesimusannus-stg.catholica.va\/wp-content\/uploads\/2024\/03\/3.-Montero-Award-speech-Fundacio\u0301n-Cente\u0301simus-Annus-Feb-2024.pdf\" target=\"_blank\" rel=\"noopener\">Prof. Carolina Montero Orphanopoulos<\/a><\/strong>, Academic Investigator, Universidad Cat\u00f3lica Silva Henr\u00edquez, Santiago<\/p>\n<p>&nbsp;<\/p>\n<p><strong><u>Scholarship Awards:<br \/>\n<\/u><a href=\"https:\/\/centesimusannus-stg.catholica.va\/wp-content\/uploads\/2024\/03\/4.-Panreck-ENG.pdf\" target=\"_blank\" rel=\"noopener\">Sebastian Panreck<\/a>, <\/strong>Research Assistant<strong>, <\/strong>Westf\u00e4lische Wilhelms Universit\u00e4t, M\u00fcnster<br \/>\n<a href=\"https:\/\/centesimusannus-stg.catholica.va\/wp-content\/uploads\/2024\/03\/5.-Roncella-ITA.pdf\" target=\"_blank\" rel=\"noopener\"><strong>Andrea Roncella<\/strong><\/a>, Adjunct Professor,Universit\u00e0 Cattolica del Sacro Cuore, Milan<\/p>\n<p>&nbsp;<\/p>\n<p><strong>16:45 \u2013 17:15 <em>Award reception<\/em> <em>speeches<\/em> <\/strong><\/p>\n<p><strong>\u00a0<\/strong><\/p>\n<p><strong>17:15 \u2013 18:15 <em>Round table: <\/em>\u00a0<em>Impact of Vulnerability for Countries, Corporate Entities and Society. <\/em><\/strong><\/p>\n<p><strong>\u00a0<\/strong><\/p>\n<p><strong>Moderator:<\/strong> Fabio <strong>Bolzetta<\/strong>, Journalist, Chair of WECA (Associazione Web cattolici italiani)<\/p>\n<p>&nbsp;<\/p>\n<p><strong>Discussants:<br \/>\n<a href=\"https:\/\/centesimusannus-stg.catholica.va\/wp-content\/uploads\/2024\/03\/6.-Alford-FCAPP-27.02.24.pdf\" target=\"_blank\" rel=\"noopener\">Prof. Sister Helen Alford, O.P<\/a><\/strong>., Chair of the Pontifical Academy of Sciences, Vatican City<br \/>\n<a href=\"https:\/\/centesimusannus-stg.catholica.va\/wp-content\/uploads\/2024\/03\/7.-2-De-Felice-ENG.pdf\" target=\"_blank\" rel=\"noopener\"><strong>Dott. Gregorio De Felice<\/strong><\/a>, Chief Economist and Head Research, Intesa Sanpaolo<br \/>\n<strong><a href=\"https:\/\/centesimusannus-stg.catholica.va\/wp-content\/uploads\/2024\/03\/8.-Flavio-Felice-ITA.pdf\" target=\"_blank\" rel=\"noopener\">Prof. Flavio Felice<\/a>,<\/strong> Full Professor of History of Political Doctrines, Universit\u00e0 degli Studi del Molise<br \/>\n<a href=\"https:\/\/centesimusannus-stg.catholica.va\/wp-content\/uploads\/2024\/03\/9.-Elena-Marta-ITA.pdf\" target=\"_blank\" rel=\"noopener\"><strong>Prof. Elena Marta<\/strong><\/a>, Full Professor of Social and Community Psychology, Universit\u00e0 Cattolica del Sacro Cuore, Milan-Brescia<\/p>\n<p>&nbsp;<\/p>\n<p><strong>18.15 \u2013 18.30<em> Q&amp;A Session<\/em> <\/strong><\/p>\n<p><strong><em>\u00a0<\/em><\/strong><\/p>\n<p><strong>18:30 <em>Closing Address<br \/>\n<\/em><a href=\"https:\/\/centesimusannus-stg.catholica.va\/wp-content\/uploads\/2024\/03\/10.-Parolin-ITA.pdf\" target=\"_blank\" rel=\"noopener\">His Eminence Cardinal Pietro Parolin<\/a><\/strong>, Secretary of State<\/p>\n<p>&nbsp;<\/p>\n<p>&nbsp;<\/p>\n<p><strong>Cocktail <\/strong><\/p>\n<p>&nbsp;<\/p>\n<p><u>Simultaneous translation from English into Italian and vice versa will be available<\/u><\/p>\n<p><u><br \/>\n<\/u>[\/vc_column_text][\/vc_column][\/vc_row]<\/p>\n","protected":false},"excerpt":{"rendered":"<p>[vc_row][vc_column][vc_column_text]4th edition of the Economy and Society Award \u2013 Scholarships section . The Scholarships are awarded annually. The next winners will be announced in late 2024. The awards ceremony will take place in 2025 . Candidates are invited to send their nomination to: centannus.award@foundation.va 4th Edition Scholarship section Winners: Frosio, Enrico,\u00a0Cultivating Vulnerability. The Benedictine Paradigm of Reclamation as a Proposal for an Integral Development of the Human Person,\u00a0Catholic University, Milan. Fr. Susha, Raman, Mythodesign in the Digital Age: An Ethical and Psychosocial Investigation of Political Technology,\u00a0Angelicum, Rome.\u00a0Download article. Composition of the Jury[\/vc_column_text][vc_single_image image=&#8221;20787&#8243; img_size=&#8221;full&#8221; css=&#8221;.vc_custom_1731408864484{margin-top: 20px !important;}&#8221;][\/vc_column][\/vc_row][vc_row][vc_column][\/vc_column][\/vc_row][vc_row][vc_column][vc_column_text] &nbsp; ECONOMY AND&#8230;<\/p>\n","protected":false},"author":1,"featured_media":0,"parent":14814,"menu_order":0,"comment_status":"closed","ping_status":"closed","template":"","meta":[],"categories":[],"tags":[],"_links":{"self":[{"href":"https:\/\/centesimusannus-stg.catholica.va\/en\/wp-json\/wp\/v2\/pages\/20979"}],"collection":[{"href":"https:\/\/centesimusannus-stg.catholica.va\/en\/wp-json\/wp\/v2\/pages"}],"about":[{"href":"https:\/\/centesimusannus-stg.catholica.va\/en\/wp-json\/wp\/v2\/types\/page"}],"author":[{"embeddable":true,"href":"https:\/\/centesimusannus-stg.catholica.va\/en\/wp-json\/wp\/v2\/users\/1"}],"replies":[{"embeddable":true,"href":"https:\/\/centesimusannus-stg.catholica.va\/en\/wp-json\/wp\/v2\/comments?post=20979"}],"version-history":[{"count":15,"href":"https:\/\/centesimusannus-stg.catholica.va\/en\/wp-json\/wp\/v2\/pages\/20979\/revisions"}],"predecessor-version":[{"id":24771,"href":"https:\/\/centesimusannus-stg.catholica.va\/en\/wp-json\/wp\/v2\/pages\/20979\/revisions\/24771"}],"up":[{"embeddable":true,"href":"https:\/\/centesimusannus-stg.catholica.va\/en\/wp-json\/wp\/v2\/pages\/14814"}],"wp:attachment":[{"href":"https:\/\/centesimusannus-stg.catholica.va\/en\/wp-json\/wp\/v2\/media?parent=20979"}],"wp:term":[{"taxonomy":"category","embeddable":true,"href":"https:\/\/centesimusannus-stg.catholica.va\/en\/wp-json\/wp\/v2\/categories?post=20979"},{"taxonomy":"post_tag","embeddable":true,"href":"https:\/\/centesimusannus-stg.catholica.va\/en\/wp-json\/wp\/v2\/tags?post=20979"}],"curies":[{"name":"wp","href":"https:\/\/api.w.org\/{rel}","templated":true}]}}