{"id":2104,"date":"2014-12-21T16:11:54","date_gmt":"2014-12-21T15:11:54","guid":{"rendered":"http:\/\/centesimusannus-stg.catholica.va\/?page_id=2104"},"modified":"2023-11-10T10:30:12","modified_gmt":"2023-11-10T09:30:12","slug":"international-consultation-dublin-24-25-october-2014","status":"publish","type":"page","link":"https:\/\/centesimusannus-stg.catholica.va\/en\/activities\/the-dublin-process\/consultazione-internazionale-anni-precedenti\/international-consultation-dublin-24-25-october-2014\/","title":{"rendered":"INTERNATIONAL CONSULTATION \u2013 DUBLIN 24-25 OCTOBER 2014"},"content":{"rendered":"<div><strong><em>A Dialogue on Finance and the Common Good<\/em><\/strong><\/div>\n<p><strong><em>International consultation &#8211; Dublin, 24-25 October, 2014<\/em><\/strong><\/p>\n<div>\n<p><strong>Conference host: H.E. Msgr. Diarmuid Martin, Archbishop of Dublin<\/strong><\/p>\n<p><strong>Conference chair:\u00a0<\/strong><strong>Sr. Dr. Domingo Sugranyes Bickel<\/strong>\u00a0(President, Centesimus Annus \u2013 Pro Pontifice)<\/p>\n<p><strong>Place: Citibank Europe, 1 North Wall Quay, Dublin 1<\/strong><\/p>\n<p align=\"center\"><strong><u>PROGRAM<\/u><\/strong><\/p>\n<p><strong><u>Friday 24<sup>th<\/sup>\u00a0October<\/u><\/strong><\/p>\n<p><strong><em>A &#8211; The Role of Ethics<\/em><\/strong><\/p>\n<p><strong>Rapporteur: \u00a0\u00a0\u00a0\u00a0\u00a0\u00a0\u00a0\u00a0\u00a0\u00a0\u00a0 H.E. Archbishop Diarmuid Martin<\/strong><\/p>\n<p><strong>Discussants: \u00a0 \u00a0 \u00a0 \u00a0 \u00a0 \u00a0Mrs. Barbara Ridpath, Dr. Sean Fieler, Prof. Giovanni Marseguerra,<br \/>\nProf. Paul Dembinski \u00a0 \u00a0 \u00a0 \u00a0 \u00a0 \u00a0 \u00a0 \u00a0 \u00a0 \u00a0 \u00a0 \u00a0 \u00a0 \u00a0 \u00a0 \u00a0 \u00a0 \u00a0 \u00a0 \u00a0 \u00a0 \u00a0 \u00a0 \u00a0 \u00a0 \u00a0 \u00a0 \u00a0 \u00a0 \u00a0 \u00a0 \u00a0 \u00a0 \u00a0 \u00a0 \u00a0 \u00a0 \u00a0 \u00a0 \u00a0 \u00a0 \u00a0 \u00a0 \u00a0 \u00a0 \u00a0 \u00a0 \u00a0 \u00a0 \u00a0 \u00a0 \u00a0 \u00a0 \u00a0 \u00a0 \u00a0 \u00a0 \u00a0 \u00a0 \u00a0 \u00a0<\/strong><\/p>\n<p>A1. \u00a0\u00a0\u00a0\u00a0 Read the facts (<u><a href=\"http:\/\/centesimusannus-stg.catholica.va\/media\/2vojz1419276021.pdf\" target=\"_blank\" rel=\"noopener\">Martin<\/a><\/u>)<\/p>\n<p>A2. \u00a0\u00a0\u00a0\u00a0 Ethical dilemmas faced by staff in financial services (<u><a href=\"http:\/\/centesimusannus-stg.catholica.va\/media\/2zznc1419276145.pdf\" target=\"_blank\" rel=\"noopener\">Ridpath<\/a><\/u>)<\/p>\n<p>A3. \u00a0\u00a0\u00a0\u00a0 Subsidiarity in internal structures of financial institutions (<u><a href=\"http:\/\/centesimusannus-stg.catholica.va\/media\/2abqf1419275674.pdf\" target=\"_blank\" rel=\"noopener\">Fieler<\/a><\/u>,\u00a0<u><a href=\"http:\/\/centesimusannus-stg.catholica.va\/media\/2gjsv1419275802.pdf\" target=\"_blank\" rel=\"noopener\">Marseguerra<\/a><\/u>)<\/p>\n<p>A4. \u00a0\u00a0\u00a0\u00a0 A different financial education (<u><a href=\"http:\/\/centesimusannus-stg.catholica.va\/media\/2glga1419292347.pdf\" target=\"_blank\" rel=\"noopener\">Dembinski<\/a><\/u>)<\/p>\n<p>&nbsp;<\/p>\n<p><strong><em>B \u2013 Addressing Global Urbanization and Poverty<\/em><\/strong><\/p>\n<p><strong>Rapporteur:\u00a0 \u00a0\u00a0\u00a0\u00a0\u00a0\u00a0\u00a0\u00a0\u00a0\u00a0\u00a0 Prof. Jesus Estanislao<\/strong><\/p>\n<p><strong>Discussants: \u00a0 \u00a0 \u00a0 \u00a0 \u00a0 \u00a0 Dr. Francesco Vanni d\u2019Archirafi, Prof. Antonio Maria Costa<\/strong><\/p>\n<p>B1. \u00a0\u00a0\u00a0\u00a0 A framework for addressing Global Urbanization and Poverty (<u><a href=\"http:\/\/centesimusannus-stg.catholica.va\/media\/2adev1419276466.pdf\" target=\"_blank\" rel=\"noopener\">Estanislao<\/a><\/u>)<\/p>\n<p>B2. \u00a0\u00a0\u00a0\u00a0 Scope of Global Banking. Collaboration with UN Millenium goals (<u><a href=\"http:\/\/centesimusannus-stg.catholica.va\/media\/2nwml1419276541.pdf\" target=\"_blank\" rel=\"noopener\">Vanni d\u2019Archirafi<\/a><\/u>)<\/p>\n<p>B3. \u00a0\u00a0\u00a0\u00a0 Fight against Financial Crime (<u><a href=\"http:\/\/centesimusannus-stg.catholica.va\/media\/2sksa1419276286.pdf\" target=\"_blank\" rel=\"noopener\">Costa<\/a><\/u>)<\/p>\n<p>&nbsp;<\/p>\n<p><strong><em>C \u2013 Systemic Risk, Regulation and Supervision<\/em><\/strong><\/p>\n<p><strong>Rapporteur:\u00a0\u00a0\u00a0\u00a0\u00a0\u00a0\u00a0\u00a0\u00a0\u00a0\u00a0\u00a0\u00a0 Prof. Alfredo Pastor<\/strong><\/p>\n<p><strong>Discussants: \u00a0\u00a0\u00a0\u00a0\u00a0\u00a0\u00a0\u00a0\u00a0\u00a0\u00a0 Prof. Simona Beretta, Prof. Josef Bonnici<\/strong><\/p>\n<p>C1. \u00a0\u00a0\u00a0\u00a0 Who should bear the cost of deleveraging? (<u><a href=\"http:\/\/centesimusannus-stg.catholica.va\/media\/2ljhg1419291022.pdf\" target=\"_blank\" rel=\"noopener\">Pastor<\/a><\/u>)<\/p>\n<p>C2. \u00a0\u00a0\u00a0\u00a0 Reading recent history: US and European approaches (<u><a href=\"http:\/\/centesimusannus-stg.catholica.va\/media\/2ylmm1419291113.pdf\" target=\"_blank\" rel=\"noopener\">Beretta<\/a><\/u>)<\/p>\n<p>C3.\u00a0\u00a0\u00a0\u00a0\u00a0 Balance sheet leveraging rules, credit risk assumption and profit \u00a0levels (<u><a href=\"http:\/\/centesimusannus-stg.catholica.va\/media\/2lthg1419291247.pdf\" target=\"_blank\" rel=\"noopener\">Bonnici<\/a><\/u>)<\/p>\n<p>C4.\u00a0\u00a0\u00a0\u00a0\u00a0 A realistic framework for financial international governance (<u><a href=\"http:\/\/centesimusannus-stg.catholica.va\/media\/2apfu1419291342.pdf\" target=\"_blank\" rel=\"noopener\">Bonnici<\/a><\/u>)<\/p>\n<p>&nbsp;<\/p>\n<p><strong><u>Saturday 25<sup>th<\/sup>\u00a0October<\/u><\/strong><\/p>\n<p><strong><em>D \u2013 Cautious Lending and Service to Customer<\/em><\/strong><\/p>\n<p><strong>Rapporteur:\u00a0\u00a0\u00a0\u00a0\u00a0\u00a0\u00a0\u00a0\u00a0\u00a0\u00a0\u00a0\u00a0 Prof. Paolo Garonna<\/strong><\/p>\n<p><strong>Discussants: \u00a0\u00a0\u00a0\u00a0\u00a0\u00a0\u00a0\u00a0\u00a0\u00a0\u00a0\u00a0 Dr. D\u2019Maris Coffman, Prof. Jos\u00e9 Manuel Gonz\u00e1lez P\u00e1ramo<\/strong><\/p>\n<p>D1.\u00a0\u00a0\u00a0\u00a0\u00a0\u00a0\u00a0\u00a0\u00a0\u00a0\u00a0\u00a0\u00a0\u00a0\u00a0\u00a0 Finance at the Service of the People (<u><a href=\"http:\/\/centesimusannus-stg.catholica.va\/media\/2jjqu1419291423.pdf\" target=\"_blank\" rel=\"noopener\">Garonna<\/a><\/u>)<\/p>\n<p>D2.\u00a0\u00a0\u00a0\u00a0\u00a0\u00a0\u00a0\u00a0\u00a0\u00a0\u00a0\u00a0\u00a0\u00a0\u00a0\u00a0 Customers\u2019 interest and information (<u><a href=\"http:\/\/centesimusannus-stg.catholica.va\/media\/2lgfq1419291493.pdf\" target=\"_blank\" rel=\"noopener\">Coffman<\/a><\/u>)<\/p>\n<p>D3. \u00a0 \u00a0 \u00a0 \u00a0 \u00a0 \u00a0 \u00a0 \u00a0 Ethics in finance: the post crisis challenge (<u><a href=\"http:\/\/centesimusannus-stg.catholica.va\/media\/2psnr1419291563.pdf\" target=\"_blank\" rel=\"noopener\">Gonz\u00e1lez P\u00e1ramo<\/a><\/u>)<\/p>\n<p>&nbsp;<\/p>\n<p><strong><a href=\"http:\/\/centesimusannus-stg.catholica.va\/media\/2rkcz1460379067.pdf\" target=\"_blank\" rel=\"noopener\">List of participants<\/a><\/strong><br \/>\n<strong><a href=\"http:\/\/centesimusannus-stg.catholica.va\/media\/2uwkb1419352299.pdf\" target=\"_blank\" rel=\"noopener\"><br \/>\nSummary Report by Prof.ssa Simona Beretta<\/a><\/strong><\/p>\n<p><strong><a href=\"http:\/\/centesimusannus-stg.catholica.va\/media\/2bzao1419291638.pdf\" target=\"_blank\" rel=\"noopener\">THE DUBLIN PROPOSALS (English)<\/a><\/strong><\/p>\n<p><strong><a href=\"http:\/\/centesimusannus-stg.catholica.va\/media\/2dhkn1459846361.pdf\" target=\"_blank\" rel=\"noopener\">THE DUBLIN PROPOSAL (Italiano)<\/a><\/strong><br \/>\n<strong><br \/>\n<\/strong><a href=\"http:\/\/centesimusannus-stg.catholica.va\/media\/2doep1421668376.pdf\" target=\"_blank\" rel=\"noopener\"><strong>THE DUBLIN PROPOSALS\u00a0(Espa\u00f1ol)<br \/>\n<\/strong><\/a><a href=\"http:\/\/centesimusannus-stg.catholica.va\/media\/2pzfr1459846029.pdf\" target=\"_blank\" rel=\"noopener\"><strong><br \/>\nTHE DUBLIN PROPOSAL (Korean)<\/strong><\/a><br \/>\n<strong><a href=\"\/?page_id=6404\"><br \/>\nCommenti e reazioni<\/a><\/strong><\/p>\n<\/div>\n","protected":false},"excerpt":{"rendered":"<p>A Dialogue on Finance and the Common Good International consultation &#8211; Dublin, 24-25 October, 2014 Conference host: H.E. Msgr. Diarmuid Martin, Archbishop of Dublin Conference chair:\u00a0Sr. Dr. Domingo Sugranyes Bickel\u00a0(President, Centesimus Annus \u2013 Pro Pontifice) Place: Citibank Europe, 1 North Wall Quay, Dublin 1 PROGRAM Friday 24th\u00a0October A &#8211; The Role of Ethics Rapporteur: \u00a0\u00a0\u00a0\u00a0\u00a0\u00a0\u00a0\u00a0\u00a0\u00a0\u00a0 H.E. Archbishop Diarmuid Martin Discussants: \u00a0 \u00a0 \u00a0 \u00a0 \u00a0 \u00a0Mrs. Barbara Ridpath, Dr. Sean Fieler, Prof. Giovanni Marseguerra, Prof. Paul Dembinski \u00a0 \u00a0 \u00a0 \u00a0 \u00a0 \u00a0 \u00a0 \u00a0 \u00a0 \u00a0 \u00a0 \u00a0 \u00a0 \u00a0 \u00a0 \u00a0 \u00a0 \u00a0 \u00a0 \u00a0 \u00a0 \u00a0 \u00a0&#8230;<\/p>\n","protected":false},"author":1,"featured_media":0,"parent":20000,"menu_order":900,"comment_status":"closed","ping_status":"closed","template":"","meta":[],"categories":[],"tags":[1626],"_links":{"self":[{"href":"https:\/\/centesimusannus-stg.catholica.va\/en\/wp-json\/wp\/v2\/pages\/2104"}],"collection":[{"href":"https:\/\/centesimusannus-stg.catholica.va\/en\/wp-json\/wp\/v2\/pages"}],"about":[{"href":"https:\/\/centesimusannus-stg.catholica.va\/en\/wp-json\/wp\/v2\/types\/page"}],"author":[{"embeddable":true,"href":"https:\/\/centesimusannus-stg.catholica.va\/en\/wp-json\/wp\/v2\/users\/1"}],"replies":[{"embeddable":true,"href":"https:\/\/centesimusannus-stg.catholica.va\/en\/wp-json\/wp\/v2\/comments?post=2104"}],"version-history":[{"count":1,"href":"https:\/\/centesimusannus-stg.catholica.va\/en\/wp-json\/wp\/v2\/pages\/2104\/revisions"}],"predecessor-version":[{"id":20009,"href":"https:\/\/centesimusannus-stg.catholica.va\/en\/wp-json\/wp\/v2\/pages\/2104\/revisions\/20009"}],"up":[{"embeddable":true,"href":"https:\/\/centesimusannus-stg.catholica.va\/en\/wp-json\/wp\/v2\/pages\/20000"}],"wp:attachment":[{"href":"https:\/\/centesimusannus-stg.catholica.va\/en\/wp-json\/wp\/v2\/media?parent=2104"}],"wp:term":[{"taxonomy":"category","embeddable":true,"href":"https:\/\/centesimusannus-stg.catholica.va\/en\/wp-json\/wp\/v2\/categories?post=2104"},{"taxonomy":"post_tag","embeddable":true,"href":"https:\/\/centesimusannus-stg.catholica.va\/en\/wp-json\/wp\/v2\/tags?post=2104"}],"curies":[{"name":"wp","href":"https:\/\/api.w.org\/{rel}","templated":true}]}}