{"id":21793,"date":"2024-09-02T11:27:28","date_gmt":"2024-09-02T09:27:28","guid":{"rendered":"https:\/\/centesimusannus-stg.catholica.va\/activities\/local\/germany\/mensuram-bonam-standard-basati-sulla-fede-per-gli-investitori-cattolici-un-punto-di-partenza-e-un-invito-allazione\/"},"modified":"2024-09-02T11:32:49","modified_gmt":"2024-09-02T09:32:49","slug":"mensuram-bonam-standard-basati-sulla-fede-per-gli-investitori-cattolici-un-punto-di-partenza-e-un-invito-allazione","status":"publish","type":"page","link":"https:\/\/centesimusannus-stg.catholica.va\/en\/activities\/local\/germany\/mensuram-bonam-standard-basati-sulla-fede-per-gli-investitori-cattolici-un-punto-di-partenza-e-un-invito-allazione\/","title":{"rendered":"\u201cMENSURAM BONAM&#8221; Faith-based standards for Catholic investors: A starting point and call to action"},"content":{"rendered":"<p><strong>\u201cMENSURAM BONAM&#8221;<\/strong><br \/>\nFaith-based standards for Catholic investors: A starting point and call to action<\/p>\n<p><a href=\"https:\/\/centesimusannus-stg.catholica.va\/wp-content\/uploads\/2024\/09\/MB-DE-FINAL-23.08.24_.pdf\" target=\"_blank\" rel=\"noopener\">Glaubensbasierte Ma\u00dfst\u00e4be f\u00fcr katholische Kapitalanleger: Ein Ausgangspunkt und Aufruf zum Handeln<\/a><\/p>\n","protected":false},"excerpt":{"rendered":"<p>\u201cMENSURAM BONAM&#8221; Faith-based standards for Catholic investors: A starting point and call to action Glaubensbasierte Ma\u00dfst\u00e4be f\u00fcr katholische Kapitalanleger: Ein Ausgangspunkt und Aufruf zum Handeln<\/p>\n","protected":false},"author":2,"featured_media":0,"parent":14894,"menu_order":0,"comment_status":"closed","ping_status":"closed","template":"","meta":[],"categories":[],"tags":[1889],"_links":{"self":[{"href":"https:\/\/centesimusannus-stg.catholica.va\/en\/wp-json\/wp\/v2\/pages\/21793"}],"collection":[{"href":"https:\/\/centesimusannus-stg.catholica.va\/en\/wp-json\/wp\/v2\/pages"}],"about":[{"href":"https:\/\/centesimusannus-stg.catholica.va\/en\/wp-json\/wp\/v2\/types\/page"}],"author":[{"embeddable":true,"href":"https:\/\/centesimusannus-stg.catholica.va\/en\/wp-json\/wp\/v2\/users\/2"}],"replies":[{"embeddable":true,"href":"https:\/\/centesimusannus-stg.catholica.va\/en\/wp-json\/wp\/v2\/comments?post=21793"}],"version-history":[{"count":3,"href":"https:\/\/centesimusannus-stg.catholica.va\/en\/wp-json\/wp\/v2\/pages\/21793\/revisions"}],"predecessor-version":[{"id":21796,"href":"https:\/\/centesimusannus-stg.catholica.va\/en\/wp-json\/wp\/v2\/pages\/21793\/revisions\/21796"}],"up":[{"embeddable":true,"href":"https:\/\/centesimusannus-stg.catholica.va\/en\/wp-json\/wp\/v2\/pages\/14894"}],"wp:attachment":[{"href":"https:\/\/centesimusannus-stg.catholica.va\/en\/wp-json\/wp\/v2\/media?parent=21793"}],"wp:term":[{"taxonomy":"category","embeddable":true,"href":"https:\/\/centesimusannus-stg.catholica.va\/en\/wp-json\/wp\/v2\/categories?post=21793"},{"taxonomy":"post_tag","embeddable":true,"href":"https:\/\/centesimusannus-stg.catholica.va\/en\/wp-json\/wp\/v2\/tags?post=21793"}],"curies":[{"name":"wp","href":"https:\/\/api.w.org\/{rel}","templated":true}]}}