{"id":21881,"date":"2024-10-06T21:33:39","date_gmt":"2024-10-06T19:33:39","guid":{"rendered":"https:\/\/centesimusannus-stg.catholica.va\/activities\/local\/switzerland\/invito-allincontro-con-s-e-mons-alain-de-raemy-amministratore-apostolico-della-diocesi-di-lugano\/"},"modified":"2024-10-06T21:47:48","modified_gmt":"2024-10-06T19:47:48","slug":"invito-allincontro-con-s-e-mons-alain-de-raemy-amministratore-apostolico-della-diocesi-di-lugano","status":"publish","type":"page","link":"https:\/\/centesimusannus-stg.catholica.va\/en\/activities\/local\/switzerland\/invito-allincontro-con-s-e-mons-alain-de-raemy-amministratore-apostolico-della-diocesi-di-lugano\/","title":{"rendered":"Invitation to the meeting with H.E. Msgr. Alain de Raemy, apostolic administrator of the Diocese of Lugano"},"content":{"rendered":"<p class=\"yiv9809459512MsoNormal\">Gentili membri della Fondazione,<\/p>\n<p>Gentili interessati e simpatizzanti,<\/p>\n<p class=\"yiv9809459512MsoNormal\" style=\"text-align: justify;\">Il Capitolo di Lugano \u00e8 stato riattivato a partire dal febbraio del 2023 e tra coloro che hanno fin da subito sostenuto l&#8217;iniziativa vi \u00e8 SE Mons\u00a0<b>Alain de Raemy<\/b>, Amministratore apostolico della nostra Diocesi.<\/p>\n<p class=\"yiv9809459512MsoNormal\" style=\"text-align: justify;\">Il suo sostegno si \u00e8 manifestato sia nell\u2019incoraggiarci a perseguire la nostra iniziativa, sia pi\u00f9 concretamente tramite la sua lettera del 28 giugno 2023 con cui ha formalmente proposto agli organi della Fondazione Don Emanuele Di Marco quale nostro assistente ecclesiastico.<\/p>\n<p class=\"yiv9809459512MsoNormal\" style=\"text-align: justify;\">Il 23 marzo 2023, nell&#8217;ambito delle attivit\u00e0 volte alla riattivazione del Capitolo, lo abbiamo incontrato\u00a0una prima\u00a0presso il Palazzo vescovile (vedi foto in allegato). Il quel frangente ne scatur\u00ec un dialogo molto interessante e positivo che ha permesso di far emergere come la diffusione della dottrina sociale della Chiesa sia una impresa comune tanto della Chiesa quanto dei fedeli laici.<\/p>\n<p class=\"yiv9809459512MsoNormal\" style=\"text-align: justify;\">Come sottolineato dal Compendio della dottrina sociale della Chiesa (nr. 83, che trovate in allegato), ai fedeli laici competono infatti le responsabilit\u00e0 relative alla costruzione, all\u2019organizzazione e al funzionamento della societ\u00e0: obblighi politici, economici, amministrativi. Cos\u00ec facendo, essi\u00a0 &#8220;mettono in opera l&#8217;insegnamento sociale e adempiono la missione secolare della Chiesa&#8221;.<\/p>\n<p class=\"yiv9809459512MsoNormal\" style=\"text-align: justify;\">Al fine di rinnovare e continuare questo positivo dialogo con i membri e gli amici della Fondazione, abbiamo il piacere di invitarvi ad\u00a0<u><b>un incontro con\u00a0<\/b><\/u><u><b>e SE Mons. de Raemy<\/b><\/u>\u00a0che si terr\u00e0:<\/p>\n<p class=\"yiv9809459512MsoNormal\" align=\"center\"><b>MERCOLED\u00cc 23 OTTOBRE DALLE ORE 17.30<\/b><\/p>\n<p class=\"yiv9809459512MsoNormal\" align=\"center\"><b>presso <a href=\"https:\/\/www.officinagastronomica.ch\/about-us\" target=\"_blank\" rel=\"noopener\">l&#8217;Officina gastronomica in Via Cantonale 25 a Mezzovico<\/a><\/b><\/p>\n<p class=\"yiv9809459512MsoNormal\" style=\"text-align: justify;\">Alla fine del nostro incontro \u00e8 previsto\u00a0<u><b>verso le 19.00<\/b><\/u><u><b>\u00a0una cena in comune con SE Mons Alain de RAemy<\/b><\/u>\u00a0durante\u00a0la quale sar\u00e0 possibile continuare il dialogo.<\/p>\n<p class=\"yiv9809459512MsoNormal\" style=\"text-align: justify;\">Vi ricordo che per\u00a0facilitare lo svolgimento del nostro incontro, \u00e8 previsto un menu pagabile sul posto al termine della cena.<\/p>\n<p class=\"yiv9809459512MsoNormal\" style=\"text-align: justify;\">Vi sarei quindi assai grato se poteste confermare la vostra presenza\u00a0<u>entro luned\u00ec 21 ottobre<\/u>\u00a0rispondendo alla presente email.\u00a0Le iscrizioni sono vincolanti.<\/p>\n<p style=\"text-align: justify;\">Infine, trovate in allegato due comunicazioni della FCAPP:<\/p>\n<p><strong><a href=\"https:\/\/centesimusannus-stg.catholica.va\/wp-content\/uploads\/2024\/10\/Save-the-date-II-1.pdf\" target=\"_blank\" rel=\"noopener\">L&#8217;invito al Convegno del Chapter di Bergamo <\/a>\u00a0<\/strong>&#8220;IA e identit\u00e0 umana: riflessioni antropologiche, economiche e sociali&#8221; &#8211; sabato 19 ottobre<\/p>\n<p><strong><a href=\"https:\/\/centesimusannus-stg.catholica.va\/en\/newsletter\/list\/newsletter-1.html\" target=\"_blank\" rel=\"noopener\">Il\u00a0testo della prima Newsletter\u00a0della Fondazione <\/a><\/strong><\/p>\n<p>(link per\u00a0 l&#8217;iscrizione: <a href=\"https:\/\/centesimusannus-stg.catholica.va\/it\/newsletter\/iscrizione-newsletter.html\" target=\"_blank\" rel=\"nofollow noopener noreferrer\">https:\/\/centesimusannus-stg.catholica.va\/it\/newsletter\/iscrizione-newsletter.html)<\/a><\/p>\n<p>In attesa di un vostro riscontro, vi ringrazio e vi saluto cordialmente.<\/p>\n<p class=\"yiv9809459512MsoNormal\">Alessandro Simoneschi<\/p>\n<p class=\"yiv9809459512MsoNormal\">Referente del Capitolo<\/p>\n<p class=\"yiv9809459512MsoNormal\">+41 79 375 82 45<\/p>\n<p class=\"yiv9809459512MsoNormal\">&#8212;&#8212;&#8212;&#8212;&#8212;&#8212;&#8212;&#8212;&#8212;&#8212;&#8212;&#8212;&#8212;&#8212;&#8212;&#8212;&#8212;-<\/p>\n<p class=\"yiv9809459512MsoNormal\"><b><u>PROGRAMMA 2024 &#8211; 2025<\/u><\/b><\/p>\n<ul type=\"disc\">\n<li class=\"yiv9809459512MsoNormal\"><b><u>Venerd\u00ec 22 novembre 2024<\/u><\/b>\u00a0&#8211; Dr.\u00a0<a href=\"https:\/\/search.usi.ch\/it\/persone\/87ebf479bbb31099bc08fa1688151083\/coggi-patrick\" target=\"_blank\" rel=\"nofollow noopener noreferrer\"><b>Patrick Coggi<\/b><\/a>\u00a0&#8211; Direttore generale di Banca del Ceresio SA e Docente USI<\/li>\n<\/ul>\n<ul type=\"disc\">\n<li class=\"yiv9809459512MsoNormal\"><b><u>Gioved\u00ec 23 gennaio 2025<\/u><\/b>\u00a0&#8211; TBD<\/li>\n<\/ul>\n<ul type=\"disc\">\n<li class=\"yiv9809459512MsoNormal\"><b><u>Gioved\u00ec 20 marzo 2025\u00a0<\/u><\/b>&#8211; TBD<\/li>\n<\/ul>\n<ul type=\"disc\">\n<li class=\"yiv9809459512MsoNormal\"><b><u>Gioved\u00ec 22 maggio 2025\u00a0<\/u><\/b>&#8211; Prof. Dr.\u00a0<a href=\"https:\/\/search.usi.ch\/it\/persone\/c3153bd11a31b6f96024b89b182d629f\/cantoni-lorenzo\" target=\"_blank\" rel=\"nofollow noopener noreferrer\"><b>Lorenzo Cantoni<\/b>\u00a0<\/a>&#8211; Professore ordinario presso l&#8217;USI, Facolt\u00e0 di comunicazione, cultura e societ\u00e0 dove \u00e8 direttore dell&#8217;Istituto di Tecnologie digitali per la comunicazione<\/li>\n<\/ul>\n<p><img class=\"lazyload\" src=\"data:image\/gif;base64,R0lGODlhAQABAIAAAAAAAP\/\/\/yH5BAEAAAAALAAAAAABAAEAAAIBRAA7\" data-src=\"https:\/\/apis.mail.yahoo.com\/ws\/v3\/mailboxes\/@.id==VjN-MJeda92iWXm7A7dpddJ-Tp0XV8qz_OB16przr1dQ3eaGbsbEQml82R7cBIeO_H6Ycy7qEeVBs7h9uQmc27Slzg\/messages\/@.id==AEGCafgYL7CkZwKxIgA6mK9Jsbk\/content\/parts\/@.id==1.3\/refresh?appid=YMailNorrin&amp;ymreqid=e3b797dd-4fa4-6f4a-1cbd-5c000101e300\" alt=\"\" \/><noscript><img class=\"lazyload\" src=\"https:\/\/apis.mail.yahoo.com\/ws\/v3\/mailboxes\/@.id==VjN-MJeda92iWXm7A7dpddJ-Tp0XV8qz_OB16przr1dQ3eaGbsbEQml82R7cBIeO_H6Ycy7qEeVBs7h9uQmc27Slzg\/messages\/@.id==AEGCafgYL7CkZwKxIgA6mK9Jsbk\/content\/parts\/@.id==1.3\/refresh?appid=YMailNorrin&amp;ymreqid=e3b797dd-4fa4-6f4a-1cbd-5c000101e300\" alt=\"\" \/><\/noscript><\/p>\n","protected":false},"excerpt":{"rendered":"<p>Gentili membri della Fondazione, Gentili interessati e simpatizzanti, Il Capitolo di Lugano \u00e8 stato riattivato a partire dal febbraio del 2023 e tra coloro che hanno fin da subito sostenuto l&#8217;iniziativa vi \u00e8 SE Mons\u00a0Alain de Raemy, Amministratore apostolico della nostra Diocesi. Il suo sostegno si \u00e8 manifestato sia nell\u2019incoraggiarci a perseguire la nostra iniziativa, sia pi\u00f9 concretamente tramite la sua lettera del 28 giugno 2023 con cui ha formalmente proposto agli organi della Fondazione Don Emanuele Di Marco quale nostro assistente ecclesiastico. Il 23 marzo 2023, nell&#8217;ambito delle attivit\u00e0 volte alla riattivazione del Capitolo, lo abbiamo incontrato\u00a0una prima\u00a0presso il&#8230;<\/p>\n","protected":false},"author":2,"featured_media":0,"parent":20139,"menu_order":0,"comment_status":"closed","ping_status":"closed","template":"","meta":[],"categories":[],"tags":[2500],"_links":{"self":[{"href":"https:\/\/centesimusannus-stg.catholica.va\/en\/wp-json\/wp\/v2\/pages\/21881"}],"collection":[{"href":"https:\/\/centesimusannus-stg.catholica.va\/en\/wp-json\/wp\/v2\/pages"}],"about":[{"href":"https:\/\/centesimusannus-stg.catholica.va\/en\/wp-json\/wp\/v2\/types\/page"}],"author":[{"embeddable":true,"href":"https:\/\/centesimusannus-stg.catholica.va\/en\/wp-json\/wp\/v2\/users\/2"}],"replies":[{"embeddable":true,"href":"https:\/\/centesimusannus-stg.catholica.va\/en\/wp-json\/wp\/v2\/comments?post=21881"}],"version-history":[{"count":6,"href":"https:\/\/centesimusannus-stg.catholica.va\/en\/wp-json\/wp\/v2\/pages\/21881\/revisions"}],"predecessor-version":[{"id":21890,"href":"https:\/\/centesimusannus-stg.catholica.va\/en\/wp-json\/wp\/v2\/pages\/21881\/revisions\/21890"}],"up":[{"embeddable":true,"href":"https:\/\/centesimusannus-stg.catholica.va\/en\/wp-json\/wp\/v2\/pages\/20139"}],"wp:attachment":[{"href":"https:\/\/centesimusannus-stg.catholica.va\/en\/wp-json\/wp\/v2\/media?parent=21881"}],"wp:term":[{"taxonomy":"category","embeddable":true,"href":"https:\/\/centesimusannus-stg.catholica.va\/en\/wp-json\/wp\/v2\/categories?post=21881"},{"taxonomy":"post_tag","embeddable":true,"href":"https:\/\/centesimusannus-stg.catholica.va\/en\/wp-json\/wp\/v2\/tags?post=21881"}],"curies":[{"name":"wp","href":"https:\/\/api.w.org\/{rel}","templated":true}]}}