{"id":22069,"date":"2024-11-08T12:46:52","date_gmt":"2024-11-08T11:46:52","guid":{"rendered":"https:\/\/centesimusannus-stg.catholica.va\/activities\/local\/switzerland\/invito-allincontro-con-il-dr-patrick-coggi-direttore-generale-di-banca-del-ceresio-sa-e-docente-usi\/"},"modified":"2024-11-08T12:48:12","modified_gmt":"2024-11-08T11:48:12","slug":"invito-allincontro-con-il-dr-patrick-coggi-direttore-generale-di-banca-del-ceresio-sa-e-docente-usi","status":"publish","type":"page","link":"https:\/\/centesimusannus-stg.catholica.va\/en\/activities\/local\/switzerland\/invito-allincontro-con-il-dr-patrick-coggi-direttore-generale-di-banca-del-ceresio-sa-e-docente-usi\/","title":{"rendered":"Invitation to the meeting with Dr. Patrick Coggi General Manager of Banca del Ceresio SA and USI Professor."},"content":{"rendered":"<p style=\"text-align: center;\"><strong>Invito all&#8217;incontro con il Dr. Patrick Coggi<\/strong><\/p>\n<p style=\"text-align: center;\"><strong>Direttore generale di Banca del Ceresio SA e Docente USI<\/strong><\/p>\n<p style=\"text-align: center;\"><img class=\"lazyload\" src=\"data:image\/gif;base64,R0lGODlhAQABAIAAAAAAAP\/\/\/yH5BAEAAAAALAAAAAABAAEAAAIBRAA7\" data-src=\"https:\/\/ecp.yusercontent.com\/mail?url=https%3A%2F%2Fekma7.img.ag.d.sendibm3.com%2Fim%2Fsh%2Fv_xoAWdaR4Na.jpeg%3Fu%3DSyGgH01HHg313aVndbtdmN9sBYfQ&amp;t=1731063550&amp;ymreqid=e3b797dd-4fa4-6f4a-1cf4-190002019a00&amp;sig=T6UsBI3hryvAX8yDcN.YUw--~D\" width=\"302\" border=\"0\" \/><noscript><img class=\"lazyload\" src=\"https:\/\/ecp.yusercontent.com\/mail?url=https%3A%2F%2Fekma7.img.ag.d.sendibm3.com%2Fim%2Fsh%2Fv_xoAWdaR4Na.jpeg%3Fu%3DSyGgH01HHg313aVndbtdmN9sBYfQ&amp;t=1731063550&amp;ymreqid=e3b797dd-4fa4-6f4a-1cf4-190002019a00&amp;sig=T6UsBI3hryvAX8yDcN.YUw--~D\" width=\"302\" border=\"0\" \/><\/noscript><\/p>\n<p>&nbsp;<\/p>\n<p>Gentili membri della Fondazione,<\/p>\n<p>Gentili interessati e simpatizzanti,<\/p>\n<p>Dopo il primo incontro con il Prof. Markus Krienke dello scorso 26 settembre, come preannunciato, il prossimo incontro del Capitolo di Lugano della Fondazione Centesimus Annus Pro Pontefice (FCAPP) si terr\u00e0:<\/p>\n<p style=\"text-align: center;\"><strong>VENERD\u00cc 22 NOVEMBRE &#8211; ORE 12.00 <\/strong><\/p>\n<p style=\"text-align: center;\">presso il <a href=\"https:\/\/www.google.ch\/maps\/place\/Grand+Caf%C3%A9+Al+Porto\/@46.003887,8.950201,17z\/data=!3m1!4b1!4m6!3m5!1s0x47842d8e437a4fcb:0xfe4648d4fac46bd0!8m2!3d46.003887!4d8.950201!16s%2Fg%2F1thw10dw?entry=ttu&amp;g_ep=EgoyMDI0MTEwNS4wIKXMDSoASAFQAw%3D%3D\" target=\"_blank\" rel=\"noopener\">Gran Caf\u00e8 Al Porto di Lugano<\/a> (via Pessina 3)<\/p>\n<ul>\n<li style=\"text-align: left;\">Secondo il seguente programma che si svolger\u00e0 durante il pranzo (12.00-14.00):<\/li>\n<li>Saluti di benvenuto: <strong>Alessandro Simoneschi<\/strong>;<\/li>\n<li>Meditazione introduttiva a cura di <strong>Don Emanuele Di Marco<\/strong>, docente di Teologia pastorale alla Facolt\u00e0 di Teologia di Lugano (USI) e assistente ecclesiastico del Capitolo di Lugano;<\/li>\n<li>Intervento del <a href=\"https:\/\/search.usi.ch\/it\/persone\/87ebf479bbb31099bc08fa1688151083\/coggi-patrick\" target=\"_blank\" rel=\"noopener\"><strong>Dr. Patrick Coggi<\/strong><\/a>, Direttore generale di Banca del Ceresio SA e Docente USI sul tema:<\/li>\n<\/ul>\n<p style=\"text-align: center;\"><strong>&#8220;Intelligenza artificiale e finanze: rischi, prospettive, opportunit\u00e0&#8221;<\/strong><\/p>\n<p>Vi ricordo che per facilitare lo svolgimento del nostro incontro, \u00e8 previsto un menu pagabile sul posto al termine del pranzo.<\/p>\n<p>Vi sarei quindi assai grato se poteste confermare la vostra presenza <span style=\"text-decoration: underline;\">entro luned\u00ec 18 novembre<\/span> utilizzando il link indicato di seguito, In ragione delle condizioni del Gran Caf\u00e9 al Porto, le iscrizioni sono vincolanti.<\/p>\n<p style=\"text-align: center;\"><a href=\"centesimusannuslugano@gmail.com\" target=\"_blank\" rel=\"noopener\"><strong>ISCRIZIONE INCONTRO DEL 22 NOVEMBRE<\/strong><\/a><\/p>\n<p>In allegato potete trovare il testo della relazione tenuta durante l&#8217;ultimo incontro dal\u00a0 <strong>Prof. Markus Krienke<\/strong> dal titolo <strong>&#8220;Le nuove responsabilit\u00e0 nel mondo digitale: riflessioni a partire dalla Fratelli Tutti&#8221;.<\/strong><\/p>\n<p>Mi permetto infine di attirare l&#8217;attenzione alla agenda 2024-2025 nella quale abbiamo inserito il riferimento al nuovo corso di formazione in <strong>Dottrina sociale della Chiesa<\/strong> diretto dal <a href=\"https:\/\/www.avepro.va\/mons-guy-real-thivierge\/#:~:text=Mons.-,Guy%2DR%C3%A9al%20THIVIERGE,in%20Teologia%20Dogmatica%20a%20Roma.\" target=\"_blank\" rel=\"noopener\"><strong>Prof. Mons. Guy-R\u00e9al Thivierge,<\/strong><\/a> insieme al Prof. Maximiliano LLanes.<\/p>\n<p>Vi ricordiamo infine che la <strong>Conferenza internazionale della Fondazione<\/strong> avr\u00e0 luogo in Vaticano da gioved\u00ec 15 a sabato 17 maggio 2025.<\/p>\n<p>Vi ringrazio e vi saluto cordialmente<\/p>\n<p><strong>Alessandro Simoneschi<\/strong><\/p>\n<p>Referente del Capitolo di Lugano della Fondazione Centesimus Annus Pro Pontifice (FCAPP)<\/p>\n","protected":false},"excerpt":{"rendered":"<p>Invito all&#8217;incontro con il Dr. Patrick Coggi Direttore generale di Banca del Ceresio SA e Docente USI &nbsp; Gentili membri della Fondazione, Gentili interessati e simpatizzanti, Dopo il primo incontro con il Prof. Markus Krienke dello scorso 26 settembre, come preannunciato, il prossimo incontro del Capitolo di Lugano della Fondazione Centesimus Annus Pro Pontefice (FCAPP) si terr\u00e0: VENERD\u00cc 22 NOVEMBRE &#8211; ORE 12.00 presso il Gran Caf\u00e8 Al Porto di Lugano (via Pessina 3) Secondo il seguente programma che si svolger\u00e0 durante il pranzo (12.00-14.00): Saluti di benvenuto: Alessandro Simoneschi; Meditazione introduttiva a cura di Don Emanuele Di Marco, docente&#8230;<\/p>\n","protected":false},"author":2,"featured_media":0,"parent":20139,"menu_order":0,"comment_status":"closed","ping_status":"closed","template":"","meta":[],"categories":[],"tags":[2500],"_links":{"self":[{"href":"https:\/\/centesimusannus-stg.catholica.va\/en\/wp-json\/wp\/v2\/pages\/22069"}],"collection":[{"href":"https:\/\/centesimusannus-stg.catholica.va\/en\/wp-json\/wp\/v2\/pages"}],"about":[{"href":"https:\/\/centesimusannus-stg.catholica.va\/en\/wp-json\/wp\/v2\/types\/page"}],"author":[{"embeddable":true,"href":"https:\/\/centesimusannus-stg.catholica.va\/en\/wp-json\/wp\/v2\/users\/2"}],"replies":[{"embeddable":true,"href":"https:\/\/centesimusannus-stg.catholica.va\/en\/wp-json\/wp\/v2\/comments?post=22069"}],"version-history":[{"count":1,"href":"https:\/\/centesimusannus-stg.catholica.va\/en\/wp-json\/wp\/v2\/pages\/22069\/revisions"}],"predecessor-version":[{"id":22070,"href":"https:\/\/centesimusannus-stg.catholica.va\/en\/wp-json\/wp\/v2\/pages\/22069\/revisions\/22070"}],"up":[{"embeddable":true,"href":"https:\/\/centesimusannus-stg.catholica.va\/en\/wp-json\/wp\/v2\/pages\/20139"}],"wp:attachment":[{"href":"https:\/\/centesimusannus-stg.catholica.va\/en\/wp-json\/wp\/v2\/media?parent=22069"}],"wp:term":[{"taxonomy":"category","embeddable":true,"href":"https:\/\/centesimusannus-stg.catholica.va\/en\/wp-json\/wp\/v2\/categories?post=22069"},{"taxonomy":"post_tag","embeddable":true,"href":"https:\/\/centesimusannus-stg.catholica.va\/en\/wp-json\/wp\/v2\/tags?post=22069"}],"curies":[{"name":"wp","href":"https:\/\/api.w.org\/{rel}","templated":true}]}}