{"id":22472,"date":"2025-01-13T10:39:56","date_gmt":"2025-01-13T09:39:56","guid":{"rendered":"https:\/\/centesimusannus-stg.catholica.va\/activities\/local\/switzerland\/giovedi-23-gennaio-2025-intelligenza-artificiale-e-finanza-tra-utilita-rischi-e-approccio-etico\/"},"modified":"2025-01-30T17:50:53","modified_gmt":"2025-01-30T16:50:53","slug":"giovedi-23-gennaio-2025-intelligenza-artificiale-e-finanza-tra-utilita-rischi-e-approccio-etico","status":"publish","type":"page","link":"https:\/\/centesimusannus-stg.catholica.va\/en\/activities\/local\/switzerland\/giovedi-23-gennaio-2025-intelligenza-artificiale-e-finanza-tra-utilita-rischi-e-approccio-etico\/","title":{"rendered":"Thursday, January 23, 2025: \u201cArtificial intelligence and finance: between utility, risk and ethical approach\u201d"},"content":{"rendered":"<p><strong>GIOVED\u00cc 23 GENNAIO &#8211; ORE 12.00-14.00 presso il <a href=\"https:\/\/www.google.ch\/maps\/place\/Grand+Caf%C3%A9+Al+Porto\/@46.003887,8.950201,16z\/data=!3m1!4b1!4m6!3m5!1s0x47842d8e437a4fcb:0xfe4648d4fac46bd0!8m2!3d46.003887!4d8.950201!16s%2Fg%2F1thw10dw?entry=ttu&amp;g_ep=EgoyMDI1MDEwOC4wIKXMDSoASAFQAw%3D%3D\" target=\"_blank\" rel=\"noopener\">Gran Caf\u00e8 Al Porto di Lugano<\/a> (via Pessina 3) <\/strong><\/p>\n<p>secondo il seguente programma che si svolger\u00e0 durante il pranzo (12.00-14.00):<\/p>\n<p>Saluti di benvenuto: Alessandro Simoneschi;<\/p>\n<p>Meditazione introduttiva a cura di Don Emanuele Di Marco, docente di Teologia pastorale alla Facolt\u00e0 di Teologia di Lugano (USI) e assistente ecclesiastico del Capitolo di Lugano;<\/p>\n<p>Intervento di Walter Lisetto, Chief Investment Officer (CIO) Axion Swiss Bank, Gruppo Banca dello Stato, sul tema:<\/p>\n<p style=\"text-align: center;\"><strong>&#8220;Intelligenza artificiale e finanza: tra utilit\u00e0, rischi e approccio etico&#8221;<\/strong><\/p>\n<p>&nbsp;<\/p>\n<p>&nbsp;<\/p>\n","protected":false},"excerpt":{"rendered":"<p>GIOVED\u00cc 23 GENNAIO &#8211; ORE 12.00-14.00 presso il Gran Caf\u00e8 Al Porto di Lugano (via Pessina 3) secondo il seguente programma che si svolger\u00e0 durante il pranzo (12.00-14.00): Saluti di benvenuto: Alessandro Simoneschi; Meditazione introduttiva a cura di Don Emanuele Di Marco, docente di Teologia pastorale alla Facolt\u00e0 di Teologia di Lugano (USI) e assistente ecclesiastico del Capitolo di Lugano; Intervento di Walter Lisetto, Chief Investment Officer (CIO) Axion Swiss Bank, Gruppo Banca dello Stato, sul tema: &#8220;Intelligenza artificiale e finanza: tra utilit\u00e0, rischi e approccio etico&#8221; &nbsp; &nbsp;<\/p>\n","protected":false},"author":2,"featured_media":0,"parent":20139,"menu_order":0,"comment_status":"closed","ping_status":"closed","template":"","meta":[],"categories":[],"tags":[2501],"_links":{"self":[{"href":"https:\/\/centesimusannus-stg.catholica.va\/en\/wp-json\/wp\/v2\/pages\/22472"}],"collection":[{"href":"https:\/\/centesimusannus-stg.catholica.va\/en\/wp-json\/wp\/v2\/pages"}],"about":[{"href":"https:\/\/centesimusannus-stg.catholica.va\/en\/wp-json\/wp\/v2\/types\/page"}],"author":[{"embeddable":true,"href":"https:\/\/centesimusannus-stg.catholica.va\/en\/wp-json\/wp\/v2\/users\/2"}],"replies":[{"embeddable":true,"href":"https:\/\/centesimusannus-stg.catholica.va\/en\/wp-json\/wp\/v2\/comments?post=22472"}],"version-history":[{"count":2,"href":"https:\/\/centesimusannus-stg.catholica.va\/en\/wp-json\/wp\/v2\/pages\/22472\/revisions"}],"predecessor-version":[{"id":22624,"href":"https:\/\/centesimusannus-stg.catholica.va\/en\/wp-json\/wp\/v2\/pages\/22472\/revisions\/22624"}],"up":[{"embeddable":true,"href":"https:\/\/centesimusannus-stg.catholica.va\/en\/wp-json\/wp\/v2\/pages\/20139"}],"wp:attachment":[{"href":"https:\/\/centesimusannus-stg.catholica.va\/en\/wp-json\/wp\/v2\/media?parent=22472"}],"wp:term":[{"taxonomy":"category","embeddable":true,"href":"https:\/\/centesimusannus-stg.catholica.va\/en\/wp-json\/wp\/v2\/categories?post=22472"},{"taxonomy":"post_tag","embeddable":true,"href":"https:\/\/centesimusannus-stg.catholica.va\/en\/wp-json\/wp\/v2\/tags?post=22472"}],"curies":[{"name":"wp","href":"https:\/\/api.w.org\/{rel}","templated":true}]}}