{"id":23186,"date":"2025-03-30T20:33:25","date_gmt":"2025-03-30T18:33:25","guid":{"rendered":"https:\/\/centesimusannus-stg.catholica.va\/activities\/local\/italy\/milan\/una-serata-speciale-al-refettorio-ambrosiano\/"},"modified":"2025-03-31T11:51:56","modified_gmt":"2025-03-31T09:51:56","slug":"una-serata-speciale-al-refettorio-ambrosiano","status":"publish","type":"page","link":"https:\/\/centesimusannus-stg.catholica.va\/en\/activities\/local\/italy\/milan\/una-serata-speciale-al-refettorio-ambrosiano\/","title":{"rendered":"Fraternity Dinner"},"content":{"rendered":"<p><strong>Fraternity Dinner<\/strong><\/p>\n<p style=\"text-align: justify;\">Abbiamo vissuto, con la Fondazione Centesimus Annus del gruppo di Milano, una serata speciale al Refettorio Ambrosiano, un luogo \u201cbuono\u201d e \u201cbello\u201d, dove solidariet\u00e0 e arte si incontrano. Un posto che crede profondamente che la bellezza, in ogni sua forma, sia un veicolo per promuovere la persona e un potente strumento per riconoscerne la profonda dignit\u00e0.<\/p>\n<p style=\"text-align: justify;\">Qui, il corpo e lo spirito vengono nutriti attraverso le opere artistiche che custodisce e le relazioni di vicinanza che favorisce. La testimonianza di Luciano Gualzetti, Direttore della Caritas, ci ha permesso di comprendere la genesi di questo straordinario progetto, che ci invita a costruire reti di solidariet\u00e0 in un tempo storico che richiede attenzione verso il prossimo. Le parole dei volontari che ogni giorno rendono possibile questa realt\u00e0 sono state fonte di ispirazione, ricordandoci quanto sia fondamentale coltivare legami di prossimit\u00e0. Inoltre, la presenza del neo-presidente Paolo Garonna della Fondazione Centesimus Annus ha arricchito ulteriormente la serata.<\/p>\n<p style=\"text-align: justify;\">Con grande sensibilit\u00e0, ha ripreso le parole del Santo Padre, richiamando la figura del Buon Samaritano come modello di solidariet\u00e0, compassione e impegno verso il bene comune. Un invito a non voltarsi dall&#8217;altra parte di fronte alle difficolt\u00e0 degli altri, ma ad agire con cuore aperto e concreto. In un clima conviviale e di condivisione, abbiamo avuto l&#8217;opportunit\u00e0 di riflettere su come, attraverso azioni concrete e consapevoli, possiamo tutti contribuire a costruire una cultura del bene comune. Il prossimo appuntamento del Chapter di Milano della Fondazione Centesimus Annus sar\u00e0 il 7 aprile, dove ci concentreremo sul tema &#8220;Intelligenza Artificiale e Dignit\u00e0 del Lavoro&#8221;. Un&#8217;occasione per approfondire come le nuove tecnologie possano influenzare il mondo del lavoro, mettendo al centro la dignit\u00e0 e i diritti di ogni persona.<\/p>\n<p><a href=\"https:\/\/centesimusannus-stg.catholica.va\/wp-content\/uploads\/2025\/03\/cena-di-fraternitaI\u0300.pdf\" target=\"_blank\" rel=\"noopener\"><strong>Scarica locandina.<\/strong><\/a><\/p>\n<p>Don Nazario Costante. Direttore Pastorale Sociale e del Lavoro Diocesi di Milano presso L&#8217;Arcidiocesi di Milano e Assistente Ecclesiastico del gruppo di Milano della Fondazione Centesimus Annus Pro Pontifice<\/p>\n<p>&nbsp;<\/p>\n<p><img class=\" wp-image-23200 aligncenter lazyload\" src=\"data:image\/gif;base64,R0lGODlhAQABAIAAAAAAAP\/\/\/yH5BAEAAAAALAAAAAABAAEAAAIBRAA7\" data-src=\"https:\/\/centesimusannus-stg.catholica.va\/wp-content\/uploads\/2025\/03\/Captura-de-pantalla-2025-03-30-a-las-21.01.04-300x210.png\" alt=\"\" width=\"491\" height=\"344\" data-srcset=\"https:\/\/centesimusannus-stg.catholica.va\/wp-content\/uploads\/2025\/03\/Captura-de-pantalla-2025-03-30-a-las-21.01.04-300x210.png 300w, https:\/\/centesimusannus-stg.catholica.va\/wp-content\/uploads\/2025\/03\/Captura-de-pantalla-2025-03-30-a-las-21.01.04-1024x715.png 1024w, https:\/\/centesimusannus-stg.catholica.va\/wp-content\/uploads\/2025\/03\/Captura-de-pantalla-2025-03-30-a-las-21.01.04-768x536.png 768w, https:\/\/centesimusannus-stg.catholica.va\/wp-content\/uploads\/2025\/03\/Captura-de-pantalla-2025-03-30-a-las-21.01.04.png 1234w\" sizes=\"(max-width: 491px) 100vw, 491px\" \/><noscript><img class=\" wp-image-23200 aligncenter lazyload\" src=\"https:\/\/centesimusannus-stg.catholica.va\/wp-content\/uploads\/2025\/03\/Captura-de-pantalla-2025-03-30-a-las-21.01.04-300x210.png\" alt=\"\" width=\"491\" height=\"344\" srcset=\"https:\/\/centesimusannus-stg.catholica.va\/wp-content\/uploads\/2025\/03\/Captura-de-pantalla-2025-03-30-a-las-21.01.04-300x210.png 300w, https:\/\/centesimusannus-stg.catholica.va\/wp-content\/uploads\/2025\/03\/Captura-de-pantalla-2025-03-30-a-las-21.01.04-1024x715.png 1024w, https:\/\/centesimusannus-stg.catholica.va\/wp-content\/uploads\/2025\/03\/Captura-de-pantalla-2025-03-30-a-las-21.01.04-768x536.png 768w, https:\/\/centesimusannus-stg.catholica.va\/wp-content\/uploads\/2025\/03\/Captura-de-pantalla-2025-03-30-a-las-21.01.04.png 1234w\" sizes=\"(max-width: 491px) 100vw, 491px\" \/><\/noscript><\/p>\n","protected":false},"excerpt":{"rendered":"<p>Fraternity Dinner Abbiamo vissuto, con la Fondazione Centesimus Annus del gruppo di Milano, una serata speciale al Refettorio Ambrosiano, un luogo \u201cbuono\u201d e \u201cbello\u201d, dove solidariet\u00e0 e arte si incontrano. Un posto che crede profondamente che la bellezza, in ogni sua forma, sia un veicolo per promuovere la persona e un potente strumento per riconoscerne la profonda dignit\u00e0. Qui, il corpo e lo spirito vengono nutriti attraverso le opere artistiche che custodisce e le relazioni di vicinanza che favorisce. La testimonianza di Luciano Gualzetti, Direttore della Caritas, ci ha permesso di comprendere la genesi di questo straordinario progetto, che ci&#8230;<\/p>\n","protected":false},"author":2,"featured_media":0,"parent":14929,"menu_order":0,"comment_status":"closed","ping_status":"closed","template":"","meta":[],"categories":[],"tags":[2509],"_links":{"self":[{"href":"https:\/\/centesimusannus-stg.catholica.va\/en\/wp-json\/wp\/v2\/pages\/23186"}],"collection":[{"href":"https:\/\/centesimusannus-stg.catholica.va\/en\/wp-json\/wp\/v2\/pages"}],"about":[{"href":"https:\/\/centesimusannus-stg.catholica.va\/en\/wp-json\/wp\/v2\/types\/page"}],"author":[{"embeddable":true,"href":"https:\/\/centesimusannus-stg.catholica.va\/en\/wp-json\/wp\/v2\/users\/2"}],"replies":[{"embeddable":true,"href":"https:\/\/centesimusannus-stg.catholica.va\/en\/wp-json\/wp\/v2\/comments?post=23186"}],"version-history":[{"count":9,"href":"https:\/\/centesimusannus-stg.catholica.va\/en\/wp-json\/wp\/v2\/pages\/23186\/revisions"}],"predecessor-version":[{"id":23217,"href":"https:\/\/centesimusannus-stg.catholica.va\/en\/wp-json\/wp\/v2\/pages\/23186\/revisions\/23217"}],"up":[{"embeddable":true,"href":"https:\/\/centesimusannus-stg.catholica.va\/en\/wp-json\/wp\/v2\/pages\/14929"}],"wp:attachment":[{"href":"https:\/\/centesimusannus-stg.catholica.va\/en\/wp-json\/wp\/v2\/media?parent=23186"}],"wp:term":[{"taxonomy":"category","embeddable":true,"href":"https:\/\/centesimusannus-stg.catholica.va\/en\/wp-json\/wp\/v2\/categories?post=23186"},{"taxonomy":"post_tag","embeddable":true,"href":"https:\/\/centesimusannus-stg.catholica.va\/en\/wp-json\/wp\/v2\/tags?post=23186"}],"curies":[{"name":"wp","href":"https:\/\/api.w.org\/{rel}","templated":true}]}}