{"id":23399,"date":"2025-04-24T19:42:57","date_gmt":"2025-04-24T17:42:57","guid":{"rendered":"https:\/\/centesimusannus-stg.catholica.va\/activities\/local\/switzerland\/giovedi-22-maggio-2025-prof-dr-lorenzo-cantoni-professore-ordinario-presso-lusi-facolta-di-comunicazione-cultura-e-societa-dove-e-direttore-dellistituto-di-tecnologie-digitali-per-la-co"},"modified":"2025-05-05T09:50:48","modified_gmt":"2025-05-05T07:50:48","slug":"giovedi-22-maggio-2025-prof-dr-lorenzo-cantoni-professore-ordinario-presso-lusi-facolta-di-comunicazione-cultura-e-societa-dove-e-direttore-dellistituto-di-tecnologie-digitali-per-la-comuni","status":"publish","type":"page","link":"https:\/\/centesimusannus-stg.catholica.va\/en\/activities\/local\/switzerland\/giovedi-22-maggio-2025-prof-dr-lorenzo-cantoni-professore-ordinario-presso-lusi-facolta-di-comunicazione-cultura-e-societa-dove-e-direttore-dellistituto-di-tecnologie-digitali-per-la-comuni\/","title":{"rendered":"Thursday, May 22nd, 2025 &#8211; Prof. Dr. Lorenzo Cantoni, Full Professor at USI."},"content":{"rendered":"<p style=\"text-align: center;\"><strong>Gioved\u00ec 22 maggio 2025 &#8211; Prof. Dr. Lorenzo Cantoni, Professore ordinario presso l&#8217;USI, Facolt\u00e0 di comunicazione, cultura e societ\u00e0 dove \u00e8 direttore dell&#8217;Istituto di Tecnologie digitali per la comunicazione<\/strong><\/p>\n<div dir=\"ltr\">Gentili partecipanti,<\/div>\n<div dir=\"ltr\"><\/div>\n<div dir=\"ltr\">Desidero innanzitutto ringraziarvi per la vostra partecipazione al Convengo 2025 del Capitolo di Lugano della Fondazione Centesimus Annus Pro Pontifice (FCAPP) che si terr\u00e0 sabato 31 maggio 2025 presso la Masseria della solidariet\u00e0 a Lugano Cornaredo.<\/div>\n<div dir=\"ltr\"><\/div>\n<div dir=\"ltr\">La tavola rotonda &#8211; che prevede un\u2019ultima parte di dialogo con in partecipanti \u00a0e che tratter\u00e0 il tema \u201c<b>Etica, Economia \/ Finanza e Intelligenza artificiale<\/b>\u201d verr\u00e0 condotta e moderata dal Prof. USI Andrea Rocci, che ci legge in copia e che pure ringrazio, e che prender\u00e0 contatto con ciascun partecipante per preparare gli interventi.<\/div>\n<div dir=\"ltr\"><\/div>\n<div dir=\"ltr\">Il programma della mattinata \u00e8 il seguente:<\/div>\n<div dir=\"ltr\"><\/div>\n<blockquote>\n<blockquote>\n<div dir=\"ltr\">ore 09.30 Accoglienza<\/div>\n<\/blockquote>\n<blockquote>\n<div dir=\"ltr\">ore 10.00 Meditazione introduttiva a cura di Don Emanuele Di Marco, assistente ecclesiastico del Capitolo di Lugano FCAPP<\/div>\n<\/blockquote>\n<blockquote>\n<div dir=\"ltr\">ore 10.15 Saluti istituzionali<\/div>\n<\/blockquote>\n<blockquote>\n<div dir=\"ltr\">ore 10.30 Inizio della tavola rotonda moderata dal Prof. Andrea Rocci:<\/div>\n<div dir=\"ltr\">\n<ul>\n<li>Prof.\u00a0<b>Anna Valente<\/b>, docente SUPSI di robotica industriale;<\/li>\n<li>Dott.\u00a0<b>Marco D\u2019Oro<\/b>, Business Development Manager, SGR Compliance<\/li>\n<li>Prof.\u00a0<b>Markus Krienke<\/b>, docente USI\/FTL di etica sociale e filosofia moderna;<\/li>\n<li><b>Fabio Poma<\/b>, Managing Director WMM Group SA;<\/li>\n<li>Dr.\u00a0<b>Patrick Coggi<\/b>, Direttore generale Banca del Ceresio SA e docente USI.<\/li>\n<\/ul>\n<\/div>\n<\/blockquote>\n<blockquote>\n<div dir=\"ltr\">ore 12.00 \/ 12.15 fine della mattinata<\/div>\n<\/blockquote>\n<blockquote>\n<div dir=\"ltr\">ore 12.30 Pranzo in comune<\/div>\n<\/blockquote>\n<\/blockquote>\n<div dir=\"ltr\"><\/div>\n<div dir=\"ltr\">Per motivi organizzativi, vi chiedo cortesemente di confermare la vostra presenza al pranzo in comune.<\/div>\n<div dir=\"ltr\"><\/div>\n<div dir=\"ltr\">Rimanendo a disposizione per ulteriori informazioni, vi ringrazio e vi saluto cordialmente.<\/div>\n<div dir=\"ltr\"><\/div>\n<div dir=\"ltr\">Alessandro Simoneschi<\/div>\n<div dir=\"ltr\"><\/div>\n<div dir=\"ltr\">Cpi: Prof. Andrea Rocci; Dott. Oliver Galea, Segretario generale FCAPP; Don Emanuele Di Marco, Assistente ecclesiastico.<\/div>\n<div dir=\"ltr\"><\/div>\n<div dir=\"ltr\">\n<div>\n<h2 class=\"yiv1971238507m_-7587553718955332931default-heading2\" style=\"text-align: center;\">Invito all&#8217;incontro con il Prof. Lorenzo Cantoni<\/h2>\n<p style=\"text-align: center;\">Professore Ordinario e Direttore dell&#8217;Istituto di Tecnologie Digitali per la Comunicazione &#8211; Facolt\u00e0 di Comunicazione, cultura e societ\u00e0 &#8211; USI<\/p>\n<p><img class=\"size-medium wp-image-23456 aligncenter lazyload\" src=\"data:image\/gif;base64,R0lGODlhAQABAIAAAAAAAP\/\/\/yH5BAEAAAAALAAAAAABAAEAAAIBRAA7\" data-src=\"https:\/\/centesimusannus-stg.catholica.va\/wp-content\/uploads\/2025\/05\/Captura-de-pantalla-2025-05-05-a-las-9.40.35-243x300.png\" alt=\"\" width=\"243\" height=\"300\" data-srcset=\"https:\/\/centesimusannus-stg.catholica.va\/wp-content\/uploads\/2025\/05\/Captura-de-pantalla-2025-05-05-a-las-9.40.35-243x300.png 243w, https:\/\/centesimusannus-stg.catholica.va\/wp-content\/uploads\/2025\/05\/Captura-de-pantalla-2025-05-05-a-las-9.40.35.png 586w\" sizes=\"(max-width: 243px) 100vw, 243px\" \/><noscript><img class=\"size-medium wp-image-23456 aligncenter lazyload\" src=\"https:\/\/centesimusannus-stg.catholica.va\/wp-content\/uploads\/2025\/05\/Captura-de-pantalla-2025-05-05-a-las-9.40.35-243x300.png\" alt=\"\" width=\"243\" height=\"300\" srcset=\"https:\/\/centesimusannus-stg.catholica.va\/wp-content\/uploads\/2025\/05\/Captura-de-pantalla-2025-05-05-a-las-9.40.35-243x300.png 243w, https:\/\/centesimusannus-stg.catholica.va\/wp-content\/uploads\/2025\/05\/Captura-de-pantalla-2025-05-05-a-las-9.40.35.png 586w\" sizes=\"(max-width: 243px) 100vw, 243px\" \/><\/noscript><\/p>\n<\/div>\n<p>Gentili membri della Fondazione,<\/p>\n<p>Gentili interessati e simpatizzanti,<\/p>\n<p>Ho il piacere di invitarvi al prossimo incontro che si terr\u00e0:<\/p>\n<p style=\"text-align: center;\"><strong>GIOVED\u00cc 22 MAGGIO &#8211; ORE 12.00<\/strong><\/p>\n<p style=\"text-align: center;\">presso il Gran Caf\u00e9 Al Porto &#8211; Lugano<\/p>\n<p style=\"text-align: center;\">(<a href=\"https:\/\/ekma7.r.sp1-brevo.net\/mk\/cl\/f\/sh\/1f8JIKXwHGYox4lmsU8X3cr3lo\/mriJsQIei_ah\" target=\"_blank\" rel=\"nofollow noopener noreferrer\">Via Pessina 3<\/a>)<\/p>\n<p>secondo il seguente programma:<\/p>\n<ul>\n<li>Saluti di benvenuto:\u00a0<strong>Alessandro Simoneschi<\/strong>;<\/li>\n<li>Meditazione introduttiva a cura di\u00a0<strong>Don Emanuele Di Marco<\/strong>, docente di Teologia pastorale alla Facolt\u00e0 di Teologia di Lugano\u00a0<a href=\"https:\/\/www.google.com\/maps\/search\/Lugano+(+Via+Pessina+3?entry=gmail&amp;source=g\" target=\"_blank\" rel=\"nofollow noopener noreferrer\">(<\/a>USI) e assistente ecclesiastico del Capitolo di\u00a0<a href=\"https:\/\/www.google.com\/maps\/search\/Lugano+(+Via+Pessina+3?entry=gmail&amp;source=g\" target=\"_blank\" rel=\"nofollow noopener noreferrer\">Lugano<\/a>;<\/li>\n<li>Intervento del Prof.\u00a0<a href=\"https:\/\/ekma7.r.sp1-brevo.net\/mk\/cl\/f\/sh\/1f8JIKXwHGZDuHQzpeeOJztSrw\/S1rGo1fJo9Ou\" target=\"_blank\" rel=\"nofollow noopener noreferrer\"><strong>Lorenzo Cantoni<\/strong><\/a><strong>,<\/strong>\u00a0sul tema:<\/li>\n<\/ul>\n<p style=\"text-align: center;\"><strong>APPLICAZIONI CONCRETE<\/strong><\/p>\n<p style=\"text-align: center;\"><strong>DELLA INTELLIGENZA ARTIFICIALE GENERATIVA<\/strong><\/p>\n<p style=\"text-align: center;\"><strong>ALLA LUCE DELLE INDICAZIONI DI PAPA FRANCESCO<\/strong><\/p>\n<p>Vi ricordo che per facilitare lo svolgimento del nostro incontro, \u00e8 previsto un menu pagabile sul posto al termine del pranzo.<\/p>\n<p style=\"text-align: left;\">Vi sarei quindi assai grato se poteste confermare la vostra presenza entro marted\u00ec 20 maggio utilizzando questo indirizzo: centesimusannuslugano@gmail.com<\/p>\n<p>In ragione delle condizioni del Gran Caf\u00e9 al Porto, le iscrizioni sono vincolanti.<\/p>\n<p>In allegato potete trovare il testo della\u00a0<strong>meditazione di Don Emanuele Di Marco<\/strong>\u00a0svolta durante il nostro ultimo incontro mentre al seguente link potete scaricare il testo della relazione di\u00a0<strong>Mons. Giordano Piccinotti\u00a0<\/strong>Presidente dell&#8217;APSA sul tema &#8220;<a href=\"https:\/\/centesimusannus-stg.catholica.va\/wp-content\/uploads\/2025\/05\/2025_3_AGIREOLTREICONFINI.pdf\" target=\"_blank\" rel=\"nofollow noopener noreferrer\"><strong>Agire oltre i confini: Per un impegno laicale nella tessitura di una nuova rete solidale<\/strong>&#8220;<\/a>.<\/p>\n<p>Vi ringrazio e vi saluto cordialmente.<br \/>\n<strong>Alessandro Simoneschi<\/strong><\/p>\n<p>Referente del Capitolo di Lugano della Fondazione Centesimus Annus Pro Pontifice (FCAPP)<\/p>\n<\/div>\n","protected":false},"excerpt":{"rendered":"<p>Gioved\u00ec 22 maggio 2025 &#8211; Prof. Dr. Lorenzo Cantoni, Professore ordinario presso l&#8217;USI, Facolt\u00e0 di comunicazione, cultura e societ\u00e0 dove \u00e8 direttore dell&#8217;Istituto di Tecnologie digitali per la comunicazione Gentili partecipanti, Desidero innanzitutto ringraziarvi per la vostra partecipazione al Convengo 2025 del Capitolo di Lugano della Fondazione Centesimus Annus Pro Pontifice (FCAPP) che si terr\u00e0 sabato 31 maggio 2025 presso la Masseria della solidariet\u00e0 a Lugano Cornaredo. La tavola rotonda &#8211; che prevede un\u2019ultima parte di dialogo con in partecipanti \u00a0e che tratter\u00e0 il tema \u201cEtica, Economia \/ Finanza e Intelligenza artificiale\u201d verr\u00e0 condotta e moderata dal Prof. USI Andrea&#8230;<\/p>\n","protected":false},"author":2,"featured_media":0,"parent":20139,"menu_order":0,"comment_status":"closed","ping_status":"closed","template":"","meta":[],"categories":[],"tags":[2501],"_links":{"self":[{"href":"https:\/\/centesimusannus-stg.catholica.va\/en\/wp-json\/wp\/v2\/pages\/23399"}],"collection":[{"href":"https:\/\/centesimusannus-stg.catholica.va\/en\/wp-json\/wp\/v2\/pages"}],"about":[{"href":"https:\/\/centesimusannus-stg.catholica.va\/en\/wp-json\/wp\/v2\/types\/page"}],"author":[{"embeddable":true,"href":"https:\/\/centesimusannus-stg.catholica.va\/en\/wp-json\/wp\/v2\/users\/2"}],"replies":[{"embeddable":true,"href":"https:\/\/centesimusannus-stg.catholica.va\/en\/wp-json\/wp\/v2\/comments?post=23399"}],"version-history":[{"count":2,"href":"https:\/\/centesimusannus-stg.catholica.va\/en\/wp-json\/wp\/v2\/pages\/23399\/revisions"}],"predecessor-version":[{"id":23461,"href":"https:\/\/centesimusannus-stg.catholica.va\/en\/wp-json\/wp\/v2\/pages\/23399\/revisions\/23461"}],"up":[{"embeddable":true,"href":"https:\/\/centesimusannus-stg.catholica.va\/en\/wp-json\/wp\/v2\/pages\/20139"}],"wp:attachment":[{"href":"https:\/\/centesimusannus-stg.catholica.va\/en\/wp-json\/wp\/v2\/media?parent=23399"}],"wp:term":[{"taxonomy":"category","embeddable":true,"href":"https:\/\/centesimusannus-stg.catholica.va\/en\/wp-json\/wp\/v2\/categories?post=23399"},{"taxonomy":"post_tag","embeddable":true,"href":"https:\/\/centesimusannus-stg.catholica.va\/en\/wp-json\/wp\/v2\/tags?post=23399"}],"curies":[{"name":"wp","href":"https:\/\/api.w.org\/{rel}","templated":true}]}}