{"id":23466,"date":"2025-05-05T09:56:22","date_gmt":"2025-05-05T07:56:22","guid":{"rendered":"https:\/\/centesimusannus-stg.catholica.va\/activities\/local\/switzerland\/31-maggio-convegno-2025-del-capitolo-di-lugano-fcapp\/"},"modified":"2025-05-27T22:22:14","modified_gmt":"2025-05-27T20:22:14","slug":"31-maggio-convegno-2025-del-capitolo-di-lugano-fcapp","status":"publish","type":"page","link":"https:\/\/centesimusannus-stg.catholica.va\/en\/activities\/local\/switzerland\/31-maggio-convegno-2025-del-capitolo-di-lugano-fcapp\/","title":{"rendered":"31 maggio. CONVEGNO 2025 DEL CAPITOLO DI LUGANO &#8211; FCAPP"},"content":{"rendered":"<p style=\"text-align: center;\">\n<p style=\"text-align: center;\"><strong>CONVEGNO 2025 DEL CAPITOLO DI LUGANO &#8211; FCAPP<\/strong><\/p>\n<p style=\"text-align: center;\"><strong>FINANZA &#8211; ECONOMIA &#8211; INTELLIGENZA ARTIFICIALE\u00a0<\/strong><strong>TRA RISCHI E OPPORTUNIT\u00c0<\/strong><\/p>\n<p style=\"text-align: center;\">Sabato 31 maggio &#8211; ore 09.30<\/p>\n<p style=\"text-align: center;\"><a href=\"https:\/\/ekma7.r.sp1-brevo.net\/mk\/cl\/f\/sh\/6rqJfgq8dISlUuQT1A0mO1ZLks4\/A4cGTKnNHid0\" target=\"_blank\" rel=\"nofollow noopener noreferrer\">La Masseria della Solidariet\u00e0 &#8211; Lugano-Cornaredo\u00a0<\/a><\/p>\n<p class=\"yiv6347248869MsoNormal\">Vi informiamo che\u00a0<b>SABATO 31 MAGGIO &#8211; ORE 09.30<\/b>, presso la Masseria della Solidariet\u00e0 si terr\u00e0 un interessante incontro organizzato dal\u00a0<b>Gruppo di Lugano\u00a0<\/b>della Fondazione Centesimus Annus Pro Pontifice dal titolo:<u><\/u><u><\/u><\/p>\n<p class=\"yiv6347248869MsoNormal\" align=\"center\"><u><\/u>\u00a0<u><\/u><\/p>\n<p class=\"yiv6347248869MsoNormal\" align=\"center\"><b>\u201c FINANZA &#8211; ECONOMIA &#8211; INTELLIGENZA ARTIFICIALE TRA RISCHI E OPPORTUNIT\u00c0\u201d<\/b><\/p>\n<p class=\"yiv6347248869MsoNormal\"><a href=\"https:\/\/centesimusannus-stg.catholica.va\/wp-content\/uploads\/2025\/05\/Invito-Convegno-31-maggio.pdf\" target=\"_blank\" rel=\"noopener\"><strong>In allegato la locandina dell\u2019evento<\/strong><\/a><\/p>\n<h3 style=\"text-align: justify;\"><strong>Biografie dei relatori<\/strong><\/h3>\n<h3 style=\"text-align: justify;\">Prof. Anna Valente<\/h3>\n<p style=\"text-align: justify;\">Anna Valente, Professore di Robotica industriale, ha conseguito un dottorato di ricerca in Tecnologie e sistemi di produzione presso il Politecnico di Milano e un post-dottorato in Interoperabilit\u00e0 per macchine e robot adattivi presso l\u2019Universit\u00e0 di Bath (Regno Unito).<br \/>\nDal 2006 collabora con importanti istituti di ricerca e portatori di interesse industriali attivi nella catena del valore nell\u2019industria manifatturiera. Responsabile del Laboratorio Automazione, Robotica e Macchine (ARM-Lab) presso l\u2019Istituto dei Sistemi e Tecnologie per la Produzione Sostenibile (ISTePS), Dipartimento di Tecnologie Innovative (DTI) della SUPSI. Dal 2012 coordina diversi progetti finanziati europei e nazionali in ambito di robotica e macchine che integrano processi di lavorazione avanzati.<br \/>\nNel 2019, premiata dalla Commissione Europea con gli insigni riconoscimenti Women-led innovations e Innovation Radar Prize.<br \/>\nEsperta valutatrice presso l&#8217;Agenzia Innosuisse e membro del Consiglio svizzero della scienza.<\/p>\n<p style=\"text-align: justify;\"><strong>Dr. Patrick Coggi<\/strong><\/p>\n<p style=\"text-align: justify;\">Patrick Coggi \u00e8 direttore generale di Banca del Ceresio SA. Ha conseguito un Master in scienze economiche alla London School of Economics e un Ph.D. presso l\u2019Universit\u00e0 di San Gallo. Prima di raggiungere Banca del Ceresio \u00e8 stato CEO di una banca privata basata a Lugano e Zurigo. Ha esperienze come COO, CIO, responsabile dell\u2019asset management e come gestore per la clientela istituzionale e privata. \u00c8 attualmente professore aggiunto di \u201cinternational finance and economics\u201d presso la Franklin University Switzerland ed ha avuto esperienze di ricerca e insegnamento in Svizzera e all\u2019estero. \u00c8 membro dei gruppi di esperti in digitalizzazione e normativa bancaria dell\u2019Associazione di Banche Svizzere di Gestione Patrimoniale ed Istituzionale, membro del Consiglio di Fondazione di LuganoMusica presso il LAC Lugano Arte e Cultura e delle Scuole Santa Maria.<\/p>\n<h3 style=\"text-align: justify;\"><strong>Marco D&#8217;Oro<\/strong><br \/>\n\u00ad<\/h3>\n<p style=\"text-align: justify;\">Marco D\u2019Oro \u00e8 un professionista con esperienza nel business development e nella consulenza su soluzioni IT avanzate, con un forte orientamento all\u2019innovazione e all\u2019integrazione tra tecnologia, etica e impresa.<\/p>\n<p style=\"text-align: justify;\">Oggi ricopre il ruolo di Business Development Manager presso SGR Compliance, dove supporta aziende e istituzioni finanziarie nell\u2019adozione di strumenti RegTech per la conformit\u00e0 normativa, l\u2019analisi dei rischi reputazionali e la due diligence.<\/p>\n<p style=\"text-align: justify;\">Il suo percorso include esperienze in realt\u00e0 come Vinci SA, focalizzata sulla consulenza ICT, e Albaufficio Srl, dove ha lavorato allo sviluppo e alla promozione di soluzioni tecnologiche per la trasformazione digitale dei processi aziendali.<\/p>\n<p style=\"text-align: justify;\">Appassionato di tecnologie emergenti, esplora le diverse applicazioni dell\u2019intelligenza artificiale in diversi contesti con un\u2019attenzione particolare agli impatti sociali ed etici.<\/p>\n<p style=\"text-align: justify;\">Cura la newsletter \u201cAML NEWS\u201d su LinkedIn e partecipa regolarmente a conferenze e tavole rotonde su compliance, AI e innovazione.<\/p>\n<p style=\"text-align: justify;\">Marco adotta un approccio multidisciplinare e collaborativo, capace di connettere esigenze operative con visioni strategiche, costruendo soluzioni efficaci e sostenibili.<\/p>\n<h4 style=\"text-align: justify;\">\u00ad<br \/>\n<strong>Fabio Poma<\/strong><br \/>\n\u00ad<\/h4>\n<p style=\"text-align: justify;\">Fabio Poma \u00e8 nato il 13.09.1960. \u00c9\u2019 sposato e padre di due figlie. Dopo una formazione commerciale e bancaria ha iniziato la sua attivit\u00e0 professionale presso il Credito Svizzero, nelle sedi di Lugano, Basilea, Zurigo e Ginevra. Specializzatosi nel trading di opzioni giapponesi ha svolto questa attivit\u00e0 per Morgan Grenfell Sec. Ginevra e due anni pi\u00f9 tardi per UBP Ginevra. Nel 1992 \u00e8 rientrato a Lugano presso una societ\u00e0 di gestione patrimoniale che ha lasciato dopo 9 anni per raggiungere, in qualit\u00e0 di Managing Director, la Wullschleger Martinenghi Manzini Gestione Patrimoniale dove lavora tutt\u2019ora. \u00c8 vice-presidente del Comitato Direttivo nazionale dell\u2019Associazione Svizzera dei Gestori Patrimoniali (ASG) e siede nel Souding Board di ASG Ticino. Al Centro di Studi Bancari Villa Negroni \u00e8 membro dell\u2019Advisory Board per l\u2019istituto di Formazione delle Professioni Fiduciarie (FTAF) come pure per l\u2019Asset Management \/ Trading. \u00c9 membro di comitato di Ticino For Finance (Associazione pubblica e privata per la promozione della piazza finanziaria ticinese. \u00c8 membro del Forum PMI a Berna (commissione extraparlamentare istituita dal Consiglio Federale).<\/p>\n<h4 style=\"text-align: justify;\">\u00ad<br \/>\n<strong>Prof. Markus Krienke<\/strong><br \/>\n\u00ad<\/h4>\n<p style=\"text-align: justify;\">Markus Krienke (1978) \u00e8 Professore ordinario di Filosofia moderna ed Etica sociale presso la Facolt\u00e0 di Teologia di Lugano e Direttore della Cattedra Rosmini. Inoltre insegna Antropologia filosofica alla Pontificia Universit\u00e0 Lateranense e Dottrina sociale della Chiesa alla Facolt\u00e0 teologica dell\u2019Italia Settentrionale di Milano. \u00c8 docente al Corso biennale in antropologia organizzativa presso la Pontificia Universit\u00e0 Antonianum a Roma, visiting professor in Scienze politiche all\u2019Universit\u00e0 di Messina e fa parte del master in Etica della pace, diritti e tutela della persona nei contesti formativi ed economico produttivi all\u2019Universit\u00e0 di Bari. Dopo aver conseguito il Dottorato e la Habilitation presso l\u2019Universit\u00e0 di Monaco (2003-2009), ha ottenuto un Master in Filosofia presso l\u2019Universit\u00e0 di Trento nel 2011, e nello stesso anno le Abilitazioni scientifiche italiane per Filosofia teoretica e Filosofia morale. \u00c8 membro dell\u2019Accademia Europea delle Scienze e delle Arti e del Comitato scientifico italiano della Fondazione Konrad Adenauer, nonch\u00e9 Senior Fellow del Centro Tocqueville-Acton. Fa parte del comitato scientifico di riviste accademiche e annuari (Anthropologica, Rivista Rosminiana di filosofia e di cultura, La Societ\u00e0) nonch\u00e9 della Fondazione Sciacca a Genova. Inoltre, \u00e8 socio dell\u2019Unione cristiana imprenditori e dirigenti (UCID) della Sezione Novara e vice presidente regionale in Lombardia, nonch\u00e9 socio fondatore dell\u2019Unione cristiana imprenditori ticinesi (UCIT). \u00c8 membro del comitato dell\u2019Osservatore Democratico a Massagno (Lugano), del comitato scientifico della Fondazione della Svizzera italiana per l\u2019Aiuto, il Sostegno e la Protezione dell\u2019Infanzia (ASPI), e dell\u2019Accademia di Studi Luterani in Italia (ASLI). Collabora con il giornale L\u2019Osservatore (Mendrisio), il Corriere del Ticino, la Radiotelevisione svizzera (RSI), Teleticino ed altri enti giornalistici. Nei suoi studi si occupa del pensiero di Antonio Rosmini, della metafisica nei tempi moderni.<\/p>\n<h3 style=\"text-align: justify;\">\u00ad<br \/>\n<strong>Biografia del moderatore<\/strong><br \/>\n<strong>Prof. Andrea Rocc<\/strong>i<\/h3>\n<p style=\"text-align: justify;\">Andrea Rocci \u00e8 professore ordinario di scienze del linguaggio e vicedirettore dell\u2019Istituto di argomentazione, linguistica e semiotica, co-dirige il Master of European Studies in Investor Relations and Financial Communication (ESIR), programma offerto da USI in collaborazione con l&#8217;Universit\u00e0 Cattolica di Milano.<\/p>\n<p style=\"text-align: justify;\">Dopo la laurea in lettere, ha studiato all&#8217;universit\u00e0 di Ginevra (DES en Analyse du Discours) e all&#8217;universit\u00e0 Cattolica di Milano dove ha conseguito un dottorato in scienze linguistiche.<\/p>\n<p style=\"text-align: justify;\">Ha pubblicato ampiamente nei campi dell&#8217;argomentazione, della pragmatica, della semantica e dell&#8217;analisi del discorso. Ha pubblicato una monografia sul rapporto tra semantica delle espressioni modali e argomentazione (Modality in Argumentation, Springer 2017) ed \u00e8 coautore (con Marcel Danesi) di un libro di testo sul contributo della linguistica alla comprensione interculturale (Global Linguistics, De Gruyter 2009). Ha curato, con Louis de Saussure, un volume enciclopedico sulla comunicazione verbale (Verbal Communication, De Gruyter 2016). Ha diretto\/sta dirigendo diversi progetti sull&#8217;argomentazione nei contesti del giornalismo, della comunicazione aziendale e della comunicazione finanziaria finanziati dal Fondo Nazionale Svizzero (FNS).<\/p>\n","protected":false},"excerpt":{"rendered":"<p>CONVEGNO 2025 DEL CAPITOLO DI LUGANO &#8211; FCAPP FINANZA &#8211; ECONOMIA &#8211; INTELLIGENZA ARTIFICIALE\u00a0TRA RISCHI E OPPORTUNIT\u00c0 Sabato 31 maggio &#8211; ore 09.30 La Masseria della Solidariet\u00e0 &#8211; Lugano-Cornaredo\u00a0 Vi informiamo che\u00a0SABATO 31 MAGGIO &#8211; ORE 09.30, presso la Masseria della Solidariet\u00e0 si terr\u00e0 un interessante incontro organizzato dal\u00a0Gruppo di Lugano\u00a0della Fondazione Centesimus Annus Pro Pontifice dal titolo: \u00a0 \u201c FINANZA &#8211; ECONOMIA &#8211; INTELLIGENZA ARTIFICIALE TRA RISCHI E OPPORTUNIT\u00c0\u201d In allegato la locandina dell\u2019evento Biografie dei relatori Prof. Anna Valente Anna Valente, Professore di Robotica industriale, ha conseguito un dottorato di ricerca in Tecnologie e sistemi di produzione presso&#8230;<\/p>\n","protected":false},"author":2,"featured_media":0,"parent":20139,"menu_order":0,"comment_status":"closed","ping_status":"closed","template":"","meta":[],"categories":[],"tags":[2501],"_links":{"self":[{"href":"https:\/\/centesimusannus-stg.catholica.va\/en\/wp-json\/wp\/v2\/pages\/23466"}],"collection":[{"href":"https:\/\/centesimusannus-stg.catholica.va\/en\/wp-json\/wp\/v2\/pages"}],"about":[{"href":"https:\/\/centesimusannus-stg.catholica.va\/en\/wp-json\/wp\/v2\/types\/page"}],"author":[{"embeddable":true,"href":"https:\/\/centesimusannus-stg.catholica.va\/en\/wp-json\/wp\/v2\/users\/2"}],"replies":[{"embeddable":true,"href":"https:\/\/centesimusannus-stg.catholica.va\/en\/wp-json\/wp\/v2\/comments?post=23466"}],"version-history":[{"count":2,"href":"https:\/\/centesimusannus-stg.catholica.va\/en\/wp-json\/wp\/v2\/pages\/23466\/revisions"}],"predecessor-version":[{"id":23831,"href":"https:\/\/centesimusannus-stg.catholica.va\/en\/wp-json\/wp\/v2\/pages\/23466\/revisions\/23831"}],"up":[{"embeddable":true,"href":"https:\/\/centesimusannus-stg.catholica.va\/en\/wp-json\/wp\/v2\/pages\/20139"}],"wp:attachment":[{"href":"https:\/\/centesimusannus-stg.catholica.va\/en\/wp-json\/wp\/v2\/media?parent=23466"}],"wp:term":[{"taxonomy":"category","embeddable":true,"href":"https:\/\/centesimusannus-stg.catholica.va\/en\/wp-json\/wp\/v2\/categories?post=23466"},{"taxonomy":"post_tag","embeddable":true,"href":"https:\/\/centesimusannus-stg.catholica.va\/en\/wp-json\/wp\/v2\/tags?post=23466"}],"curies":[{"name":"wp","href":"https:\/\/api.w.org\/{rel}","templated":true}]}}