{"id":23741,"date":"2025-05-20T08:34:40","date_gmt":"2025-05-20T06:34:40","guid":{"rendered":"https:\/\/centesimusannus-stg.catholica.va\/activities\/local\/switzerland\/22-maggio-2025-invito-allincontro-con-il-prof-lorenzo-cantoni\/"},"modified":"2025-05-20T08:40:17","modified_gmt":"2025-05-20T06:40:17","slug":"22-maggio-2025-invito-allincontro-con-il-prof-lorenzo-cantoni","status":"publish","type":"page","link":"https:\/\/centesimusannus-stg.catholica.va\/en\/activities\/local\/switzerland\/22-maggio-2025-invito-allincontro-con-il-prof-lorenzo-cantoni\/","title":{"rendered":"May 22nd, 2025. Meeting with Prof. Lorenzo Cantoni"},"content":{"rendered":"<p style=\"text-align: center;\"><strong>FONDAZIONE CENTESIMUS ANNUS PRO PONTIFICE<\/strong><\/p>\n<p style=\"text-align: center;\"><strong>Capitolo di Lugano<\/strong><\/p>\n<p style=\"text-align: center;\"><strong>Invito all&#8217;incontro con il Prof. Lorenzo Cantoni<\/strong><br \/>\n<strong>Professore Ordinario e Direttore dell&#8217;Istituto di Tecnologie Digitali per la Comunicazione &#8211; Facolt\u00e0 di Comunicazione, cultura e societ\u00e0 &#8211; USI<\/strong><\/p>\n<p>&nbsp;<\/p>\n<p>Gentili membri della Fondazione,<\/p>\n<p>Gentili interessati e simpatizzanti,<\/p>\n<p>Ho il piacere di invitarvi al prossimo incontro che si terr\u00e0:<\/p>\n<p style=\"text-align: center;\"><strong>GIOVED\u00cc 22 MAGGIO &#8211; ORE 12.00<\/strong><\/p>\n<p style=\"text-align: center;\"><strong>presso il Gran Caf\u00e9 Al Porto &#8211; Lugano<\/strong><\/p>\n<p style=\"text-align: center;\"><strong>(Via Pessina 3)<\/strong><\/p>\n<p>secondo il seguente programma:<\/p>\n<p>Saluti di benvenuto: Alessandro Simoneschi;<\/p>\n<p>Meditazione introduttiva a cura di Don Emanuele Di Marco, docente di Teologia pastorale alla Facolt\u00e0 di Teologia di Lugano (USI) e assistente ecclesiastico del Capitolo di Lugano;<\/p>\n<p>Intervento del Prof. Lorenzo Cantoni, sul tema:<\/p>\n<p style=\"text-align: center;\"><strong>APPLICAZIONI CONCRETE<\/strong><\/p>\n<p style=\"text-align: center;\"><strong>DELLA INTELLIGENZA ARTIFICIALE GENERATIVA<\/strong><\/p>\n<p style=\"text-align: center;\"><strong>ALLA LUCE DELLE INDICAZIONI DI PAPA FRANCESCO<\/strong><\/p>\n<p>Vi ricordo che per facilitare lo svolgimento del nostro incontro, \u00e8 previsto un menu pagabile sul posto al termine del pranzo.<\/p>\n<p>Vi sarei quindi assai grato se poteste confermare la vostra presenza entro mercoled\u00ec 21 maggio al seguente indirizzo:<\/p>\n<p style=\"text-align: center;\"><strong>centesimusannuslugano@gmail.com\u00a0<\/strong><\/p>\n<p>In ragione delle condizioni del Gran Caf\u00e9 al Porto, le iscrizioni sono vincolanti.<\/p>\n<p><a href=\"https:\/\/centesimusannus-stg.catholica.va\/wp-content\/uploads\/2025\/05\/2025_3_AGIREOLTREICONFINI-1.pdf\" target=\"_blank\" rel=\"noopener\">In allegato potete trovare il testo della meditazione di <strong>Don Emanuele Di Marco<\/strong> <\/a>svolta durante il nostro ultimo incontro mentre al seguente link potete scaricare il testo della relazione di <strong>Mons. Giordano Piccinotti Presidente dell&#8217;APSA<\/strong> sul tema <a href=\"https:\/\/centesimusannus-stg.catholica.va\/wp-content\/uploads\/2025\/05\/FCAPP_Lugano-29-03-25-1.pdf\" target=\"_blank\" rel=\"noopener\"><strong>&#8220;Agire oltre i confini: Per un impegno laicale nella tessitura di una nuova rete solidale&#8221;.<\/strong><\/a><\/p>\n<p>Vi ringrazio e vi saluto cordialmente.<\/p>\n<p>Alessandro Simoneschi<\/p>\n<p>Referente del Capitolo di Lugano della Fondazione Centesimus Annus Pro Pontifice (FCAPP)<\/p>\n","protected":false},"excerpt":{"rendered":"<p>FONDAZIONE CENTESIMUS ANNUS PRO PONTIFICE Capitolo di Lugano Invito all&#8217;incontro con il Prof. Lorenzo Cantoni Professore Ordinario e Direttore dell&#8217;Istituto di Tecnologie Digitali per la Comunicazione &#8211; Facolt\u00e0 di Comunicazione, cultura e societ\u00e0 &#8211; USI &nbsp; Gentili membri della Fondazione, Gentili interessati e simpatizzanti, Ho il piacere di invitarvi al prossimo incontro che si terr\u00e0: GIOVED\u00cc 22 MAGGIO &#8211; ORE 12.00 presso il Gran Caf\u00e9 Al Porto &#8211; Lugano (Via Pessina 3) secondo il seguente programma: Saluti di benvenuto: Alessandro Simoneschi; Meditazione introduttiva a cura di Don Emanuele Di Marco, docente di Teologia pastorale alla Facolt\u00e0 di Teologia di Lugano&#8230;<\/p>\n","protected":false},"author":2,"featured_media":0,"parent":20139,"menu_order":0,"comment_status":"closed","ping_status":"closed","template":"","meta":[],"categories":[],"tags":[2501],"_links":{"self":[{"href":"https:\/\/centesimusannus-stg.catholica.va\/en\/wp-json\/wp\/v2\/pages\/23741"}],"collection":[{"href":"https:\/\/centesimusannus-stg.catholica.va\/en\/wp-json\/wp\/v2\/pages"}],"about":[{"href":"https:\/\/centesimusannus-stg.catholica.va\/en\/wp-json\/wp\/v2\/types\/page"}],"author":[{"embeddable":true,"href":"https:\/\/centesimusannus-stg.catholica.va\/en\/wp-json\/wp\/v2\/users\/2"}],"replies":[{"embeddable":true,"href":"https:\/\/centesimusannus-stg.catholica.va\/en\/wp-json\/wp\/v2\/comments?post=23741"}],"version-history":[{"count":2,"href":"https:\/\/centesimusannus-stg.catholica.va\/en\/wp-json\/wp\/v2\/pages\/23741\/revisions"}],"predecessor-version":[{"id":23745,"href":"https:\/\/centesimusannus-stg.catholica.va\/en\/wp-json\/wp\/v2\/pages\/23741\/revisions\/23745"}],"up":[{"embeddable":true,"href":"https:\/\/centesimusannus-stg.catholica.va\/en\/wp-json\/wp\/v2\/pages\/20139"}],"wp:attachment":[{"href":"https:\/\/centesimusannus-stg.catholica.va\/en\/wp-json\/wp\/v2\/media?parent=23741"}],"wp:term":[{"taxonomy":"category","embeddable":true,"href":"https:\/\/centesimusannus-stg.catholica.va\/en\/wp-json\/wp\/v2\/categories?post=23741"},{"taxonomy":"post_tag","embeddable":true,"href":"https:\/\/centesimusannus-stg.catholica.va\/en\/wp-json\/wp\/v2\/tags?post=23741"}],"curies":[{"name":"wp","href":"https:\/\/api.w.org\/{rel}","templated":true}]}}