{"id":24321,"date":"2025-09-30T17:05:31","date_gmt":"2025-09-30T15:05:31","guid":{"rendered":"https:\/\/centesimusannus-stg.catholica.va\/courses\/catholic-social-teaching-courses\/corso-in-dsc-2025\/"},"modified":"2025-09-30T17:16:57","modified_gmt":"2025-09-30T15:16:57","slug":"2025-course","status":"publish","type":"page","link":"https:\/\/centesimusannus-stg.catholica.va\/en\/courses\/catholic-social-teaching-courses\/2025-course\/","title":{"rendered":"CORSO IN DSC 2025"},"content":{"rendered":"<p>Una nuova edizione avr\u00e0 inizio durante il 2025 (gennaio-marzo).<\/p>\n<p>Il metodo si compone di tre livelli di apprendimento:<\/p>\n<ol>\n<li>Quello di <strong>approfondimento e aggiornamento<\/strong> teoretico, lasciandoci interrogare dalle riflessioni di specialisti nei principali campi culturali, politici, sociali ed economici. Partendo dal carattere <em>dinamico<\/em> delle questioni sociali: quali sono le grandi sfide attuali? Cosa ci dicono gli specialisti in ogni campo? Si prevedono anche testimonianze di rappresentanti del mondo imprenditoriale e professionale.<\/li>\n<li>Quello induttivo. Ogni partecipante \u00e8 invitato a confrontare le proprie esperienze accumulate, personali, professionali e cristiane con quanto espresso dagli accademici e dagli esperti intervenuti. Si tratta di ascoltare la realt\u00e0, la propria e quella degli altri, come cammino di appropriazione e impegno sociale, incarnando l\u2019invito dei documenti sociali della DSC: \u00abvedere, giudicare, agire\u00bb.<\/li>\n<li>Quello di <strong>sapienza comunitaria<\/strong>. Dove partendo dal principio evangelico (Mt. 18, 20) si potr\u00e0 sviluppare un vero senso di fraternit\u00e0 e comunit\u00e0, per sperimentare che il bene che si condivide non si perde, ma si moltiplica: in reti di collaborazioni ed impegni, in percorsi di amicizie spirituali e sociali.<\/li>\n<\/ol>\n<p>Gli incontri prevedono sei moduli, di cui quattro residenziali e due in modalit\u00e0 <em>on line<\/em>, concepiti come percorsi formativi orientati allo sviluppo umano integrale ed all\u2019amicizia e cooperazione sociale.<\/p>\n<p>I quattro appuntamenti residenziali a Roma hanno come sede la <a href=\"https:\/\/www.casabonuspastor.com\/\" target=\"_blank\" rel=\"noopener\" data-cmp-ab=\"2\"><br \/>\n<strong>Casa Bonus Pastor<\/strong><br \/>\n<\/a>, Via Aurelia 208, Roma, e si svolgono di sabato dalle 09:30 alle 17:30. Gli incontri <em>on line<\/em> si terranno dalle ore 18:30 alle ore 20:00.<\/p>\n<p>I momenti previsti in ogni incontro sono cos\u00ec organizzati: relazioni di specialisti nei diversi campi della DSC e rappresentanti del mondo economico, finanziario e sociale. Dialoghi aperti e discussione. Pranzo libero. Lavori di gruppo.<\/p>\n<p>Si spera che a partire da ogni corso possa svilupparsi una rete di cooperazione sociale capace di incidere e trasformare il proprio campo personale, professionale e sociale.<\/p>\n<p>Al termine del corso si consegner\u00e0 un <strong>attestato di partecipazione<\/strong> firmato dalla Presidente della Fondazione <em>Centesimus<\/em> <em>Annus<\/em> e dal Direttore Scientifico del corso.<\/p>\n<p>Le date previste per le quattro giornate <strong>residenziali<\/strong> (sabato) sono: <strong>18 gennaio 2025; 1\u00b0 febbraio 2025; 15 febbraio 2025 ed il 1\u00b0 marzo 2025.<\/strong><\/p>\n<p>Le date per i due incontri a distanza (<strong><br \/>\n<em>on line)<\/em><br \/>\n<\/strong> sono: <strong>marted\u00ec 11 febbraio 2025 e marted\u00ec 25 febbraio 2025.<\/strong><\/p>\n<p>Il Direttore Scientifico del corso \u00e8 il Prof. Mons. Guy-R\u00e9al Thivierge, insieme al Prof. Maximiliano LLanes.<\/p>\n<p class=\"yiv1390313917MsoListParagraph\"><a href=\"https:\/\/centesimusannus-stg.catholica.va\/wp-content\/uploads\/2024\/11\/6-nov-Programma-Corso-in-ISC-2025.pdf\" target=\"_blank\" rel=\"noopener\"><strong>Programma del corso<\/strong><\/a><\/p>\n<p><a href=\"https:\/\/centesimusannus-stg.catholica.va\/wp-content\/uploads\/2024\/11\/LETTERA-DIRETTORE-SCIENTIFICO-ISC-2025_Modificata_08_11_24.pdf\" target=\"_blank\" rel=\"noopener\"><strong>Lettera del Direttore Scientifico<\/strong><\/a><\/p>\n<p><a href=\"https:\/\/centesimusannus-stg.catholica.va\/wp-content\/uploads\/2024\/11\/7-nov-24Scheda-iscrizione-Corso-DSC-2024_30_10_24-update-6.11.24-1-2.pdf\" target=\"_blank\" rel=\"noopener\"><strong>Scheda d\u2019iscrizione<\/strong><\/a><\/p>\n<p><a href=\"https:\/\/centesimusannus-stg.catholica.va\/wp-content\/uploads\/2025\/02\/Beccalli_DSC-2025-F-1.pdf\" target=\"_blank\" rel=\"noopener\">SFIDE DELL\u2019ECONOMIA E DELLA FINANZA. VERSO UNO SVILUPPO INCLUSIVO. Elena Beccalli, Rettore, Universit\u00e0 Cattolica del Sacro Cuore. <\/a><\/p>\n","protected":false},"excerpt":{"rendered":"<p>Una nuova edizione avr\u00e0 inizio durante il 2025 (gennaio-marzo). Il metodo si compone di tre livelli di apprendimento: Quello di approfondimento e aggiornamento teoretico, lasciandoci interrogare dalle riflessioni di specialisti nei principali campi culturali, politici, sociali ed economici. Partendo dal carattere dinamico delle questioni sociali: quali sono le grandi sfide attuali? Cosa ci dicono gli specialisti in ogni campo? Si prevedono anche testimonianze di rappresentanti del mondo imprenditoriale e professionale. Quello induttivo. Ogni partecipante \u00e8 invitato a confrontare le proprie esperienze accumulate, personali, professionali e cristiane con quanto espresso dagli accademici e dagli esperti intervenuti. Si tratta di ascoltare la&#8230;<\/p>\n","protected":false},"author":1,"featured_media":0,"parent":15478,"menu_order":0,"comment_status":"closed","ping_status":"closed","template":"","meta":[],"categories":[],"tags":[],"_links":{"self":[{"href":"https:\/\/centesimusannus-stg.catholica.va\/en\/wp-json\/wp\/v2\/pages\/24321"}],"collection":[{"href":"https:\/\/centesimusannus-stg.catholica.va\/en\/wp-json\/wp\/v2\/pages"}],"about":[{"href":"https:\/\/centesimusannus-stg.catholica.va\/en\/wp-json\/wp\/v2\/types\/page"}],"author":[{"embeddable":true,"href":"https:\/\/centesimusannus-stg.catholica.va\/en\/wp-json\/wp\/v2\/users\/1"}],"replies":[{"embeddable":true,"href":"https:\/\/centesimusannus-stg.catholica.va\/en\/wp-json\/wp\/v2\/comments?post=24321"}],"version-history":[{"count":2,"href":"https:\/\/centesimusannus-stg.catholica.va\/en\/wp-json\/wp\/v2\/pages\/24321\/revisions"}],"predecessor-version":[{"id":24324,"href":"https:\/\/centesimusannus-stg.catholica.va\/en\/wp-json\/wp\/v2\/pages\/24321\/revisions\/24324"}],"up":[{"embeddable":true,"href":"https:\/\/centesimusannus-stg.catholica.va\/en\/wp-json\/wp\/v2\/pages\/15478"}],"wp:attachment":[{"href":"https:\/\/centesimusannus-stg.catholica.va\/en\/wp-json\/wp\/v2\/media?parent=24321"}],"wp:term":[{"taxonomy":"category","embeddable":true,"href":"https:\/\/centesimusannus-stg.catholica.va\/en\/wp-json\/wp\/v2\/categories?post=24321"},{"taxonomy":"post_tag","embeddable":true,"href":"https:\/\/centesimusannus-stg.catholica.va\/en\/wp-json\/wp\/v2\/tags?post=24321"}],"curies":[{"name":"wp","href":"https:\/\/api.w.org\/{rel}","templated":true}]}}