{"id":24338,"date":"2025-10-06T12:42:42","date_gmt":"2025-10-06T10:42:42","guid":{"rendered":"https:\/\/centesimusannus-stg.catholica.va\/activities\/local\/italy\/trento\/24334-2\/"},"modified":"2025-10-06T12:49:35","modified_gmt":"2025-10-06T10:49:35","slug":"24334-2","status":"publish","type":"page","link":"https:\/\/centesimusannus-stg.catholica.va\/en\/activities\/local\/italy\/trento\/24334-2\/","title":{"rendered":"October, 23rd, 2025. Land-use planning in light of the Social Doctrine of the Church"},"content":{"rendered":"<p>Carissime\/i,<u><\/u><u><\/u><\/p>\n<p>ritornano gli appuntamenti del nostro Gruppo con un incontro dedicato alla\u00a0<b>Pianificazione del territorio alla luce della Dottrina Sociale della Chiesa, previsto per gioved\u00ec 23 ottobre 2025, ad ore 18.00 presso la sala conferenze di ISA Spa a Trento.<\/b><u><\/u><u><\/u><\/p>\n<p>Periodicamente i fatti di cronaca descrivono situazioni nelle quali scelte urbanistiche, libert\u00e0 dell\u2019iniziativa privata e ricerca del bene comune appaiono sbilanciate o sommariamente integrate, provocando discussioni, tensioni e talvolta risvolti giudiziari.<u><\/u><u><\/u><\/p>\n<p>Il territorio infatti non \u00e8 soltanto uno spazio da organizzare al fine di trarre il massimo valore economico, ma il luogo dove le comunit\u00e0 vivono, si riconoscono e crescono.<u><\/u><u><\/u><\/p>\n<p>Anche la Dottrina Sociale della Chiesa ci ricorda che ogni pianificazione deve tener conto della dignit\u00e0 della persona e delle esigenze delle famiglie, evitando di ridurre il suolo a mera risorsa economica.<u><\/u><u><\/u><\/p>\n<p>Il dialogo con l\u2019iniziativa privata rimane certamente essenziale: l\u2019impresa, nel perseguire i propri legittimi e doverosi fini commerciali ed economici, pu\u00f2 trarre molteplici vantaggi nell\u2019essere alleata dello sviluppo sostenibile e solidale, oggi pi\u00f9 di un tempo.<u><\/u><u><\/u><\/p>\n<p>Urbanistica e politica, se orientate al bene comune, diventano, inoltre, strumenti di giustizia e di coesione sociale. La sfida \u00e8 bilanciare crescita, tutela dell\u2019ambiente e giustizia intergenerazionale. Pianificare il territorio significa, infatti, progettare il futuro delle persone, non solo delle citt\u00e0. \u00c8 quindi un atto etico, oltre che tecnico, che interpella tutti: istituzioni, imprese, cittadini e comunit\u00e0 di fede.<u><\/u><u><\/u><\/p>\n<p>Ci aiuteranno a riflettere su questi temi Luisella Codolo, architetto e gi\u00e0 dirigente del Comune di Trento per l\u2019Urbanistica e l\u2019Ambiente e don Bruno Tomasi, teologo, parroco e nostro assistente.<u><\/u><u><\/u><\/p>\n<p>Come sempre vi chiedo di estendere l\u2019invito a persone che potrebbero essere interessate al tema e vi aspetto numerose\/i!<u><\/u><u><\/u><\/p>\n<p>Un caro saluto,<\/p>\n<p>Luca Filagrana<u><\/u><u><\/u><\/p>\n<p>Referente per il Trentino AA della FCAPP<\/p>\n<p><img class=\"wp-image-24335 aligncenter lazyload\" src=\"data:image\/gif;base64,R0lGODlhAQABAIAAAAAAAP\/\/\/yH5BAEAAAAALAAAAAABAAEAAAIBRAA7\" data-src=\"https:\/\/centesimusannus-stg.catholica.va\/wp-content\/uploads\/2025\/10\/SAVE-THE-DATE-23-OTTOBRE-2025-300x208.jpg\" alt=\"\" width=\"513\" height=\"356\" data-srcset=\"https:\/\/centesimusannus-stg.catholica.va\/wp-content\/uploads\/2025\/10\/SAVE-THE-DATE-23-OTTOBRE-2025-300x208.jpg 300w, https:\/\/centesimusannus-stg.catholica.va\/wp-content\/uploads\/2025\/10\/SAVE-THE-DATE-23-OTTOBRE-2025-1024x708.jpg 1024w, https:\/\/centesimusannus-stg.catholica.va\/wp-content\/uploads\/2025\/10\/SAVE-THE-DATE-23-OTTOBRE-2025-768x531.jpg 768w, https:\/\/centesimusannus-stg.catholica.va\/wp-content\/uploads\/2025\/10\/SAVE-THE-DATE-23-OTTOBRE-2025-1536x1063.jpg 1536w, https:\/\/centesimusannus-stg.catholica.va\/wp-content\/uploads\/2025\/10\/SAVE-THE-DATE-23-OTTOBRE-2025-2048x1417.jpg 2048w\" sizes=\"(max-width: 513px) 100vw, 513px\" \/><noscript><img class=\"wp-image-24335 aligncenter lazyload\" src=\"https:\/\/centesimusannus-stg.catholica.va\/wp-content\/uploads\/2025\/10\/SAVE-THE-DATE-23-OTTOBRE-2025-300x208.jpg\" alt=\"\" width=\"513\" height=\"356\" srcset=\"https:\/\/centesimusannus-stg.catholica.va\/wp-content\/uploads\/2025\/10\/SAVE-THE-DATE-23-OTTOBRE-2025-300x208.jpg 300w, https:\/\/centesimusannus-stg.catholica.va\/wp-content\/uploads\/2025\/10\/SAVE-THE-DATE-23-OTTOBRE-2025-1024x708.jpg 1024w, https:\/\/centesimusannus-stg.catholica.va\/wp-content\/uploads\/2025\/10\/SAVE-THE-DATE-23-OTTOBRE-2025-768x531.jpg 768w, https:\/\/centesimusannus-stg.catholica.va\/wp-content\/uploads\/2025\/10\/SAVE-THE-DATE-23-OTTOBRE-2025-1536x1063.jpg 1536w, https:\/\/centesimusannus-stg.catholica.va\/wp-content\/uploads\/2025\/10\/SAVE-THE-DATE-23-OTTOBRE-2025-2048x1417.jpg 2048w\" sizes=\"(max-width: 513px) 100vw, 513px\" \/><\/noscript><\/p>\n","protected":false},"excerpt":{"rendered":"<p>Carissime\/i, ritornano gli appuntamenti del nostro Gruppo con un incontro dedicato alla\u00a0Pianificazione del territorio alla luce della Dottrina Sociale della Chiesa, previsto per gioved\u00ec 23 ottobre 2025, ad ore 18.00 presso la sala conferenze di ISA Spa a Trento. Periodicamente i fatti di cronaca descrivono situazioni nelle quali scelte urbanistiche, libert\u00e0 dell\u2019iniziativa privata e ricerca del bene comune appaiono sbilanciate o sommariamente integrate, provocando discussioni, tensioni e talvolta risvolti giudiziari. Il territorio infatti non \u00e8 soltanto uno spazio da organizzare al fine di trarre il massimo valore economico, ma il luogo dove le comunit\u00e0 vivono, si riconoscono e crescono. Anche&#8230;<\/p>\n","protected":false},"author":2,"featured_media":0,"parent":14975,"menu_order":0,"comment_status":"closed","ping_status":"closed","template":"","meta":[],"categories":[],"tags":[3464,3462],"_links":{"self":[{"href":"https:\/\/centesimusannus-stg.catholica.va\/en\/wp-json\/wp\/v2\/pages\/24338"}],"collection":[{"href":"https:\/\/centesimusannus-stg.catholica.va\/en\/wp-json\/wp\/v2\/pages"}],"about":[{"href":"https:\/\/centesimusannus-stg.catholica.va\/en\/wp-json\/wp\/v2\/types\/page"}],"author":[{"embeddable":true,"href":"https:\/\/centesimusannus-stg.catholica.va\/en\/wp-json\/wp\/v2\/users\/2"}],"replies":[{"embeddable":true,"href":"https:\/\/centesimusannus-stg.catholica.va\/en\/wp-json\/wp\/v2\/comments?post=24338"}],"version-history":[{"count":4,"href":"https:\/\/centesimusannus-stg.catholica.va\/en\/wp-json\/wp\/v2\/pages\/24338\/revisions"}],"predecessor-version":[{"id":24345,"href":"https:\/\/centesimusannus-stg.catholica.va\/en\/wp-json\/wp\/v2\/pages\/24338\/revisions\/24345"}],"up":[{"embeddable":true,"href":"https:\/\/centesimusannus-stg.catholica.va\/en\/wp-json\/wp\/v2\/pages\/14975"}],"wp:attachment":[{"href":"https:\/\/centesimusannus-stg.catholica.va\/en\/wp-json\/wp\/v2\/media?parent=24338"}],"wp:term":[{"taxonomy":"category","embeddable":true,"href":"https:\/\/centesimusannus-stg.catholica.va\/en\/wp-json\/wp\/v2\/categories?post=24338"},{"taxonomy":"post_tag","embeddable":true,"href":"https:\/\/centesimusannus-stg.catholica.va\/en\/wp-json\/wp\/v2\/tags?post=24338"}],"curies":[{"name":"wp","href":"https:\/\/api.w.org\/{rel}","templated":true}]}}